{"id":879,"date":"2015-10-30T09:27:40","date_gmt":"2015-10-30T09:27:40","guid":{"rendered":"http:\/\/turismo.aielodemalferit.es\/?page_id=879"},"modified":"2022-09-02T07:19:47","modified_gmt":"2022-09-02T07:19:47","slug":"politica-de-cookies","status":"publish","type":"page","link":"https:\/\/turismo.aielodemalferit.es\/es\/politica-de-cookies\/","title":{"rendered":"Pol\u00edtica de cookies"},"content":{"rendered":"\n<p><strong><em>Esta p\u00e1gina web es propiedad de <strong><em>AIELO DE MALFERIT<\/em><\/strong>. El hecho de acceder a esta p\u00e1gina implica el conocimiento y aceptaci\u00f3n de la pol\u00edtica de privacidad. En cumplimiento del art\u00edculo 10 de la Ley 34\/2002, de 11 de julio, de Servicios de la Sociedad de la Informaci\u00f3n y Comercio Electr\u00f3nico (LSSI) se exponen los datos identificativos.<\/em><\/strong><\/p>\n\n\n\n<h2 class=\"wp-block-heading\">\u00bfQu\u00e9 son las cookies?<\/h2>\n\n\n\n<p>Una cookie es un fichero que se descarga en tu ordenador o terminal al acceder a nuestra p\u00e1gina web. Las cookies nos permiten, entre otras cosas, almacenar y recuperar informaci\u00f3n sobre los h\u00e1bitos de navegaci\u00f3n de un usuario o de su equipo y, dependiendo de la informaci\u00f3n que contengan y de la forma en que utilice su equipo, pueden utilizarse para reconocer al usuario.<\/p>\n\n\n\n<h2 class=\"wp-block-heading\">\u00bfCu\u00e1les son las principales caracter\u00edsticas de una cookie?<\/h2>\n\n\n\n<ul><li>Cookies propias: Son aqu\u00e9llas que enviamos a tu ordenador o terminal desde nuestra p\u00e1gina web.<\/li><li>Cookies de tercero: Son aqu\u00e9llas que se env\u00edan a tu ordenador o terminal desde un dominio o una pagina web que no es gestionada por nosotros, sino por otra entidad que trata los datos obtenidos trav\u00e9s de las cookies.<\/li><li>Cookies persistentes: son aquellas en las que los datos siguen almacenados en el terminal y a los que se puede acceder y tratar durante un periodo definido por el responsable de la cookie, y que puede ir de unos minutos a varios a\u00f1os<\/li><li>Cookies de sesi\u00f3n: son aquellas dise\u00f1adas para recabar y almacenar datos mientras el usuario accede a una p\u00e1gina web. Se suelen emplear para almacenar informaci\u00f3n que solo interesa conservar para la prestaci\u00f3n del servicio solicitado por el usuario en una sola ocasi\u00f3n.<\/li><\/ul>\n\n\n\n<h2 class=\"wp-block-heading\">Las cookies utilizadas en www.aielodemalferit.es son:<\/h2>\n\n\n\n<p>A partir de la opci\u00f3n que tome acerca del uso de cookies en este sitio web, se le enviar\u00e1 una <strong>cookie adicional <\/strong>para salvaguardar su elecci\u00f3n y que no tenga que aceptar el uso de cookies cada vez que acceda a nuestra web. El objetivo de esta lista de cookies es ayudarle a reconocer las cookies almacenadas en su navegador cuando visita nuestra web o cuando ve nuestros anuncios en otros sitios. Hemos intentado incluir todas las cookies que utilizamos tanto nosotros como nuestros socios tecnol\u00f3gicos, pero tenga en cuenta que a veces podemos retrasarnos al actualizar la lista. Si observa alguna discrepancia o cree que falta alguna cookie, no dude en dec\u00edrnoslo.<\/p>\n\n\n\n<h2 class=\"wp-block-heading\">Cookies estrictamente necesarias<\/h2>\n\n\n\n<p>Algunas cookies son indispensables para poder proveer funcionalidades b\u00e1sicas. Este sitio web no podr\u00e1 funcionar correctamente sin que se habiliten estas cookies. Est\u00e1s cookies est\u00e1n habilitadas por defecto y no pueden deshabilitarse.<\/p>\n\n\n\n<table class=\"tabla-datos-cookies\" aria-labelledby=\"ch2-catlbl-marketing\" aria-describedby=\"ch2-catdesc-marketing\">\n<thead>\n<tr>\n<th>nombre<\/th>\n<th>nombre de equipo<\/th>\n<th>ruta<\/th>\n<th>expiraci\u00f3n<\/th>\n<\/tr>\n<\/thead>\n<tbody>\n<tr>\n<td>wp-wpml_current_language<\/td>\n<td>www.aielodemalferit.es<\/td>\n<td>\/<\/td>\n<td>Sesi\u00f3n<\/td>\n<\/tr>\n<tr>\n<td colspan=\"4\">Esta cookie almacena la selecci\u00f3n del idioma del usuario en la p\u00e1gina web.<\/td>\n<\/tr>\n<\/tbody>\n<\/table>\n\n\n\n<h2 class=\"wp-block-heading\">Cookies de preferencias o personalizaci\u00f3n<\/h2>\n\n\n\n<p>Las cookies de preferencias le permiten al sitio web guardar informaci\u00f3n para personalizar c\u00f3mo es que el sitio web se ve y se comporta para cada usuario. Esto puede incluir informaci\u00f3n como el tipo de moneda, regi\u00f3n, idioma, paleta de colores, y otras preferencias que cada usuario ha seleccionado para el sitio web.<\/p>\n\n\n\n<p>No hay cookies de preferencias o personalizaci\u00f3n.<\/p>\n\n\n\n<h2 class=\"wp-block-heading\">Cookies de an\u00e1lisis o medici\u00f3n<\/h2>\n\n\n\n<p>Las cookies anal\u00edticas nos ayudan a mejorar nuestro sitio web recolectando y reportando informaci\u00f3n sobre su utilizaci\u00f3n.<\/p>\n\n\n\n<p>No hay cookies de an\u00e1lisis.<\/p>\n\n\n\n<h2 class=\"wp-block-heading\">\u00bfEs seguro habilitar las cookies? \u2013 Informaci\u00f3n adicional<\/h2>\n\n\n\n<p>S\u00ed. Tenga en cuenta que las cookies no pueden da\u00f1ar su equipo. Las cookies son \u00fanicamente peque\u00f1as secuencias de datos que no pueden realizar ninguna operaci\u00f3n por s\u00ed mismas. Como garant\u00eda complementaria a las anteriormente descritas, el registro de las cookies podr\u00e1 estar sujeto a su aceptaci\u00f3n durante la instalaci\u00f3n o puesta al d\u00eda del navegador usado, y esta aceptaci\u00f3n puede en todo momento ser revocada mediante las opciones de configuraci\u00f3n de contenidos y privacidad disponibles. Si desea obtener informaci\u00f3n general sobre las cookies y sobre c\u00f3mo gestionarlas acceda a la gu\u00eda de cookies elaborada por Adigital, Autocontrol e IAB junto con la Agencia Espa\u00f1ola de protecci\u00f3n de datos<\/p>\n\n\n\n<p>. Tenga en cuenta que no somos responsables del contenido de sitios web externos.<\/p>\n\n\n\n<p>Le informamos que en el caso de bloquear o no aceptar la instalaci\u00f3n de cookies, es posible que ciertos servicios\/contenido no est\u00e9n disponibles sin la utilizaci\u00f3n de \u00e9stas o que no pueda aprovechar por completo todo lo que este sitio web le ofrece.<\/p>\n\n\n\n<h2 class=\"wp-block-heading\">Administraci\u00f3n de cookies \u2013 \u00bfc\u00f3mo desactivarlas?<\/h2>\n\n\n\n<p>Todos los navegadores permiten hacer cambios que permiten desactivar la configuraci\u00f3n de las cookies. Estos ajustes se encuentran ubicados en las \u00abopciones\u00bb o \u00abpreferencias\u00bb del men\u00fa de su navegador. A continuaci\u00f3n podr\u00e1 encontrar los links de cada navegador para deshabilitar las cookies siguiendo las instrucciones:<\/p>\n\n\n\n<ul><li><a href=\"https:\/\/support.google.com\/chrome\/answer\/95647?hl=es\" target=\"_blank\" rel=\"noreferrer noopener\">Google Chrome<\/a><\/li><li><a href=\"https:\/\/support.mozilla.org\/es\/kb\/habilitar-y-deshabilitar-cookies-sitios-web-rastrear-preferencias\" target=\"_blank\" rel=\"noreferrer noopener\">Mozilla Firefox<\/a><\/li><li><a href=\"https:\/\/support.microsoft.com\/es-es\/windows\/eliminar-y-administrar-cookies-168dab11-0753-043d-7c16-ede5947fc64d\" target=\"_blank\" rel=\"noreferrer noopener\">Internet Explorer<\/a><\/li><li><a href=\"http:\/\/www.apple.com\/es\/privacy\/use-of-cookies\/\" target=\"_blank\" rel=\"noreferrer noopener\">Safari<\/a><\/li><li><a href=\"http:\/\/help.opera.com\/Windows\/12.00\/es-ES\/cookies.html\" target=\"_blank\" rel=\"noreferrer noopener\">Opera<\/a><\/li><\/ul>\n\n\n\n<p>Recuerde que ciertas funciones y la plena funcionalidad del Sitio pueden no estar disponibles despu\u00e9s de deshabilitar los cookies.<\/p>\n\n\n\n<p>Si desea no ser rastreado por las cookies, Google ha desarrollado un complemento para instalar en su navegador al que puede acceder en el siguiente enlace: <a href=\"http:\/\/goo.gl\/up4ND\">http:\/\/goo.gl\/up4ND<\/a>.<\/p>\n\n\n\n<h2 class=\"wp-block-heading\">Cookies en los dispositivos m\u00f3viles:<\/h2>\n\n\n\n<p>El Sitio web tambi\u00e9n usa cookies u otros dispositivos de almacenamiento en dispositivos m\u00f3viles. En este caso, al igual que sucede en los navegadores de ordenadores, los navegadores de los dispositivos m\u00f3viles permiten configurar las opciones o ajustes de privacidad para desactivar o eliminar las cookies.<\/p>\n\n\n\n<p>Si desea modificar las opciones de privacidad siga las instrucciones especificadas por el desarrollador de su navegador para dispositivo m\u00f3vil.<\/p>\n\n\n\n<p>Asimismo, aqu\u00ed encontrar\u00e1 algunos ejemplos de los links que le guiar\u00e1n para modificar las opciones de privacidad en su dispositivo m\u00f3vil:<\/p>\n\n\n\n<ul><li><a href=\"http:\/\/goo.gl\/61xevS\">IOS<\/a><\/li><li><a href=\"https:\/\/goo.gl\/tKyb0y\">Windows Phone<\/a><\/li><li><a href=\"http:\/\/goo.gl\/XJp7N\">Chrome Mobile<\/a><\/li><li><a href=\"http:\/\/goo.gl\/Nzr8s7\">Opera Mobile<\/a><\/li><\/ul>\n\n\n\n<p>A partir de la opci\u00f3n que tome acerca del uso de cookies en este sitio web, se le enviar\u00e1 una\u00a0cookie adicional\u00a0para salvaguardar su elecci\u00f3n y que no tenga que aceptar el uso de cookies cada vez que acceda a nuestra web. El objetivo de esta lista de cookies es ayudarle a reconocer las cookies almacenadas en su navegador cuando visita nuestra web o cuando ve nuestros anuncios en otros sitios. Hemos intentado incluir todas las cookies que utilizamos tanto nosotros como nuestros socios tecnol\u00f3gicos, pero tenga en cuenta que a veces podemos retrasarnos al actualizar la lista. Si observa alguna discrepancia o cree que falta alguna cookie, no dude en dec\u00edrnoslo.<\/p>\n","protected":false},"excerpt":{"rendered":"<p>Esta p\u00e1gina web es propiedad de AIELO DE MALFERIT. El hecho de acceder a esta p\u00e1gina implica el conocimiento y aceptaci\u00f3n de la pol\u00edtica de privacidad. En cumplimiento del art\u00edculo 10 de la Ley 34\/2002, de 11 de julio, de Servicios de la Sociedad de la [&hellip;]<\/p>\n","protected":false},"author":1,"featured_media":46,"parent":0,"menu_order":0,"comment_status":"closed","ping_status":"closed","template":"page_f.php","meta":[],"_links":{"self":[{"href":"https:\/\/turismo.aielodemalferit.es\/es\/wp-json\/wp\/v2\/pages\/879"}],"collection":[{"href":"https:\/\/turismo.aielodemalferit.es\/es\/wp-json\/wp\/v2\/pages"}],"about":[{"href":"https:\/\/turismo.aielodemalferit.es\/es\/wp-json\/wp\/v2\/types\/page"}],"author":[{"embeddable":true,"href":"https:\/\/turismo.aielodemalferit.es\/es\/wp-json\/wp\/v2\/users\/1"}],"replies":[{"embeddable":true,"href":"https:\/\/turismo.aielodemalferit.es\/es\/wp-json\/wp\/v2\/comments?post=879"}],"version-history":[{"count":3,"href":"https:\/\/turismo.aielodemalferit.es\/es\/wp-json\/wp\/v2\/pages\/879\/revisions"}],"predecessor-version":[{"id":2425,"href":"https:\/\/turismo.aielodemalferit.es\/es\/wp-json\/wp\/v2\/pages\/879\/revisions\/2425"}],"wp:featuredmedia":[{"embeddable":true,"href":"https:\/\/turismo.aielodemalferit.es\/es\/wp-json\/wp\/v2\/media\/46"}],"wp:attachment":[{"href":"https:\/\/turismo.aielodemalferit.es\/es\/wp-json\/wp\/v2\/media?parent=879"}],"curies":[{"name":"wp","href":"https:\/\/api.w.org\/{rel}","templated":true}]}}