{"id":758,"date":"2015-10-29T18:10:43","date_gmt":"2015-10-29T18:10:43","guid":{"rendered":"http:\/\/turismo.aielodemalferit.es\/?page_id=758"},"modified":"2015-10-30T07:40:47","modified_gmt":"2015-10-30T07:40:47","slug":"marquesado-de-malferit","status":"publish","type":"page","link":"https:\/\/turismo.aielodemalferit.es\/es\/marquesado-de-malferit\/","title":{"rendered":"El Marquesado de Malferit"},"content":{"rendered":"<div class=\"one_third\">\n<p>Tras sus servicios a La Corona, el rey Alfonso III de Valencia (V de Arag\u00f3n) concedi\u00f3 a Jaime de Malferit la baron\u00eda total sobre el se\u00f1or\u00edo de Aielo y todos sus vasallos en 1435.<\/p>\n<p>No obstante, los lugares de Aielo y Cairent, pertenec\u00edan a la familia Malferit \u201cPer tant temps que memoria de hommes no es en contra\u201d (Archivo del Reino de Valencia. Secci\u00f3n del Real S.G. 496, fols. 369-70). <\/p><\/div>\n<div class=\"one_third\"><img decoding=\"async\" loading=\"lazy\" class=\"aligncenter wp-image-770 size-full\" src=\"https:\/\/turismo.aielodemalferit.es\/wp-content\/uploads\/2015\/10\/marquesado-malferit-01-pueblo.jpg\" alt=\"El Marquesado de Malferit\" width=\"326\" height=\"432\" srcset=\"https:\/\/turismo.aielodemalferit.es\/wp-content\/uploads\/2015\/10\/marquesado-malferit-01-pueblo.jpg 326w, https:\/\/turismo.aielodemalferit.es\/wp-content\/uploads\/2015\/10\/marquesado-malferit-01-pueblo-226x300.jpg 226w\" sizes=\"(max-width: 326px) 100vw, 326px\" \/><\/div>\n<div class=\"one_third last\">\n<p>Lo que parece indicarnos que tal Se\u00f1or\u00edo de los Malferit, sobre el LLOCH de Aielo, con sus atributos de MERO Y MIXTO IMPERIO, era muy antiguo y que el privilegio de Alfonso V el Magn\u00e1nimo, no era m\u00e1s que una confirmaci\u00f3n de un derecho preexistente.<\/p>\n<p>As\u00ed parece indicar tambi\u00e9n la frase contenida en dicho Privilegio (de 1445), que dice: \u201cEn vuestro lugar de Ayelo\u201d<\/p><\/div>\n<hr class=\"clearmargin\"\/>\n<div class=\"one_third\">\n<p>La construcci\u00f3n de este castillo-palacio marca el inicio de una relaci\u00f3n de siglos de la familia Malferit con el pueblo que ha quedado reflejada en su propio nombre: Aielo de Malferit.<\/p>\n<p>A la iniciativa de esta familia, a sus ideas renacentistas, y a la aportaci\u00f3n de un nuevo concepto urban\u00edstico, se debe la consolidaci\u00f3n como \u201cpueblo\u201d de lo que, hasta pr\u00e1cticamente su llegada, era una simple \u201calquer\u00eda\u201d.<\/p>\n<\/div>\n<div class=\"one_third\"><img decoding=\"async\" loading=\"lazy\" class=\"aligncenter wp-image-774 size-full\" src=\"https:\/\/turismo.aielodemalferit.es\/wp-content\/uploads\/2015\/10\/marquesado-malferit-02-palacio.jpg\" alt=\"El Marquesado de Malferit\" width=\"326\" height=\"432\" srcset=\"https:\/\/turismo.aielodemalferit.es\/wp-content\/uploads\/2015\/10\/marquesado-malferit-02-palacio.jpg 326w, https:\/\/turismo.aielodemalferit.es\/wp-content\/uploads\/2015\/10\/marquesado-malferit-02-palacio-226x300.jpg 226w\" sizes=\"(max-width: 326px) 100vw, 326px\" \/><\/div>\n<div class=\"one_third last\">\n<p>Bajo su se\u00f1or\u00edo se produjo la revoluci\u00f3n agr\u00edcola que tanto cambiar\u00eda Aielo como consecuencia de la mejora y ampliaci\u00f3n del sistema de regad\u00edo mediante acequias y molinos.<\/p>\n<p>Asimismo intervinieron en la creaci\u00f3n de nuevas industrias, conservaci\u00f3n del patrimonio y renovaci\u00f3n del existente.<\/p>\n<\/div>\n<p><hr class=\"clear\"\/><hr class=\"dotted\"\/><\/p>\n<div class=\"one_third\">\n<p>El 9 de diciembre de 1690, Carlos II nombr\u00f3 Marqu\u00e9s de Malferit a Jacinto Roca y Ferrer, casado con Fausta de Malferit, quien ostentaba los se\u00f1or\u00edos de Aielo y Cairent.<\/p>\n<p>Marquesado creado y concedido \u201cPor los repetidos servicios en paz y guerra prestados por ambas familias que tuvieron su lustre y esplendor desde la conquista de aquel Reino\u201d<\/p>\n<p>El 7 de julio de 1802 Carlos IV concedi\u00f3 la dignidad de \u201cGrande de Espa\u00f1a\u201d a Salvador Roca Pertusa Malferit y Mil\u00e1n de Arag\u00f3n, para incorporarla de forma aneja e inseparable al Marquesado de Malferit.<\/p><\/div>\n<div class=\"one_third\"><img decoding=\"async\" loading=\"lazy\" class=\"aligncenter wp-image-771 size-full\" src=\"https:\/\/turismo.aielodemalferit.es\/wp-content\/uploads\/2015\/10\/marquesado-malferit-03-joaquin-roca-pertusa.jpg\" alt=\"El Marquesado de Malferit\" width=\"326\" height=\"432\" srcset=\"https:\/\/turismo.aielodemalferit.es\/wp-content\/uploads\/2015\/10\/marquesado-malferit-03-joaquin-roca-pertusa.jpg 326w, https:\/\/turismo.aielodemalferit.es\/wp-content\/uploads\/2015\/10\/marquesado-malferit-03-joaquin-roca-pertusa-226x300.jpg 226w\" sizes=\"(max-width: 326px) 100vw, 326px\" \/><\/div>\n<div class=\"one_third last\">\n<p><span style=\"color: #800000;\"><em>Joaqu\u00edn Roca-Pertusa, hijo primog\u00e9nito de Salvador Roca Pertusa Malferit y Mil\u00e1n de Arag\u00f3n y Rafaela de Castellv\u00ed y Ferrer de Pr\u00f3xita, Conde de Bu\u00f1ol<br \/>\nProcedencia: Fondos de la Casa de Malferit<\/em><\/span><\/p>\n<\/div>\n<p><hr class=\"clear\"\/><hr class=\"dotted\"\/><\/p>\n<h2>\u00bfQu\u00e9 significa ser \u201cGrande de Espa\u00f1a\u201d?<\/h2>\n<div class=\"two_third\">\n<p>La Grandeza de Espa\u00f1a es la m\u00e1xima dignidad de la nobleza espa\u00f1ola en la jerarqu\u00eda nobiliaria, inmediatamente despu\u00e9s de la de infante que est\u00e1 reservada a los hijos e hijas de los reyes de Espa\u00f1a.<\/p>\n<p>Su origen se encuentra en las antiguas monarqu\u00edas visigodas, pero ser\u00e1 durante el reinado de Carlos I de Espa\u00f1a (1500-1558) cuando se regula y establece como \u201cGrandes de Castilla\u201d. El motivo no es otro que equiparar a los grandes y antiguos T\u00edtulos de Espa\u00f1a con los Pr\u00edncipes Alemanes que vinieron acompa\u00f1ando al Emperador Carlos I de Espa\u00f1a y V de Alemania. La dignidad de Grande de Espa\u00f1a es equiparable a la de Pr\u00edncipe en el resto de Europa y a la de Lord en Inglaterra.<\/p>\n<p>A partir de 1812 cambiar\u00eda la denominaci\u00f3n por la que se mantiene en la actualidad de \u201cGrandes de Espa\u00f1a\u201d. El t\u00edtulo es otorgado por el Rey o Reina como reconocimiento a grandes m\u00e9ritos y servicios a Espa\u00f1a.<\/p>\n<p>Los \u201cGrandes de Espa\u00f1a\u201d gozaban de privilegios que, con el paso de los a\u00f1os, han ca\u00eddo en desuso: permanecer cubiertos ante el rey, sentarse en su presencia, ir a la guerra con categor\u00eda m\u00ednima de jefes, tener entrada libre en palacio hasta la galer\u00eda de retratos&#8230;<\/p>\n<p>&nbsp;<\/p>\n<\/div>\n<div class=\"one_third last\">\n<p><img decoding=\"async\" loading=\"lazy\" class=\"aligncenter wp-image-772 size-full\" src=\"https:\/\/turismo.aielodemalferit.es\/wp-content\/uploads\/2015\/10\/marquesado-malferit-05-llave-palacio.jpg\" alt=\"El Marquesado de Malferit\" width=\"326\" height=\"432\" srcset=\"https:\/\/turismo.aielodemalferit.es\/wp-content\/uploads\/2015\/10\/marquesado-malferit-05-llave-palacio.jpg 326w, https:\/\/turismo.aielodemalferit.es\/wp-content\/uploads\/2015\/10\/marquesado-malferit-05-llave-palacio-226x300.jpg 226w\" sizes=\"(max-width: 326px) 100vw, 326px\" \/><\/div>\n<p><hr class=\"clear\"\/><hr class=\"dotted\"\/><\/p>\n<h2>CRONOLOG\u00cdA<\/h2>\n<div class=\"one_third\">\n<h4>1690-1710<\/h4>\n<p>I Marquesa de Malferit Fausta de Malferit y Olzina + Jacinto Roca y Ferrer<\/p>\n<h4>1710-1723<\/h4>\n<p>II Marqu\u00e9s de Malferit Ceferino Roca y Malferit + Mariana Ortiz y Cebri\u00e1n<br \/>\nSin sucesi\u00f3n<\/p>\n<\/div>\n<div class=\"one_third\">\n<h4>1723-1742<\/h4>\n<p>III Marqu\u00e9s de Malferit Francisco Roca y Malferit + Isabel Llansol y Cavanilles<\/p>\n<h4>1742-1760<\/h4>\n<p>IV Marqu\u00e9s de Malferit Carlos Roca y Malferit + Mariana Pertusa y Mil\u00e1n de Arag\u00f3n<\/p>\n<\/div>\n<div class=\"one_third last\">\n<h4>1760-1820<\/h4>\n<p>V Marqu\u00e9s de Malferit Salvador Roca Pertusa Malferit y Mil\u00e1n de Arag\u00f3n + Rafaela de Castellv\u00ed y Ferrer de Pr\u00f3xita<\/p>\n<h4>1820-1834<\/h4>\n<p>VI Marquesa de Malferit Mar\u00eda Ignacia Roca y Castellv\u00ed + Jos\u00e9 Mercader y Onofrio (XIV Bar\u00f3n de Cheste al Campo y X de Montichelvo)<\/p>\n<\/div>\n<hr class=\"clearmargin\"\/>\n<div class=\"one_third\">\n<p><img decoding=\"async\" loading=\"lazy\" class=\"aligncenter wp-image-775 size-full\" src=\"https:\/\/turismo.aielodemalferit.es\/wp-content\/uploads\/2015\/10\/marquesado-malferit-06-escudo.jpg\" alt=\"El Marquesado de Malferit\" width=\"326\" height=\"432\" srcset=\"https:\/\/turismo.aielodemalferit.es\/wp-content\/uploads\/2015\/10\/marquesado-malferit-06-escudo.jpg 326w, https:\/\/turismo.aielodemalferit.es\/wp-content\/uploads\/2015\/10\/marquesado-malferit-06-escudo-226x300.jpg 226w\" sizes=\"(max-width: 326px) 100vw, 326px\" \/><\/p>\n<p><span style=\"color: #800000;\"><em>En el escudo de Carlos Roca y Malferit pueden apreciarse la corona y el manto de armi\u00f1o que lo rodea. Ambos son s\u00edmbolos de uso exclusivo de los Reyes y de los Grandes de Espa\u00f1a. Asimismo en la parte superior izquierda se ve uno de los escudos de armas del apellido Malferit, representado por un caballero sobre fondo\u00a0 verde, portando el Escudo de la Casa de Malferit.<\/em><\/span><\/p>\n<\/div>\n<div class=\"one_third\">\n<p><img decoding=\"async\" loading=\"lazy\" class=\"aligncenter wp-image-769 size-full\" src=\"https:\/\/turismo.aielodemalferit.es\/wp-content\/uploads\/2015\/10\/marquesado-malferit-07-carlos-roca.jpg\" alt=\"El Marquesado de Malferit\" width=\"326\" height=\"432\" srcset=\"https:\/\/turismo.aielodemalferit.es\/wp-content\/uploads\/2015\/10\/marquesado-malferit-07-carlos-roca.jpg 326w, https:\/\/turismo.aielodemalferit.es\/wp-content\/uploads\/2015\/10\/marquesado-malferit-07-carlos-roca-226x300.jpg 226w\" sizes=\"(max-width: 326px) 100vw, 326px\" \/><\/p>\n<p><span style=\"color: #800000;\"><em>Retrato de Carlos Roca y Malferit, IV Marqu\u00e9s de Malferit<\/em><\/span><br \/>\n<span style=\"color: #800000;\"> <em>Procedencia: Fondos de la Casa de Malferit<\/em><\/span><\/p>\n<\/div>\n<div class=\"one_third last\">\n<p><img decoding=\"async\" loading=\"lazy\" class=\"aligncenter wp-image-768 size-full\" src=\"https:\/\/turismo.aielodemalferit.es\/wp-content\/uploads\/2015\/10\/marquesado-malferit-08-maria-ignacia-roca.jpg\" alt=\"El Marquesado de Malferit\" width=\"326\" height=\"432\" srcset=\"https:\/\/turismo.aielodemalferit.es\/wp-content\/uploads\/2015\/10\/marquesado-malferit-08-maria-ignacia-roca.jpg 326w, https:\/\/turismo.aielodemalferit.es\/wp-content\/uploads\/2015\/10\/marquesado-malferit-08-maria-ignacia-roca-226x300.jpg 226w\" sizes=\"(max-width: 326px) 100vw, 326px\" \/><\/p>\n<p><span style=\"color: #800000;\"><em>Mar\u00eda Ignacia Roca y Castellv\u00ed, VI Marquesa de Malferit<\/em><\/span><br \/>\n<span style=\"color: #800000;\"> <em>Procedencia: Fondos de la Casa de Malferit<\/em><\/span><\/p>\n<\/div>\n<p><hr class=\"clear\"\/><hr class=\"dotted\"\/><\/p>\n<div class=\"one_third\">\n<h4>1834-1867<\/h4>\n<p>VII Marqu\u00e9s de Malferit Pascual Mercader y Roca + Dolores Tudela y Gallinas (VII Marqu\u00e9s de Malferit, Grande de Espa\u00f1a, XII Conde de Bu\u00f1ol, XV Bar\u00f3n de Cheste al Campo, XI Bar\u00f3n de Montichelvo, Bar\u00f3n de Alc\u00e1cer y Cayrent y de Siete Aguas. Se\u00f1or de los lugares de Ayelo de Malferit, Alborache, Alcolecha, Arrubal, Benigallim, Beniaf\u00e9, Benifer, Granja de Pozalet, Herragudo, Y\u00e1tova, Macastre, Miquirent, Rafalet, Sartaguda, Santa Olalla y Urrea.)\n<\/p><\/div>\n<div class=\"one_third\">\n<h4>1868-1934<\/h4>\n<p>VIII Marqu\u00e9s de Malferit Antonio Mercader y Tudela + Mar\u00eda Dolores Vallier y Garc\u00eda-Aless\u00f3n\n<\/p><\/div>\n<div class=\"one_third last\">\n<h4>1934-1966<\/h4>\n<p>IX Marqu\u00e9s de Malferit Pascual Mercader y Vallier + Mar\u00eda Luisa S\u00e1nchez-Domenech y Baux<\/p>\n<\/div>\n<hr class=\"clearmargin\"\/>\n<div class=\"one_third\">\n<p><img decoding=\"async\" loading=\"lazy\" class=\"aligncenter wp-image-767 size-full\" src=\"https:\/\/turismo.aielodemalferit.es\/wp-content\/uploads\/2015\/10\/marquesado-malferit-09-pascual-mercader.jpg\" alt=\"El Marquesado de Malferit\" width=\"326\" height=\"432\" srcset=\"https:\/\/turismo.aielodemalferit.es\/wp-content\/uploads\/2015\/10\/marquesado-malferit-09-pascual-mercader.jpg 326w, https:\/\/turismo.aielodemalferit.es\/wp-content\/uploads\/2015\/10\/marquesado-malferit-09-pascual-mercader-226x300.jpg 226w\" sizes=\"(max-width: 326px) 100vw, 326px\" \/><\/p>\n<p><span style=\"color: #800000;\"><em>Pascual Mercader y Roca, VII Marqu\u00e9s de Malferit<\/em><\/span><br \/>\n<span style=\"color: #800000;\"><em>Procedencia: Fondos de la Casa de Malferit<\/em><\/span><\/p>\n<\/div>\n<div class=\"one_third\">\n<p><img decoding=\"async\" loading=\"lazy\" class=\"aligncenter wp-image-766 size-full\" src=\"https:\/\/turismo.aielodemalferit.es\/wp-content\/uploads\/2015\/10\/marquesado-malferit-10-antonio-mercader.jpg\" alt=\"El Marquesado de Malferit\" width=\"326\" height=\"432\" srcset=\"https:\/\/turismo.aielodemalferit.es\/wp-content\/uploads\/2015\/10\/marquesado-malferit-10-antonio-mercader.jpg 326w, https:\/\/turismo.aielodemalferit.es\/wp-content\/uploads\/2015\/10\/marquesado-malferit-10-antonio-mercader-226x300.jpg 226w\" sizes=\"(max-width: 326px) 100vw, 326px\" \/><\/p>\n<p><span style=\"color: #800000;\"><em>Antonio Mercader y Tudela, VIII Marqu\u00e9s de Malferit<\/em><\/span><br \/>\n<span style=\"color: #800000;\"><em>Procedencia: Fondos de la Casa de Malferit<\/em><\/span><\/p>\n<\/div>\n<div class=\"one_third last\">\n<p><img decoding=\"async\" loading=\"lazy\" class=\"aligncenter wp-image-765 size-full\" src=\"https:\/\/turismo.aielodemalferit.es\/wp-content\/uploads\/2015\/10\/marquesado-malferit-11-pascual-mercader-valier.jpg\" alt=\"El Marquesado de Malferit\" width=\"326\" height=\"432\" srcset=\"https:\/\/turismo.aielodemalferit.es\/wp-content\/uploads\/2015\/10\/marquesado-malferit-11-pascual-mercader-valier.jpg 326w, https:\/\/turismo.aielodemalferit.es\/wp-content\/uploads\/2015\/10\/marquesado-malferit-11-pascual-mercader-valier-226x300.jpg 226w\" sizes=\"(max-width: 326px) 100vw, 326px\" \/><\/p>\n<p><span style=\"color: #800000;\"><em>Pascual Mercader y Vallier, IX Marqu\u00e9s de Malferit, Grande de Espa\u00f1a, Marqu\u00e9s de la Vega de Valencia y Marqu\u00e9s de Mercader, con uniforme de Capit\u00e1n de Caballer\u00eda.<br \/>\nProcedencia: Fondos de la Casa de Malferit<\/em><\/span><\/p>\n<\/div>\n<p><hr class=\"clear\"\/><hr class=\"dotted\"\/><\/p>\n<div class=\"one_third\">\n<h4>1966-1997<\/h4>\n<p>X Marquesa de Malferit Mar\u00eda Luisa Mercader y S\u00e1nchez-Domenech + Rafael Garrigues y Tr\u00e9nor<\/p><\/div>\n<div class=\"one_third\">\n<h4>1998-2013<\/h4>\n<p>XI Marqu\u00e9s de Malferit Rafael Garrigues y Mercader<\/p><\/div>\n<div class=\"one_third last\">\n<h4>2014-hoy<\/h4>\n<p>XII Marquesa de Malferit Marta Garrigues y Mercader + Severiano Goig Escudero<\/p>\n<\/div>\n<hr class=\"clearmargin\"\/>\n<div class=\"one_third\">\n<p><img decoding=\"async\" loading=\"lazy\" class=\"aligncenter wp-image-764 size-full\" src=\"https:\/\/turismo.aielodemalferit.es\/wp-content\/uploads\/2015\/10\/marquesado-malferit-12-maria-luisa-mercader.jpg\" alt=\"El Marquesado de Malferit\" width=\"326\" height=\"432\" srcset=\"https:\/\/turismo.aielodemalferit.es\/wp-content\/uploads\/2015\/10\/marquesado-malferit-12-maria-luisa-mercader.jpg 326w, https:\/\/turismo.aielodemalferit.es\/wp-content\/uploads\/2015\/10\/marquesado-malferit-12-maria-luisa-mercader-226x300.jpg 226w\" sizes=\"(max-width: 326px) 100vw, 326px\" \/><\/p>\n<p><span style=\"color: #800000;\"><em>Retrato de Mar\u00eda Luisa Mercader y S\u00e1nchez-Domenech, X Marquesa de Malferit, Grande de Espa\u00f1a, VI Marquesa de la Vega de Valencia, ilustrando la portada de la revista SEMANA de marzo de 1951<\/em><\/span><br \/>\n<span style=\"color: #800000;\"> <em>Procedencia: Fondos de la Casa de Malferit<\/em><\/span><\/p>\n<\/div>\n<div class=\"one_third\">\n<p><img decoding=\"async\" loading=\"lazy\" class=\"aligncenter wp-image-763 size-full\" src=\"https:\/\/turismo.aielodemalferit.es\/wp-content\/uploads\/2015\/10\/marquesado-malferit-13-rafael-garrigues.jpg\" alt=\"El Marquesado de Malferit\" width=\"326\" height=\"432\" srcset=\"https:\/\/turismo.aielodemalferit.es\/wp-content\/uploads\/2015\/10\/marquesado-malferit-13-rafael-garrigues.jpg 326w, https:\/\/turismo.aielodemalferit.es\/wp-content\/uploads\/2015\/10\/marquesado-malferit-13-rafael-garrigues-226x300.jpg 226w\" sizes=\"(max-width: 326px) 100vw, 326px\" \/><\/p>\n<p><span style=\"color: #800000;\">Rafael Garrigues y Mercader Tr\u00e9nor y S\u00e1nchez-Domenech, XI Marqu\u00e9s de Malferit, Grande de Espa\u00f1a, VII Marqu\u00e9s de la Vega de Valencia, XIX Bar\u00f3n de Cheste al Campo y XV Bar\u00f3n de Montichelvo.<\/span><br \/>\n<span style=\"color: #800000;\"> Procedencia: Fondos de la Casa de Malferit<\/span><\/p>\n<\/div>\n<div class=\"one_third last\">\n<p><img decoding=\"async\" loading=\"lazy\" class=\"aligncenter wp-image-797 size-full\" src=\"https:\/\/turismo.aielodemalferit.es\/wp-content\/uploads\/2015\/10\/marquesado-malferit-14-marta-garrigues.jpg\" alt=\"marquesado-malferit-14-marta-garrigues\" width=\"326\" height=\"432\" srcset=\"https:\/\/turismo.aielodemalferit.es\/wp-content\/uploads\/2015\/10\/marquesado-malferit-14-marta-garrigues.jpg 326w, https:\/\/turismo.aielodemalferit.es\/wp-content\/uploads\/2015\/10\/marquesado-malferit-14-marta-garrigues-226x300.jpg 226w\" sizes=\"(max-width: 326px) 100vw, 326px\" \/><\/p>\n<p><span style=\"color: #800000;\"><em>Retrato de Marta Garrigues y Mercader Tr\u00e9nor y S\u00e1nchez-Domenech, XII Marquesa de Malferit, Grande de Espa\u00f1a, VIII Marquesa de la Vega de Valencia, realizado por Luis Massoni en 1984<\/em><\/span><br \/>\n<span style=\"color: #800000;\"><em> Procedencia: Fondos de la Casa de Malferit<\/em><\/span><\/p>\n<\/div>\n","protected":false},"excerpt":{"rendered":"<p>\u00bfQu\u00e9 significa ser \u201cGrande de Espa\u00f1a\u201d? CRONOLOG\u00cdA<\/p>\n","protected":false},"author":1,"featured_media":759,"parent":0,"menu_order":0,"comment_status":"closed","ping_status":"closed","template":"page_f.php","meta":[],"_links":{"self":[{"href":"https:\/\/turismo.aielodemalferit.es\/es\/wp-json\/wp\/v2\/pages\/758"}],"collection":[{"href":"https:\/\/turismo.aielodemalferit.es\/es\/wp-json\/wp\/v2\/pages"}],"about":[{"href":"https:\/\/turismo.aielodemalferit.es\/es\/wp-json\/wp\/v2\/types\/page"}],"author":[{"embeddable":true,"href":"https:\/\/turismo.aielodemalferit.es\/es\/wp-json\/wp\/v2\/users\/1"}],"replies":[{"embeddable":true,"href":"https:\/\/turismo.aielodemalferit.es\/es\/wp-json\/wp\/v2\/comments?post=758"}],"version-history":[{"count":38,"href":"https:\/\/turismo.aielodemalferit.es\/es\/wp-json\/wp\/v2\/pages\/758\/revisions"}],"predecessor-version":[{"id":830,"href":"https:\/\/turismo.aielodemalferit.es\/es\/wp-json\/wp\/v2\/pages\/758\/revisions\/830"}],"wp:featuredmedia":[{"embeddable":true,"href":"https:\/\/turismo.aielodemalferit.es\/es\/wp-json\/wp\/v2\/media\/759"}],"wp:attachment":[{"href":"https:\/\/turismo.aielodemalferit.es\/es\/wp-json\/wp\/v2\/media?parent=758"}],"curies":[{"name":"wp","href":"https:\/\/api.w.org\/{rel}","templated":true}]}}