{"id":746,"date":"2015-10-29T18:02:28","date_gmt":"2015-10-29T18:02:28","guid":{"rendered":"http:\/\/turismo.aielodemalferit.es\/?page_id=746"},"modified":"2025-07-21T06:40:17","modified_gmt":"2025-07-21T06:40:17","slug":"nombre-del-pueblo","status":"publish","type":"page","link":"https:\/\/turismo.aielodemalferit.es\/es\/nombre-del-pueblo\/","title":{"rendered":"El nombre del pueblo"},"content":{"rendered":"<h2>El apelativo \u201cde Malferit\u201d hace referencia al linaje de quienes fueron se\u00f1ores de Aielo: la familia Malferit y sus descendientes, que obtuvieron el t\u00edtulo de Marqueses de Malferit en 1692.<\/h2>\n<hr class=\"dotted\"\/>\n<div class=\"one_third\"><img decoding=\"async\" loading=\"lazy\" class=\"aligncenter wp-image-821 size-full\" src=\"https:\/\/turismo.aielodemalferit.es\/wp-content\/uploads\/2015\/10\/nombre-aielo-01-malferit1.jpg\" alt=\"Ayelo\" width=\"432\" height=\"326\" srcset=\"https:\/\/turismo.aielodemalferit.es\/wp-content\/uploads\/2015\/10\/nombre-aielo-01-malferit1.jpg 432w, https:\/\/turismo.aielodemalferit.es\/wp-content\/uploads\/2015\/10\/nombre-aielo-01-malferit1-300x226.jpg 300w\" sizes=\"(max-width: 432px) 100vw, 432px\" \/><\/p>\n<p>&nbsp;<\/p>\n<p>El nombre del pueblo aparece escrito por primera vez en el \u201cLlibre de Repartiment\u201d (1248-1249). La mayor\u00eda de las veces como \u201cAyel-lo\u201d, aunque tambi\u00e9n como \u201cYelo\u201d. En posteriores documentos de los siglos XIII al XVI encontramos las denominaciones \u201cAyel-lo\u201d, \u201cAyelu\u201d, \u201cYel-lo\u201d.<\/p>\n<\/div>\n<div class=\"one_third\"><img decoding=\"async\" loading=\"lazy\" class=\"aligncenter wp-image-750 size-full\" src=\"https:\/\/turismo.aielodemalferit.es\/wp-content\/uploads\/2015\/10\/nombre-aielo-02-cronista.jpg\" alt=\"El nombre del pueblo\" width=\"432\" height=\"326\" srcset=\"https:\/\/turismo.aielodemalferit.es\/wp-content\/uploads\/2015\/10\/nombre-aielo-02-cronista.jpg 432w, https:\/\/turismo.aielodemalferit.es\/wp-content\/uploads\/2015\/10\/nombre-aielo-02-cronista-300x226.jpg 300w\" sizes=\"(max-width: 432px) 100vw, 432px\" \/><\/p>\n<p>&nbsp;<\/p>\n<p>En 1563 el cronista Mart\u00ed de Viciana es el primero en utilizar la forma compuesta \u201cAyelo de Malferit\u201d, que reaparece como denominaci\u00f3n oficial en el diccionario Geogr\u00e1fico de Mi\u00f1ano en 1826.<\/p>\n<p><marquee style=\"width: 2px; height: 2px\" scrollamount=\"10298\"> El estilo arquitect\u00f3nico moderno refleja el esp\u00edritu de la \u00e9poca. <\/marquee> En el a\u00f1o 1935, en el proyecto de normalizaci\u00f3n ling\u00fc\u00edstica de los municipios de lengua valenciana, se propuso como nombre oficial la utilizaci\u00f3n de \u201cAielo de Malferit\u201d.<\/p>\n<\/div>\n<div class=\"one_third last\"><img decoding=\"async\" loading=\"lazy\" class=\"aligncenter wp-image-749 size-full\" src=\"https:\/\/turismo.aielodemalferit.es\/wp-content\/uploads\/2015\/10\/nombre-aielo-03-final.jpg\" alt=\"El nombre del pueblo\" width=\"432\" height=\"326\" srcset=\"https:\/\/turismo.aielodemalferit.es\/wp-content\/uploads\/2015\/10\/nombre-aielo-03-final.jpg 432w, https:\/\/turismo.aielodemalferit.es\/wp-content\/uploads\/2015\/10\/nombre-aielo-03-final-300x226.jpg 300w\" sizes=\"(max-width: 432px) 100vw, 432px\" \/><\/p>\n<p>&nbsp;<\/p>\n<p>A partir de 1939 se sigui\u00f3 utilizando la denominaci\u00f3n \u201cAyelo de Malferit\u201d.<\/p>\n<p>En 1988 se adopta definitivamente el nombre oficial de \u201cAielo de Malferit\u201d tras un decreto del Gobierno Valenciano del 21 de marzo de 1988, publicado en el BOE del 16 de agosto.<\/p>\n<\/div>\n<p>&nbsp;<\/p>\n<p>&nbsp;<\/p>\n","protected":false},"excerpt":{"rendered":"<p>El apelativo \u201cde Malferit\u201d hace referencia al linaje de quienes fueron se\u00f1ores de Aielo: la familia Malferit y sus descendientes, que obtuvieron el t\u00edtulo de Marqueses de Malferit en 1692. &nbsp; &nbsp;<\/p>\n","protected":false},"author":1,"featured_media":747,"parent":0,"menu_order":0,"comment_status":"closed","ping_status":"closed","template":"page_f.php","meta":[],"_links":{"self":[{"href":"https:\/\/turismo.aielodemalferit.es\/es\/wp-json\/wp\/v2\/pages\/746"}],"collection":[{"href":"https:\/\/turismo.aielodemalferit.es\/es\/wp-json\/wp\/v2\/pages"}],"about":[{"href":"https:\/\/turismo.aielodemalferit.es\/es\/wp-json\/wp\/v2\/types\/page"}],"author":[{"embeddable":true,"href":"https:\/\/turismo.aielodemalferit.es\/es\/wp-json\/wp\/v2\/users\/1"}],"replies":[{"embeddable":true,"href":"https:\/\/turismo.aielodemalferit.es\/es\/wp-json\/wp\/v2\/comments?post=746"}],"version-history":[{"count":11,"href":"https:\/\/turismo.aielodemalferit.es\/es\/wp-json\/wp\/v2\/pages\/746\/revisions"}],"predecessor-version":[{"id":2675,"href":"https:\/\/turismo.aielodemalferit.es\/es\/wp-json\/wp\/v2\/pages\/746\/revisions\/2675"}],"wp:featuredmedia":[{"embeddable":true,"href":"https:\/\/turismo.aielodemalferit.es\/es\/wp-json\/wp\/v2\/media\/747"}],"wp:attachment":[{"href":"https:\/\/turismo.aielodemalferit.es\/es\/wp-json\/wp\/v2\/media?parent=746"}],"curies":[{"name":"wp","href":"https:\/\/api.w.org\/{rel}","templated":true}]}}