{"id":720,"date":"2015-10-29T17:36:55","date_gmt":"2015-10-29T17:36:55","guid":{"rendered":"http:\/\/turismo.aielodemalferit.es\/?page_id=720"},"modified":"2015-10-30T08:21:24","modified_gmt":"2015-10-30T08:21:24","slug":"edad-contemporanea-s-xx","status":"publish","type":"page","link":"https:\/\/turismo.aielodemalferit.es\/es\/edad-contemporanea-s-xx\/","title":{"rendered":"Edad Contempor\u00e1nea S. XX"},"content":{"rendered":"<div class=\"one_half \">\n<h2>1906<\/h2>\n<p><img decoding=\"async\" loading=\"lazy\" class=\"aligncenter wp-image-736 size-full\" src=\"https:\/\/turismo.aielodemalferit.es\/wp-content\/uploads\/2015\/10\/edad-contemporanea-2-01-paixarell-aielo.jpg\" alt=\"Edad Contempor\u00e1nea S. XX\" width=\"432\" height=\"326\" srcset=\"https:\/\/turismo.aielodemalferit.es\/wp-content\/uploads\/2015\/10\/edad-contemporanea-2-01-paixarell-aielo.jpg 432w, https:\/\/turismo.aielodemalferit.es\/wp-content\/uploads\/2015\/10\/edad-contemporanea-2-01-paixarell-aielo-300x226.jpg 300w\" sizes=\"(max-width: 432px) 100vw, 432px\" \/><\/p>\n<p>Nace el primer peri\u00f3dico de Aielo, una revista sat\u00edrica titulada \u201cEl Paixarell\u201d, escrita por los hermanos Leonardo y Francisco Carreres y del que s\u00f3lo se conocen dos n\u00fameros correspondientes a los a\u00f1os 1906 y 1907.<\/p><\/div>\n<div class=\"one_half last \">\n<h2>1909<\/h2>\n<p><img decoding=\"async\" loading=\"lazy\" class=\"aligncenter wp-image-735 size-full\" src=\"https:\/\/turismo.aielodemalferit.es\/wp-content\/uploads\/2015\/10\/edad-contemporanea-2-02-banda-aielo.jpg\" alt=\"Edad Contempor\u00e1nea S. XX\" width=\"432\" height=\"326\" srcset=\"https:\/\/turismo.aielodemalferit.es\/wp-content\/uploads\/2015\/10\/edad-contemporanea-2-02-banda-aielo.jpg 432w, https:\/\/turismo.aielodemalferit.es\/wp-content\/uploads\/2015\/10\/edad-contemporanea-2-02-banda-aielo-300x226.jpg 300w\" sizes=\"(max-width: 432px) 100vw, 432px\" \/><\/p>\n<p>Se constituye una nueva banda de m\u00fasica por iniciativa de Vicent Ferri Mart\u00ed \u201cel\u00a0 Ferrer\u201d que tocaba el requinto.\n<\/p><\/div>\n<p><hr class=\"clear\"\/><hr class=\"dotted\"\/><\/p>\n<h2>1910 \u201cA\u00c7\u00d2 PAREIX L\u2019ANY DEU!\u201d. LOS BARBADOS<\/h2>\n<div class=\"one_half \">\n<p>Es preciso explicar esta historia poniendo en relaci\u00f3n una grave crisis \u2013la del a\u00f1o diez\u2013 y un personaje \u2013Bautista Aparici Belda\u2013, cuyo car\u00e1cter, inteligencia y esp\u00edritu emprendedor han dejado una huella indeleble en la historia de Aielo.<\/p>\n<p>Entre 1909 y 1914 una plaga de filoxera se abate sobre toda la comarca destrozando los cultivos de vid. A lo que se a\u00f1ade una dur\u00edsima sequ\u00eda que se arrastraba desde el a\u00f1o 1908. En 1910 la situaci\u00f3n era insostenible y el hambre una dura realidad diaria. Miles de agricultores y ganaderos de la zona se vieron obligados a emigrar a otros pa\u00edses.<\/p>\n<p>Tan dram\u00e1ticos fueron aquellos a\u00f1os que hoy en d\u00eda ha quedado como dicho popular, cuando algo sale mal, la expresi\u00f3n \u00abA\u00e7\u00f2 pareix l&#8217;Any Deu!\u00bb.<\/p><\/div>\n<div class=\"one_half last \"><a href=\"https:\/\/turismo.aielodemalferit.es\/wp-content\/uploads\/2015\/10\/edad-contemporanea-2-03-barbado-aielo.jpg\"><img decoding=\"async\" loading=\"lazy\" class=\"aligncenter size-full wp-image-734\" src=\"https:\/\/turismo.aielodemalferit.es\/wp-content\/uploads\/2015\/10\/edad-contemporanea-2-03-barbado-aielo.jpg\" alt=\"Edad Contempor\u00e1nea S. XX\" width=\"432\" height=\"326\" srcset=\"https:\/\/turismo.aielodemalferit.es\/wp-content\/uploads\/2015\/10\/edad-contemporanea-2-03-barbado-aielo.jpg 432w, https:\/\/turismo.aielodemalferit.es\/wp-content\/uploads\/2015\/10\/edad-contemporanea-2-03-barbado-aielo-300x226.jpg 300w\" sizes=\"(max-width: 432px) 100vw, 432px\" \/><\/a><\/div>\n<hr class=\"clearmargin\"\/>\n<div class=\"one_half \"><a href=\"https:\/\/turismo.aielodemalferit.es\/wp-content\/uploads\/2015\/10\/edad-contemporanea-2-04-barbados-aielo.jpg\"><img decoding=\"async\" loading=\"lazy\" class=\"aligncenter size-full wp-image-733\" src=\"https:\/\/turismo.aielodemalferit.es\/wp-content\/uploads\/2015\/10\/edad-contemporanea-2-04-barbados-aielo.jpg\" alt=\"Edad Contempor\u00e1nea S. XX\" width=\"432\" height=\"326\" srcset=\"https:\/\/turismo.aielodemalferit.es\/wp-content\/uploads\/2015\/10\/edad-contemporanea-2-04-barbados-aielo.jpg 432w, https:\/\/turismo.aielodemalferit.es\/wp-content\/uploads\/2015\/10\/edad-contemporanea-2-04-barbados-aielo-300x226.jpg 300w\" sizes=\"(max-width: 432px) 100vw, 432px\" \/><\/a><\/div>\n<div class=\"one_half last \">\n<p>1914 es el fin de la crisis y la puesta en marcha de una iniciativa \u2013fruto de la crisis\u2013 que cambiar\u00eda para siempre la econom\u00eda de Aielo.<\/p>\n<p>Bautista Aparici Belda asociado con otros emprendedores, crea unos viveros tras importar vides americanas resistentes a la filoxera. A las vides a\u00f1adir\u00eda otras plantas \u2013olivos, almendros y frutales\u2013 entre las que destacar\u00eda el olivo \u00abChanglot Real\u00bb.<\/p>\n<p>Fue el precursor del viverismo, imitado por otros, que hoy sit\u00faan a Aielo como un referente a nivel internacional en el campo de barbados de vid americana.<\/p><\/div>\n<p><hr class=\"clear\"\/><hr class=\"dotted\"\/><\/p>\n<div class=\"one_half \">\n<h2>1910<\/h2>\n<p>Carles Salvador i Gimeno (1893-1955) intelectual valenciano, maestro, pedagogo y destacado ling\u00fcista. Estrena su magisterio en Aielo de Malferit a los 19 a\u00f1os, como maestro interino, dos a\u00f1os despu\u00e9s deja la escuela para realizar el servicio militar.<\/p>\n<h2>1914<\/h2>\n<p>Instalaci\u00f3n del Cuartel de la Guardia Civil en el edifico del antiguo hospital, a petici\u00f3n del alcalde Enrique Ortiz \u201ccon objeto de que puedan estar mejor guardados los montes, y evitar en lo posible las frecuentes ri\u00f1as que se suceden, debido al car\u00e1cter, un tanto d\u00edscolo, de la mayor\u00eda de habitantes\u201d.<\/p><\/div>\n<div class=\"one_half last \"><a href=\"https:\/\/turismo.aielodemalferit.es\/wp-content\/uploads\/2015\/10\/edad-contemporanea-2-05-carles-salvador-aielo.jpg\"><img decoding=\"async\" loading=\"lazy\" class=\"aligncenter size-full wp-image-732\" src=\"https:\/\/turismo.aielodemalferit.es\/wp-content\/uploads\/2015\/10\/edad-contemporanea-2-05-carles-salvador-aielo.jpg\" alt=\"Edad Contempor\u00e1nea S. XX\" width=\"432\" height=\"326\" srcset=\"https:\/\/turismo.aielodemalferit.es\/wp-content\/uploads\/2015\/10\/edad-contemporanea-2-05-carles-salvador-aielo.jpg 432w, https:\/\/turismo.aielodemalferit.es\/wp-content\/uploads\/2015\/10\/edad-contemporanea-2-05-carles-salvador-aielo-300x226.jpg 300w\" sizes=\"(max-width: 432px) 100vw, 432px\" \/><\/a><\/div>\n<hr class=\"clearmargin\"\/>\n<div class=\"one_half \"><a href=\"https:\/\/turismo.aielodemalferit.es\/wp-content\/uploads\/2015\/10\/edad-contemporanea-2-06-eixample-aielo.jpg\"><img decoding=\"async\" loading=\"lazy\" class=\"aligncenter size-full wp-image-731\" src=\"https:\/\/turismo.aielodemalferit.es\/wp-content\/uploads\/2015\/10\/edad-contemporanea-2-06-eixample-aielo.jpg\" alt=\"Edad Contempor\u00e1nea S. XX\" width=\"432\" height=\"326\" srcset=\"https:\/\/turismo.aielodemalferit.es\/wp-content\/uploads\/2015\/10\/edad-contemporanea-2-06-eixample-aielo.jpg 432w, https:\/\/turismo.aielodemalferit.es\/wp-content\/uploads\/2015\/10\/edad-contemporanea-2-06-eixample-aielo-300x226.jpg 300w\" sizes=\"(max-width: 432px) 100vw, 432px\" \/><\/a><\/div>\n<div class=\"one_half last \">\n<h2>1923<\/h2>\n<p>Destituci\u00f3n como alcalde de Bautista Aparici Belda, que hab\u00eda sido elegido por el pueblo, a consecuencia de la Dictadura de Primo de Rivera.<\/p>\n<h2>1923-1925<\/h2>\n<p>Finaliza la transformaci\u00f3n del huerto de la casa Adriano, donado por los hermanos Joaqu\u00edn y Daniel Momp\u00f3 Dom\u00e8nech, en el Paseo de l\u2019Eixample, obra del arquitecto Valls Gadea, que se convertir\u00eda en el eje vertebrador de Aielo.<\/p>\n<h2>1927<\/h2>\n<p>Se crea la Biblioteca Popular.\n<\/p><\/div>\n<p><hr class=\"clear\"\/><hr class=\"dotted\"\/><\/p>\n<h2>SEGUNDA REP\u00daBLICA<\/h2>\n<div class=\"one_half \">\nEn 1931 se proclama la Segunda Rep\u00fablica y se producen numerosos conflictos laborales entre patronos y trabajadores. Durante \u00e9ste y los siguientes a\u00f1os Aielo de Malferit ser\u00eda un fiel reflejo de las turbulencias pol\u00edticas que se extend\u00edan por toda Espa\u00f1a.<\/p>\n<h4>1931<\/h4>\n<p>Apertura de las nuevas escuelas cuya construcci\u00f3n fue impulsada por los maestros Miguel Ferr\u00e1ndiz y Leonardo Carreres en unos terrenos donados por Bautista Aparici quien, adem\u00e1s, entreg\u00f3 un donativo de 10.000 pesetas. En su\u00a0 construcci\u00f3n, bien con donativos bien con su propio trabajo, participaron much\u00edsimos aielenses.<\/p><\/div>\n<div class=\"one_half last \"><a href=\"https:\/\/turismo.aielodemalferit.es\/wp-content\/uploads\/2015\/10\/edad-contemporanea-2-07-escuelas-aielo.jpg\"><img decoding=\"async\" loading=\"lazy\" class=\"aligncenter size-full wp-image-730\" src=\"https:\/\/turismo.aielodemalferit.es\/wp-content\/uploads\/2015\/10\/edad-contemporanea-2-07-escuelas-aielo.jpg\" alt=\"Edad Contempor\u00e1nea S. XX\" width=\"432\" height=\"326\" srcset=\"https:\/\/turismo.aielodemalferit.es\/wp-content\/uploads\/2015\/10\/edad-contemporanea-2-07-escuelas-aielo.jpg 432w, https:\/\/turismo.aielodemalferit.es\/wp-content\/uploads\/2015\/10\/edad-contemporanea-2-07-escuelas-aielo-300x226.jpg 300w\" sizes=\"(max-width: 432px) 100vw, 432px\" \/><\/a><\/div>\n<hr class=\"clearmargin\"\/>\n<div class=\"one_half \"><a href=\"https:\/\/turismo.aielodemalferit.es\/wp-content\/uploads\/2015\/10\/edad-contemporanea-2-08-cine-aielo.jpg\"><img decoding=\"async\" loading=\"lazy\" class=\"aligncenter size-full wp-image-729\" src=\"https:\/\/turismo.aielodemalferit.es\/wp-content\/uploads\/2015\/10\/edad-contemporanea-2-08-cine-aielo.jpg\" alt=\"Edad Contempor\u00e1nea S. XX\" width=\"432\" height=\"326\" srcset=\"https:\/\/turismo.aielodemalferit.es\/wp-content\/uploads\/2015\/10\/edad-contemporanea-2-08-cine-aielo.jpg 432w, https:\/\/turismo.aielodemalferit.es\/wp-content\/uploads\/2015\/10\/edad-contemporanea-2-08-cine-aielo-300x226.jpg 300w\" sizes=\"(max-width: 432px) 100vw, 432px\" \/><\/a><\/div>\n<div class=\"one_half last \">\n<h4>1932<\/h4>\n<p>En los a\u00f1os 30, en Aielo se proyectaba cine mudo en las paredes de la calle del Fondo. Y funcionaban dos salas de cine: \u201cCervantes\u201d en la calle Santos de la Piedra, propiedad de Jos\u00e9 Ortiz Pinter, y \u201cLos Nueve\u201d, situado en la calle Can\u00f3nigo Ortiz, administrado por el p\u00e1rroco D. Cipriano Valero Iranzo.<\/p>\n<h4>1933<\/h4>\n<p>Instalaci\u00f3n de la primera centralita telef\u00f3nica en casa de Amparo Mart\u00ednez Calabuig que se mantendr\u00eda en funcionamiento hasta 1978.<\/p>\n<\/div>\n<p><hr class=\"clear\"\/><hr class=\"dotted\"\/><\/p>\n<div class=\"one_half \">\n<h2>1940<\/h2>\n<p>Aielo de Malferit contaba con 2.600 habitantes, 150 menos que antes de la guerra.<\/p>\n<h2>1943<\/h2>\n<p>Nace Luis Manuel Ferri Llopis que ser\u00eda mundialmente conocido por su nombre art\u00edstico: Nino Bravo.<\/p>\n<h2>1946<\/h2>\n<p>Abre el \u201cCinema Palacio\u201d de Teresa Barber<\/p>\n<h2>1951<\/h2>\n<p>El C.F. Ayelo estrena nuevo equipo y lugar de entrenamiento en el Campo de les Eres.<\/p><\/div>\n<div class=\"one_half last \"><a href=\"https:\/\/turismo.aielodemalferit.es\/wp-content\/uploads\/2015\/10\/edad-contemporanea-2-09-nino-bravo-aielo.jpg\"><img decoding=\"async\" loading=\"lazy\" class=\"aligncenter size-full wp-image-728\" src=\"https:\/\/turismo.aielodemalferit.es\/wp-content\/uploads\/2015\/10\/edad-contemporanea-2-09-nino-bravo-aielo.jpg\" alt=\"Edad Contempor\u00e1nea S. XX\" width=\"432\" height=\"326\" srcset=\"https:\/\/turismo.aielodemalferit.es\/wp-content\/uploads\/2015\/10\/edad-contemporanea-2-09-nino-bravo-aielo.jpg 432w, https:\/\/turismo.aielodemalferit.es\/wp-content\/uploads\/2015\/10\/edad-contemporanea-2-09-nino-bravo-aielo-300x226.jpg 300w\" sizes=\"(max-width: 432px) 100vw, 432px\" \/><\/a><\/div>\n<hr class=\"clearmargin\"\/>\n<div class=\"one_half \"><a href=\"https:\/\/turismo.aielodemalferit.es\/wp-content\/uploads\/2015\/10\/edad-contemporanea-2-10-cooperativa-aielo.jpg\"><img decoding=\"async\" loading=\"lazy\" class=\"aligncenter size-full wp-image-727\" src=\"https:\/\/turismo.aielodemalferit.es\/wp-content\/uploads\/2015\/10\/edad-contemporanea-2-10-cooperativa-aielo.jpg\" alt=\"Edad Contempor\u00e1nea S. XX\" width=\"432\" height=\"326\" srcset=\"https:\/\/turismo.aielodemalferit.es\/wp-content\/uploads\/2015\/10\/edad-contemporanea-2-10-cooperativa-aielo.jpg 432w, https:\/\/turismo.aielodemalferit.es\/wp-content\/uploads\/2015\/10\/edad-contemporanea-2-10-cooperativa-aielo-300x226.jpg 300w\" sizes=\"(max-width: 432px) 100vw, 432px\" \/><\/a><\/div>\n<div class=\"one_half last \">\n<h2>1954-1955<\/h2>\n<p>Fundaci\u00f3n de la Cooperativa Agr\u00edcola de San Engracio M\u00e1rtir.<\/p>\n<h2>1954<\/h2>\n<p>Gran crisis de los barbados por un Decreto Ley que pretend\u00eda controlar los excedentes de vino que se produc\u00eda en Espa\u00f1a. Hay que se\u00f1alar que los aielenses, demostrando un gran valor dado el r\u00e9gimen pol\u00edtico, acudieron a protestar al Ministerio de Agricultura con gran vehemencia. Al no servir para nada sus protestas, presentaron su dimisi\u00f3n 5 concejales del ayuntamiento, 14 de los 15 integrantes del Consejo Local del Movimiento Nacional y 12 de los 13 componentes de la Comisi\u00f3n Permanente de la Hermandad Sindical. Su temeraria actitud tampoco sirvi\u00f3 de nada.<\/p><\/div>\n<hr class=\"clearmargin\"\/>\n<div class=\"one_half \">Promovido por el rector Juan Sanchis Requena, se inician las obras del Patronato: escuela parroquial, local social y catequesis, biblioteca, cine, front\u00f3n y trinquete.<\/p>\n<h2>1965<\/h2>\n<p>Inicio del desarrollo y expansi\u00f3n de numerosos negocios de cester\u00eda cuyos pioneros fueron, primero Jos\u00e9 Rico, y m\u00e1s tarde su hijo Salvador Rico, Francisco Vidal y Antonio Castell\u00f3. Obras de saneamiento, conducci\u00f3n y distribuci\u00f3n de agua potable a los domicilios siendo alcalde Rosendo Sanz.<\/p>\n<p>Aielo padece en la segunda mitad del siglo XX, el mismo despoblamiento de la mayor\u00eda de los pueblos de Espa\u00f1a. Era la cruz del desarrollo econ\u00f3mico cuyo motor eran las industrias de las grandes ciudades.<\/p><\/div>\n<div class=\"one_half last \"><a href=\"https:\/\/turismo.aielodemalferit.es\/wp-content\/uploads\/2015\/10\/edad-contemporanea-2-11-patronato-aielo.jpg\"><img decoding=\"async\" loading=\"lazy\" class=\"aligncenter size-full wp-image-726\" src=\"https:\/\/turismo.aielodemalferit.es\/wp-content\/uploads\/2015\/10\/edad-contemporanea-2-11-patronato-aielo.jpg\" alt=\"Edad Contempor\u00e1nea S. XX\" width=\"432\" height=\"326\" srcset=\"https:\/\/turismo.aielodemalferit.es\/wp-content\/uploads\/2015\/10\/edad-contemporanea-2-11-patronato-aielo.jpg 432w, https:\/\/turismo.aielodemalferit.es\/wp-content\/uploads\/2015\/10\/edad-contemporanea-2-11-patronato-aielo-300x226.jpg 300w\" sizes=\"(max-width: 432px) 100vw, 432px\" \/><\/a><\/div>\n<hr class=\"clearmargin\"\/>\n<div class=\"one_half \"><a href=\"https:\/\/turismo.aielodemalferit.es\/wp-content\/uploads\/2015\/10\/edad-contemporanea-2-13-democracia-aielo.jpg\"><img decoding=\"async\" loading=\"lazy\" class=\"aligncenter size-full wp-image-724\" src=\"https:\/\/turismo.aielodemalferit.es\/wp-content\/uploads\/2015\/10\/edad-contemporanea-2-13-democracia-aielo.jpg\" alt=\"Edad Contempor\u00e1nea S. XX\" width=\"432\" height=\"326\" srcset=\"https:\/\/turismo.aielodemalferit.es\/wp-content\/uploads\/2015\/10\/edad-contemporanea-2-13-democracia-aielo.jpg 432w, https:\/\/turismo.aielodemalferit.es\/wp-content\/uploads\/2015\/10\/edad-contemporanea-2-13-democracia-aielo-300x226.jpg 300w\" sizes=\"(max-width: 432px) 100vw, 432px\" \/><\/a><\/div>\n<div class=\"one_half last \">La llegada de la democracia en 1975, la aprobaci\u00f3n mayoritaria de la Constituci\u00f3n de 1978, y el ingreso de Espa\u00f1a en la Uni\u00f3n Europea traer\u00edan consigo en los \u00faltimos a\u00f1os del siglo XX paz, progreso, y desarrollo econ\u00f3mico gracias a la normalizaci\u00f3n democr\u00e1tica de todo el pa\u00eds.<\/div>\n","protected":false},"excerpt":{"rendered":"<p>1910 \u201cA\u00c7\u00d2 PAREIX L\u2019ANY DEU!\u201d. LOS BARBADOS SEGUNDA REP\u00daBLICA<\/p>\n","protected":false},"author":1,"featured_media":721,"parent":0,"menu_order":0,"comment_status":"closed","ping_status":"closed","template":"page_f.php","meta":[],"_links":{"self":[{"href":"https:\/\/turismo.aielodemalferit.es\/es\/wp-json\/wp\/v2\/pages\/720"}],"collection":[{"href":"https:\/\/turismo.aielodemalferit.es\/es\/wp-json\/wp\/v2\/pages"}],"about":[{"href":"https:\/\/turismo.aielodemalferit.es\/es\/wp-json\/wp\/v2\/types\/page"}],"author":[{"embeddable":true,"href":"https:\/\/turismo.aielodemalferit.es\/es\/wp-json\/wp\/v2\/users\/1"}],"replies":[{"embeddable":true,"href":"https:\/\/turismo.aielodemalferit.es\/es\/wp-json\/wp\/v2\/comments?post=720"}],"version-history":[{"count":14,"href":"https:\/\/turismo.aielodemalferit.es\/es\/wp-json\/wp\/v2\/pages\/720\/revisions"}],"predecessor-version":[{"id":853,"href":"https:\/\/turismo.aielodemalferit.es\/es\/wp-json\/wp\/v2\/pages\/720\/revisions\/853"}],"wp:featuredmedia":[{"embeddable":true,"href":"https:\/\/turismo.aielodemalferit.es\/es\/wp-json\/wp\/v2\/media\/721"}],"wp:attachment":[{"href":"https:\/\/turismo.aielodemalferit.es\/es\/wp-json\/wp\/v2\/media?parent=720"}],"curies":[{"name":"wp","href":"https:\/\/api.w.org\/{rel}","templated":true}]}}