{"id":704,"date":"2015-10-29T17:22:38","date_gmt":"2015-10-29T17:22:38","guid":{"rendered":"http:\/\/turismo.aielodemalferit.es\/?page_id=704"},"modified":"2015-10-30T07:42:51","modified_gmt":"2015-10-30T07:42:51","slug":"de-vasallos-a-hombres-libres","status":"publish","type":"page","link":"https:\/\/turismo.aielodemalferit.es\/es\/de-vasallos-a-hombres-libres\/","title":{"rendered":"De vasallos a hombres libres"},"content":{"rendered":"<h2>El \u201cFuero de la Jurisdicci\u00f3n Alfonsina\u201d primero y la \u201cCarta Puebla\u201d despu\u00e9s fueron el sustento legal de los sucesivos se\u00f1ores de Aielo para prolongar el sistema feudal en sus dominios.<\/h2>\n<p><hr class=\"clear\"\/><hr class=\"dotted\"\/><\/p>\n<p>En 1760 el se\u00f1or de Aielo, Salvador Roca Pertusa Malferit y Mil\u00e1n de Arag\u00f3n, continuaba benefici\u00e1ndose de un r\u00e9gimen feudal que, en un entorno en constante crecimiento y con excelentes cosechas, manten\u00eda a sus vasallos sujetos a unas normas que ya eran consideradas anacr\u00f3nicas en gran parte de Espa\u00f1a. Recordemos que el marqu\u00e9s era el \u00fanico propietario de la almazara, el molino, la taberna, las tiendas&#8230; era en definitiva un lastre para el desarrollo individual y la iniciativa personal.<\/p>\n<p>Los \u00e1nimos andaban revueltos en 1792 \u2013en Francia estaban en plena Revoluci\u00f3n\u2013 y el 25 de noviembre, a la salida de misa, se reunieron 281 aielenses en la plaza de l\u2019Hostal (actual de Sant Engraci). En presencia de tres abogados de Valencia y el corregidor real de Ontinyent, expusieron sus demandas. \u00c9stas fueron aprobadas por unanimidad y llevadas a la Real Audiencia de Valencia. Los juzgados aprobaron el acta el 6 de diciembre y elevaron el contencioso al Consejo de Castilla.<\/p>\n<p>En 1798 se produce la sentencia, desfavorable a los vasallos, lo que increment\u00f3 la tensi\u00f3n. Tras una asamblea, llevaron una segunda denuncia al Consejo de Castilla en marzo de 1801.<\/p>\n<p><hr class=\"clear\"\/><hr class=\"dotted\"\/><\/p>\n<h2>1812<\/h2>\n<div class=\"one_half \">\n<p>La brillante intervenci\u00f3n de Pedro Aparici Ortiz en las Cortes de C\u00e1diz favoreci\u00f3 la aprobaci\u00f3n del decreto de disoluci\u00f3n general de los se\u00f1or\u00edos espa\u00f1oles, incluida l\u00f3gicamente la baron\u00eda de Aielo y Cairent.<\/p>\n<p>En 1813 el alcalde de Aielo, Tadeo Castell\u00f3 Alonso, inici\u00f3 un proceso contra el marqu\u00e9s acus\u00e1ndolo de \u201cafrancesado\u201d. La ocupaci\u00f3n del trono por Fernando VII acab\u00f3 con todas las aspiraciones liberales que fueron sustituidas por el absolutismo mon\u00e1rquico.<\/p>\n<p>En este nuevo ambiente pol\u00edtico el marqu\u00e9s consigui\u00f3 no s\u00f3lo salir indemne de las acusaciones, sino acabar con la carrera de Tadeo que fue destituido y condenado a no poder ejercer cargo p\u00fablico.<\/p>\n<p>Y por supuesto, el marqu\u00e9s recuper\u00f3 todos sus privilegios sobre sus \u2013de nuevo\u2013 vasallos.\n<\/p><\/div>\n<div class=\"one_half last \"><img decoding=\"async\" loading=\"lazy\" class=\"aligncenter wp-image-711 size-full\" src=\"https:\/\/turismo.aielodemalferit.es\/wp-content\/uploads\/2015\/10\/vasalllos-a-hombres-libres-pedro-aparici-aielo-02.jpg\" alt=\"De vasallos a hombres libres\" width=\"432\" height=\"326\" srcset=\"https:\/\/turismo.aielodemalferit.es\/wp-content\/uploads\/2015\/10\/vasalllos-a-hombres-libres-pedro-aparici-aielo-02.jpg 432w, https:\/\/turismo.aielodemalferit.es\/wp-content\/uploads\/2015\/10\/vasalllos-a-hombres-libres-pedro-aparici-aielo-02-300x226.jpg 300w\" sizes=\"(max-width: 432px) 100vw, 432px\" \/><\/div>\n<p><hr class=\"clear\"\/><hr class=\"dotted\"\/><\/p>\n<h2>1837<\/h2>\n<div class=\"one_half \">\n<p>La subida al trono de la reina ni\u00f1a, Isabel II, tutelada por su madre Mar\u00eda Cristina, inicia un periodo de importantes reformas entre las que destaca una nueva organizaci\u00f3n territorial por la desaparici\u00f3n de los se\u00f1or\u00edos.<\/p>\n<p>En 1837, la regente Mar\u00eda Cristina firma un decreto por el que son disueltos definitivamente los se\u00f1or\u00edos territoriales, entre ellos la baron\u00eda de Aielo y Cairent.\n<\/p><\/div>\n<div class=\"one_half last \"><img decoding=\"async\" loading=\"lazy\" class=\"aligncenter wp-image-709 size-full\" src=\"https:\/\/turismo.aielodemalferit.es\/wp-content\/uploads\/2015\/10\/vasalllos-a-hombres-libres-maria-cristina-aielo-03.jpg\" alt=\"De vasallos a hombres libres\" width=\"432\" height=\"326\" srcset=\"https:\/\/turismo.aielodemalferit.es\/wp-content\/uploads\/2015\/10\/vasalllos-a-hombres-libres-maria-cristina-aielo-03.jpg 432w, https:\/\/turismo.aielodemalferit.es\/wp-content\/uploads\/2015\/10\/vasalllos-a-hombres-libres-maria-cristina-aielo-03-300x226.jpg 300w\" sizes=\"(max-width: 432px) 100vw, 432px\" \/><\/div>\n<hr class=\"clearmargin\"\/>\n<div class=\"one_half \"><img decoding=\"async\" loading=\"lazy\" class=\"aligncenter wp-image-708 size-full\" src=\"https:\/\/turismo.aielodemalferit.es\/wp-content\/uploads\/2015\/10\/vasalllos-a-hombres-libres-familia-aielo-05.jpg\" alt=\"De vasallos a hombres libres\" width=\"432\" height=\"326\" srcset=\"https:\/\/turismo.aielodemalferit.es\/wp-content\/uploads\/2015\/10\/vasalllos-a-hombres-libres-familia-aielo-05.jpg 432w, https:\/\/turismo.aielodemalferit.es\/wp-content\/uploads\/2015\/10\/vasalllos-a-hombres-libres-familia-aielo-05-300x226.jpg 300w\" sizes=\"(max-width: 432px) 100vw, 432px\" \/><\/div>\n<div class=\"one_half last \">No obstante, los marqueses mantuvieron el pleito abierto durante much\u00edsimos a\u00f1os intentando recuperar sus derechos feudales hasta que en 1858 una sentencia judicial daba por zanjado definitivamente este asunto:<\/p>\n<p><em>\u201c&#8230;a virtud de la renuncia de dicho marqu\u00e9s, se declara el pueblo de Ayelo de Malferit y su t\u00e9rmino restituidos a la clase de libres, al igual que los dem\u00e1s llamados de realengo, y a sus vecinos y terratenientes, exentos para siempre del pago de prestaciones, censos, luismos, rentas, etc&#8230;\u201d<\/em><\/p>\n<p>Por su duraci\u00f3n y complejidad, por sus recursos y dilaciones judiciales, el proceso de emancipaci\u00f3n de los vasallos de Aielo, su conversi\u00f3n en propietarios de pleno derecho, fue y es un caso paradigm\u00e1tico de estudio para estudiosos de la jurisprudencia e historiadores sociales.\n<\/p><\/div>\n","protected":false},"excerpt":{"rendered":"<p>El \u201cFuero de la Jurisdicci\u00f3n Alfonsina\u201d primero y la \u201cCarta Puebla\u201d despu\u00e9s fueron el sustento legal de los sucesivos se\u00f1ores de Aielo para prolongar el sistema feudal en sus dominios. En 1760 el se\u00f1or de Aielo, Salvador Roca Pertusa Malferit y Mil\u00e1n de Arag\u00f3n, continuaba benefici\u00e1ndose [&hellip;]<\/p>\n","protected":false},"author":1,"featured_media":705,"parent":0,"menu_order":0,"comment_status":"closed","ping_status":"closed","template":"page_f.php","meta":[],"_links":{"self":[{"href":"https:\/\/turismo.aielodemalferit.es\/es\/wp-json\/wp\/v2\/pages\/704"}],"collection":[{"href":"https:\/\/turismo.aielodemalferit.es\/es\/wp-json\/wp\/v2\/pages"}],"about":[{"href":"https:\/\/turismo.aielodemalferit.es\/es\/wp-json\/wp\/v2\/types\/page"}],"author":[{"embeddable":true,"href":"https:\/\/turismo.aielodemalferit.es\/es\/wp-json\/wp\/v2\/users\/1"}],"replies":[{"embeddable":true,"href":"https:\/\/turismo.aielodemalferit.es\/es\/wp-json\/wp\/v2\/comments?post=704"}],"version-history":[{"count":11,"href":"https:\/\/turismo.aielodemalferit.es\/es\/wp-json\/wp\/v2\/pages\/704\/revisions"}],"predecessor-version":[{"id":832,"href":"https:\/\/turismo.aielodemalferit.es\/es\/wp-json\/wp\/v2\/pages\/704\/revisions\/832"}],"wp:featuredmedia":[{"embeddable":true,"href":"https:\/\/turismo.aielodemalferit.es\/es\/wp-json\/wp\/v2\/media\/705"}],"wp:attachment":[{"href":"https:\/\/turismo.aielodemalferit.es\/es\/wp-json\/wp\/v2\/media?parent=704"}],"curies":[{"name":"wp","href":"https:\/\/api.w.org\/{rel}","templated":true}]}}