{"id":677,"date":"2015-10-29T16:54:35","date_gmt":"2015-10-29T16:54:35","guid":{"rendered":"http:\/\/turismo.aielodemalferit.es\/?page_id=677"},"modified":"2015-10-30T07:44:26","modified_gmt":"2015-10-30T07:44:26","slug":"edad-moderna","status":"publish","type":"page","link":"https:\/\/turismo.aielodemalferit.es\/es\/edad-moderna\/","title":{"rendered":"Edad Moderna"},"content":{"rendered":"<h2>Los Malferit compraron la alquer\u00eda de Aielo y Cairent en el primer tercio del siglo XV. 1445 es una fecha simb\u00f3lica en la historia de Aielo, ya que Jaime de Malferit lleg\u00f3 a su nuevo dominio lleno de ideas renacentistas \u2013tras su paso por la exquisita corte de N\u00e1poles\u2013 y con una considerable fortuna.<\/h2>\n<p><hr class=\"clear\"\/><hr class=\"dotted\"\/><\/p>\n<div class=\"one_half \">Aielo contaba con poco m\u00e1s de una decena de casas, construidas de forma rudimentaria, y sin ning\u00fan tipo de planificaci\u00f3n urban\u00edstica. El se\u00f1or de Malferit se propuso modificar esta situaci\u00f3n y planific\u00f3 cuidadosamente la construcci\u00f3n de un nuevo Aielo al estilo de los pueblos italianos.<\/p>\n<p>El hijo de Jaime, Francisco de Malferit, hered\u00f3 Aielo, que ya contaba con una treintena de familias de moros vasallos y hab\u00eda alcanzado la categor\u00eda de \u00abpueblo\u00bb superando a la de simple \u00abalquer\u00eda\u00bb.<\/p>\n<p>Complet\u00f3 el sistema de acequias y construy\u00f3 un canal de madera. Esto supuso un cambio fundamental en la historia de Aielo, ya que se duplicaron el n\u00famero de familias moras residentes (de 30 a 60) y, por lo tanto, de casas.<\/p><\/div>\n<div class=\"one_half last \">Jaime II de Malferit continu\u00f3 con la pol\u00edtica de expansi\u00f3n de Aielo iniciada por su abuelo, ofreciendo atractivas condiciones a los moros para que se establecieran en sus posesiones: Aielo, Cairent y Vint-i-cinc. En 1493 viv\u00edan 63 familias musulmanas, 36 de ellas estables econ\u00f3micamente.<\/p>\n<p>Con motivo de la firma de las capitulaciones de boda de Francisco II de Malferit con Escol\u00e1stica de Vilanova y Castellano en 1493, se unen las baron\u00edas de Aielo y Cairent en un \u00fanico bloque indivisible.<\/p>\n<p>A principios del siglo XVI, Aielo fue v\u00edctima de una terrible epidemia que seg\u00f3 la vida de un tercio de la poblaci\u00f3n y dej\u00f3 a las familias desestructuradas y a las tierras sin trabajadores.<\/p>\n<p>Fue tal la magnitud del desastre que Francisco II de Malferit solicit\u00f3 \u2013y le fue concedida\u2013 al rey Fernando el Cat\u00f3lico la exenci\u00f3n del pago de impuestos durante 10 a\u00f1os.<\/p><\/div>\n<hr class=\"clearmargin\"\/>\n<div class=\"one_half \"><img decoding=\"async\" loading=\"lazy\" class=\"aligncenter wp-image-686 size-full\" src=\"https:\/\/turismo.aielodemalferit.es\/wp-content\/uploads\/2015\/10\/edad-moderna-jaime-malferit-aielo-01.jpg\" alt=\"Edad Moderna\" width=\"432\" height=\"326\" srcset=\"https:\/\/turismo.aielodemalferit.es\/wp-content\/uploads\/2015\/10\/edad-moderna-jaime-malferit-aielo-01.jpg 432w, https:\/\/turismo.aielodemalferit.es\/wp-content\/uploads\/2015\/10\/edad-moderna-jaime-malferit-aielo-01-300x226.jpg 300w\" sizes=\"(max-width: 432px) 100vw, 432px\" \/><\/div>\n<div class=\"one_half last \"><img decoding=\"async\" loading=\"lazy\" class=\"aligncenter wp-image-685 size-full\" src=\"https:\/\/turismo.aielodemalferit.es\/wp-content\/uploads\/2015\/10\/edad-moderna-expansion-aielo-02.jpg\" alt=\"Edad Moderna\" width=\"432\" height=\"326\" srcset=\"https:\/\/turismo.aielodemalferit.es\/wp-content\/uploads\/2015\/10\/edad-moderna-expansion-aielo-02.jpg 432w, https:\/\/turismo.aielodemalferit.es\/wp-content\/uploads\/2015\/10\/edad-moderna-expansion-aielo-02-300x226.jpg 300w\" sizes=\"(max-width: 432px) 100vw, 432px\" \/>\n<\/div>\n<p><hr class=\"clear\"\/><hr class=\"dotted\"\/><\/p>\n<h2>S. XVI &#8211; XVII<\/h2>\n<div class=\"one_third\">\n<p>La rebeli\u00f3n de las German\u00edas, en 1520, supondr\u00eda una vez m\u00e1s un cambio important\u00edsimo en la historia de Aielo.<\/p>\n<p>La victoria final de los realistas \u2013en cuyo ej\u00e9rcito sirvi\u00f3 de forma destacada el se\u00f1or de Malferit\u2013 y la imposici\u00f3n de la conversi\u00f3n al cristianismo a los musulmanes, transform\u00f3 a los moros de Aielo en \u201cmoriscos\u201d.<\/p>\n<p>En 1534 Juan de Ribera, arzobispo de Valencia, decide reorganizar el mapa pastoral para incluir a las nuevas \u201cparroquias moriscas\u201d. Aielo, que depend\u00eda de la iglesia de l\u2019Oller\u00eda, pasa a tener rector\u00eda propia y, por lo tanto, a necesitar una iglesia que se instalar\u00eda provisionalmente en la antigua mezquita.<\/p>\n<\/div>\n<div class=\"one_third\">\n<p>El se\u00f1or de Malferit don\u00f3 a la parroquia una casa contigua a la antigua mezquita y adem\u00e1s los terrenos en los que actualmente est\u00e1 la iglesia.<\/p>\n<p>En 1536 toma posesi\u00f3n de la baron\u00eda Francisco III \u201cEl Joven\u201d que morir\u00eda 4 a\u00f1os despu\u00e9s dejando como heredero a su hijo Jaime III de Malferit y Blai.<\/p>\n<p>En 1568 se hizo cargo de la herencia Juan de Malferit y Carr\u00f2s. En este periodo se produce un nuevo repunte de la econom\u00eda de Aielo con su correspondiente crecimiento demogr\u00e1fico que llega a 70 familias. Se duplicaron las extensiones dedicadas a la huerta y se construy\u00f3 el molino de All\u00e0 Baix. Juan fue sucedido por su hijo Lucas de Malferit y Vallebrera.<\/p>\n<\/div>\n<div class=\"one_third last\"><img decoding=\"async\" loading=\"lazy\" class=\"aligncenter wp-image-684 size-full\" src=\"https:\/\/turismo.aielodemalferit.es\/wp-content\/uploads\/2015\/10\/edad-moderna-germanias-aielo-03.jpg\" alt=\"Edad Moderna\" width=\"432\" height=\"326\" srcset=\"https:\/\/turismo.aielodemalferit.es\/wp-content\/uploads\/2015\/10\/edad-moderna-germanias-aielo-03.jpg 432w, https:\/\/turismo.aielodemalferit.es\/wp-content\/uploads\/2015\/10\/edad-moderna-germanias-aielo-03-300x226.jpg 300w\" sizes=\"(max-width: 432px) 100vw, 432px\" \/><\/div>\n<p><hr class=\"clear\"\/><hr class=\"dotted\"\/><\/p>\n<h2>S.XVII-XVIII<\/h2>\n<div class=\"one_half \">\n<p>En 1599-1600 hubo un brote de peste del que Aielo se libr\u00f3 al implantar un cord\u00f3n sanitario con guardias armados que imped\u00edan entrar a forasteros \u2013posibles portadores de la enfermedad\u2013 en el pueblo.<\/p>\n<p>En 1636 toma posesi\u00f3n de Aielo el hijo legitimado Francisco IV de Malferit. Probablemente por el hecho de residir en Aielo, este se\u00f1or\u00edo aport\u00f3 un nuevo impulso al pueblo propiciando el desarrollo agr\u00edcola. Gracias a esta actitud y a la sucesi\u00f3n de unos a\u00f1os sin guerras, ni plagas, con relativa estabilidad pol\u00edtica y buen clima, empieza a forjarse una pr\u00f3spera localidad. La hija primog\u00e9nita y heredera, Fausta de Malferit y Olzina se cas\u00f3 con Jacinto Roca y Ferrer, uno de los hombres m\u00e1s ricos e influyentes de X\u00e0tiva. Ambos tomaron posesi\u00f3n de la baron\u00eda de Aielo y Cairent en 1676 y se convertir\u00edan en los primeros marqueses de Malferit.<\/p>\n<p>En 1700 Aielo de Malferit contaba ya con 144 casas. Como herederos directos de Fausta, marquesa de Malferit, la sucedieron sus hijos Antonio, Ceferino, Francisco y Carlos, de forma sucesiva, tras morir en pocos a\u00f1os uno tras otro. El quinto hijo, F\u00e9lix, no llegar\u00eda a heredar.\n<\/p><\/div>\n<div class=\"one_half last \"><img decoding=\"async\" loading=\"lazy\" class=\"aligncenter wp-image-683 size-full\" src=\"https:\/\/turismo.aielodemalferit.es\/wp-content\/uploads\/2015\/10\/edad-moderna-casas-aielo-04.jpg\" alt=\"Edad Moderna\" width=\"432\" height=\"326\" srcset=\"https:\/\/turismo.aielodemalferit.es\/wp-content\/uploads\/2015\/10\/edad-moderna-casas-aielo-04.jpg 432w, https:\/\/turismo.aielodemalferit.es\/wp-content\/uploads\/2015\/10\/edad-moderna-casas-aielo-04-300x226.jpg 300w\" sizes=\"(max-width: 432px) 100vw, 432px\" \/><\/div>\n<p><hr class=\"clear\"\/><hr class=\"dotted\"\/><\/p>\n<h2>S. XVIII<\/h2>\n<div class=\"one_half \">\n<p>Durante la Guerra de Sucesi\u00f3n (1702-1714) los marqueses de Malferit, tras exiliarse a Madrid, tomaron parte activa luchando en el bando del Borb\u00f3n Felipe V. Antonio de Malferit y Roca muri\u00f3 en combate en 1700, y le sucedi\u00f3 su hermano Ceferino de Malferit y Roca.<\/p>\n<p>En 1732 se coloca la primera piedra de la nueva iglesia de San Pedro Ap\u00f3stol coincidiendo con el a\u00f1o de la boda del cuarto marqu\u00e9s, Francisco V Roca-Ferrer y Malferit. El quinto marqu\u00e9s de Malferit, Carlos-Jos\u00e9 Roca-Ferrer y Malferit, ser\u00eda el encargado de inaugurar la nueva iglesia en 1744.<\/p>\n<p>En 1760 tom\u00f3 posesi\u00f3n del se\u00f1or\u00edo de Aielo el sexto marqu\u00e9s, Salvador Roca Pertusa Malferit y Mil\u00e1n de Arag\u00f3n.<\/p>\n<p>En 1792 los aielenses inician un largu\u00edsimo proceso judicial para liberarse del se\u00f1or\u00edo del marqu\u00e9s que se prolongar\u00eda hasta 1858.<\/p><\/div>\n<div class=\"one_half last \"><img decoding=\"async\" loading=\"lazy\" class=\"aligncenter wp-image-682 size-full\" src=\"https:\/\/turismo.aielodemalferit.es\/wp-content\/uploads\/2015\/10\/edad-moderna-nueva-iglesia-aielo-05.jpg\" alt=\"Edad Moderna\" width=\"432\" height=\"326\" srcset=\"https:\/\/turismo.aielodemalferit.es\/wp-content\/uploads\/2015\/10\/edad-moderna-nueva-iglesia-aielo-05.jpg 432w, https:\/\/turismo.aielodemalferit.es\/wp-content\/uploads\/2015\/10\/edad-moderna-nueva-iglesia-aielo-05-300x226.jpg 300w\" sizes=\"(max-width: 432px) 100vw, 432px\" \/><\/div>\n<p><hr class=\"clear\"\/><hr class=\"dotted\"\/><\/p>\n<h2>LA TORMENTA DEL 97<\/h2>\n<div class=\"one_half \">\n<p>En octubre de 1797 una espantosa tormenta gener\u00f3 una riada que arranc\u00f3 el acueducto de madera de la acequia (donde hoy est\u00e1 el puente de la Arcada). Al marqu\u00e9s y sus vasallos no les qued\u00f3 otro remedio que dejar de lado sus diferencias y acordar el reparto de los costes de reconstrucci\u00f3n a fin de no perder la cosecha.<\/p>\n<p>A\u00fan as\u00ed, la relaci\u00f3n estaba ya tan enrarecida, que tras un arreglo provisional a\u00fan llevar\u00eda a\u00f1os culminar la reconstrucci\u00f3n definitiva.\n<\/p><\/div>\n<div class=\"one_half last \"><img decoding=\"async\" loading=\"lazy\" class=\"aligncenter wp-image-681 size-full\" src=\"https:\/\/turismo.aielodemalferit.es\/wp-content\/uploads\/2015\/10\/edad-moderna-reconstruccion-aielo-06.jpg\" alt=\"Edad Moderna\" width=\"432\" height=\"326\" srcset=\"https:\/\/turismo.aielodemalferit.es\/wp-content\/uploads\/2015\/10\/edad-moderna-reconstruccion-aielo-06.jpg 432w, https:\/\/turismo.aielodemalferit.es\/wp-content\/uploads\/2015\/10\/edad-moderna-reconstruccion-aielo-06-300x226.jpg 300w\" sizes=\"(max-width: 432px) 100vw, 432px\" \/><\/div>\n","protected":false},"excerpt":{"rendered":"<p>Los Malferit compraron la alquer\u00eda de Aielo y Cairent en el primer tercio del siglo XV. 1445 es una fecha simb\u00f3lica en la historia de Aielo, ya que Jaime de Malferit lleg\u00f3 a su nuevo dominio lleno de ideas renacentistas \u2013tras su paso por la exquisita [&hellip;]<\/p>\n","protected":false},"author":1,"featured_media":678,"parent":0,"menu_order":0,"comment_status":"closed","ping_status":"closed","template":"page_f.php","meta":[],"_links":{"self":[{"href":"https:\/\/turismo.aielodemalferit.es\/es\/wp-json\/wp\/v2\/pages\/677"}],"collection":[{"href":"https:\/\/turismo.aielodemalferit.es\/es\/wp-json\/wp\/v2\/pages"}],"about":[{"href":"https:\/\/turismo.aielodemalferit.es\/es\/wp-json\/wp\/v2\/types\/page"}],"author":[{"embeddable":true,"href":"https:\/\/turismo.aielodemalferit.es\/es\/wp-json\/wp\/v2\/users\/1"}],"replies":[{"embeddable":true,"href":"https:\/\/turismo.aielodemalferit.es\/es\/wp-json\/wp\/v2\/comments?post=677"}],"version-history":[{"count":22,"href":"https:\/\/turismo.aielodemalferit.es\/es\/wp-json\/wp\/v2\/pages\/677\/revisions"}],"predecessor-version":[{"id":833,"href":"https:\/\/turismo.aielodemalferit.es\/es\/wp-json\/wp\/v2\/pages\/677\/revisions\/833"}],"wp:featuredmedia":[{"embeddable":true,"href":"https:\/\/turismo.aielodemalferit.es\/es\/wp-json\/wp\/v2\/media\/678"}],"wp:attachment":[{"href":"https:\/\/turismo.aielodemalferit.es\/es\/wp-json\/wp\/v2\/media?parent=677"}],"curies":[{"name":"wp","href":"https:\/\/api.w.org\/{rel}","templated":true}]}}