{"id":662,"date":"2015-10-29T16:44:52","date_gmt":"2015-10-29T16:44:52","guid":{"rendered":"http:\/\/turismo.aielodemalferit.es\/?page_id=662"},"modified":"2015-10-30T07:51:07","modified_gmt":"2015-10-30T07:51:07","slug":"fuero-jurisdiccion-alfonsina","status":"publish","type":"page","link":"https:\/\/turismo.aielodemalferit.es\/es\/fuero-jurisdiccion-alfonsina\/","title":{"rendered":"Fuero de la Jurisdicci\u00f3n Alfonsina"},"content":{"rendered":"<div class=\"one_half \">\nEn el siglo XIV, tras a\u00f1os de prosperidad, los caballeros y burgueses valencianos que hab\u00edan acaparado numerosas tierras, se unen para solicitar al rey Alfonso IV de Arag\u00f3n, el Benigno, un fuero que les permitiera ejercer la jurisdicci\u00f3n sobre los colonos.<\/p>\n<p>Esta demanda fructifica en las Cortes Valencianas en una ley de 1329, el \u201cFuero de la Jurisdicci\u00f3n Alfonsina\u201d, por el que se conced\u00eda a los due\u00f1os de las alquer\u00edas que incluyeran como m\u00ednimo 7 casas si eran de moros, o 15 casas si eran de cristianos, ejercer sobre sus agricultores jurisdicci\u00f3n civil y parte de la criminal.<\/p><\/div>\n<div class=\"one_half last \"><img decoding=\"async\" loading=\"lazy\" class=\"aligncenter wp-image-667 size-full\" src=\"https:\/\/turismo.aielodemalferit.es\/wp-content\/uploads\/2015\/10\/fuero-aielo-alfonso-01.jpg\" alt=\"Fuero de la Jurisdicci\u00f3n Alfonsina\" width=\"432\" height=\"326\" srcset=\"https:\/\/turismo.aielodemalferit.es\/wp-content\/uploads\/2015\/10\/fuero-aielo-alfonso-01.jpg 432w, https:\/\/turismo.aielodemalferit.es\/wp-content\/uploads\/2015\/10\/fuero-aielo-alfonso-01-300x226.jpg 300w\" sizes=\"(max-width: 432px) 100vw, 432px\" \/><\/div>\n<hr class=\"clearmargin\"\/>\n<div class=\"one_half \">\n<img decoding=\"async\" loading=\"lazy\" class=\"aligncenter wp-image-666 size-full\" src=\"https:\/\/turismo.aielodemalferit.es\/wp-content\/uploads\/2015\/10\/fuero-aielo-alquerias-02.jpg\" alt=\"Fuero de la Jurisdicci\u00f3n Alfonsina\" width=\"432\" height=\"326\" srcset=\"https:\/\/turismo.aielodemalferit.es\/wp-content\/uploads\/2015\/10\/fuero-aielo-alquerias-02.jpg 432w, https:\/\/turismo.aielodemalferit.es\/wp-content\/uploads\/2015\/10\/fuero-aielo-alquerias-02-300x226.jpg 300w\" sizes=\"(max-width: 432px) 100vw, 432px\" \/><\/div>\n<div class=\"one_half last \">De este modo, las alquer\u00edas de Aielo y Cairent se convirtieron en uno de los \u00abse\u00f1or\u00edos alfonsinos\u00bb dependientes del centro administrativo de X\u00e0tiva.<\/p>\n<p>La Jurisdicci\u00f3n Alfonsina constituye una figura singular dentro de las jurisdicciones se\u00f1oriales valencianas, una concesi\u00f3n que buscaba fomentar la colonizaci\u00f3n del territorio \u2013 estimulando a los se\u00f1ores \u2013 y mantener el control sobre la multitud de peque\u00f1os lugares y alquer\u00edas, lo que acrecentaba la diferencia entre estamentos sociales.<\/p><\/div>\n","protected":false},"excerpt":{"rendered":"","protected":false},"author":1,"featured_media":663,"parent":0,"menu_order":0,"comment_status":"closed","ping_status":"closed","template":"page_f.php","meta":[],"_links":{"self":[{"href":"https:\/\/turismo.aielodemalferit.es\/es\/wp-json\/wp\/v2\/pages\/662"}],"collection":[{"href":"https:\/\/turismo.aielodemalferit.es\/es\/wp-json\/wp\/v2\/pages"}],"about":[{"href":"https:\/\/turismo.aielodemalferit.es\/es\/wp-json\/wp\/v2\/types\/page"}],"author":[{"embeddable":true,"href":"https:\/\/turismo.aielodemalferit.es\/es\/wp-json\/wp\/v2\/users\/1"}],"replies":[{"embeddable":true,"href":"https:\/\/turismo.aielodemalferit.es\/es\/wp-json\/wp\/v2\/comments?post=662"}],"version-history":[{"count":4,"href":"https:\/\/turismo.aielodemalferit.es\/es\/wp-json\/wp\/v2\/pages\/662\/revisions"}],"predecessor-version":[{"id":837,"href":"https:\/\/turismo.aielodemalferit.es\/es\/wp-json\/wp\/v2\/pages\/662\/revisions\/837"}],"wp:featuredmedia":[{"embeddable":true,"href":"https:\/\/turismo.aielodemalferit.es\/es\/wp-json\/wp\/v2\/media\/663"}],"wp:attachment":[{"href":"https:\/\/turismo.aielodemalferit.es\/es\/wp-json\/wp\/v2\/media?parent=662"}],"curies":[{"name":"wp","href":"https:\/\/api.w.org\/{rel}","templated":true}]}}