{"id":651,"date":"2015-10-29T16:35:49","date_gmt":"2015-10-29T16:35:49","guid":{"rendered":"http:\/\/turismo.aielodemalferit.es\/?page_id=651"},"modified":"2015-10-30T07:51:55","modified_gmt":"2015-10-30T07:51:55","slug":"edad-media","status":"publish","type":"page","link":"https:\/\/turismo.aielodemalferit.es\/es\/edad-media\/","title":{"rendered":"Edad Media"},"content":{"rendered":"<div class=\"one_half \">\n<h2>VISIGODOS<\/h2>\n<p>Desaparecido el Imperio Romano, Aielo \u2013Aggellu, diminutivo romance del lat\u00edn agger, que significa \u201cmuro defensivo\u201d\u2013, como casi toda la pen\u00ednsula, qued\u00f3 integrada en el reino de los visigodos, uno de los pueblos b\u00e1rbaros germanos que consiguieron doblegar al Imperio Romano.\n<\/p><\/div>\n<div class=\"one_half last \"><img decoding=\"async\" loading=\"lazy\" class=\"aligncenter wp-image-655 size-full\" src=\"https:\/\/turismo.aielodemalferit.es\/wp-content\/uploads\/2015\/10\/edad-media-aielo-visigodos-01.jpg\" alt=\"Edad Media\" width=\"432\" height=\"326\" srcset=\"https:\/\/turismo.aielodemalferit.es\/wp-content\/uploads\/2015\/10\/edad-media-aielo-visigodos-01.jpg 432w, https:\/\/turismo.aielodemalferit.es\/wp-content\/uploads\/2015\/10\/edad-media-aielo-visigodos-01-300x226.jpg 300w\" sizes=\"(max-width: 432px) 100vw, 432px\" \/><\/div>\n<p><hr class=\"clear\"\/><hr class=\"dotted\"\/><\/p>\n<div class=\"one_half \">\n<h2>S. VIII &#8211; S.XIII<\/h2>\n<p>A partir del a\u00f1o 711 \u2013durante los siglos VIII al XIII \u2013 los musulmanes, nuevos conquistadores, se establecen en\u00a0 las alquer\u00edas de Cria Vella, Por\u00e7ons, Cairent y Aielo. Esta \u00faltima fue elegida por su situaci\u00f3n estrat\u00e9gica junto al barranco y facilidad de defensa.<\/p>\n<p>Puede decirse que esta alquer\u00eda es el verdadero origen del pueblo y la \u00fanica que subsisti\u00f3 tras la colonizaci\u00f3n feudal del siglo XIII. La presencia musulmana trajo consigo una revoluci\u00f3n agr\u00edcola que determinar\u00eda el futuro del territorio valenciano: la creaci\u00f3n de peque\u00f1os huertos \u2013alimentados mediante un sofisticado sistema de regad\u00edo\u2013 que coexistir\u00e1n con la agricultura extensiva de cereales, vides, olivos y algarrobos.\n<\/p><\/div>\n<div class=\"one_half last \"><img decoding=\"async\" loading=\"lazy\" class=\"aligncenter wp-image-657 size-full\" src=\"https:\/\/turismo.aielodemalferit.es\/wp-content\/uploads\/2015\/10\/edad-media-aielo-regadio-03.jpg\" alt=\"Edad Media\" width=\"432\" height=\"326\" srcset=\"https:\/\/turismo.aielodemalferit.es\/wp-content\/uploads\/2015\/10\/edad-media-aielo-regadio-03.jpg 432w, https:\/\/turismo.aielodemalferit.es\/wp-content\/uploads\/2015\/10\/edad-media-aielo-regadio-03-300x226.jpg 300w\" sizes=\"(max-width: 432px) 100vw, 432px\" \/><\/div>\n<p><hr class=\"clear\"\/><hr class=\"dotted\"\/><\/p>\n<div class=\"one_half \">\n<h2>S. XIII &#8211; XIV<\/h2>\n<p>La conquista de X\u00e0tiva en 1244 por el rey Jaime I marca el inexorable inicio de la expulsi\u00f3n de los musulmanes y cristianizaci\u00f3n de toda la comarca, incluidas las alquer\u00edas de Pur\u00e7ons, Cairent, Cria Vella y Aielo. Durante la segunda mitad del siglo XIII Aielo se convirti\u00f3 en un refugio para los moros supervivientes de la guerra de 1248, culminando con la obtenci\u00f3n, en 1272, de una protecci\u00f3n especial de la Corona a trav\u00e9s de un estatuto de autonom\u00eda local. En este momento se concentr\u00f3 la poblaci\u00f3n de las alquer\u00edas en un solo n\u00facleo, Aielo.<\/p>\n<p>Sin embargo, este trato especial durar\u00eda poco y acabar\u00eda definitivamente tras la segunda revuelta general de los musulmanes valencianos que se alzaron esperando la llegada de tropas procedentes de Granada, y que fueron derrotadas por Pedro III de Arag\u00f3n (I de Valencia), llamado el Grande, hijo de Jaime I el Conquistador. A partir de este momento y durante los siguientes a\u00f1os se inicia la adjudicaci\u00f3n de tierras y alquer\u00edas a los nobles que lucharon junto a los vencedores, inici\u00e1ndose el periodo medieval con el dominio de los se\u00f1ores feudales.<\/p><\/div>\n<div class=\"one_half last \"><img decoding=\"async\" loading=\"lazy\" class=\"aligncenter wp-image-659 size-full\" src=\"https:\/\/turismo.aielodemalferit.es\/wp-content\/uploads\/2015\/10\/edad-media-aielo-sello-aragon-04.jpg\" alt=\"Edad Media\" width=\"432\" height=\"326\" srcset=\"https:\/\/turismo.aielodemalferit.es\/wp-content\/uploads\/2015\/10\/edad-media-aielo-sello-aragon-04.jpg 432w, https:\/\/turismo.aielodemalferit.es\/wp-content\/uploads\/2015\/10\/edad-media-aielo-sello-aragon-04-300x226.jpg 300w\" sizes=\"(max-width: 432px) 100vw, 432px\" \/><\/div>\n<hr class=\"clearmargin\"\/>\n<div class=\"one_half \">\n<img decoding=\"async\" loading=\"lazy\" class=\"aligncenter wp-image-656 size-full\" src=\"https:\/\/turismo.aielodemalferit.es\/wp-content\/uploads\/2015\/10\/edad-media-aielo-llibre-repartiment-05.jpg\" alt=\"Edad Media\" width=\"432\" height=\"326\" srcset=\"https:\/\/turismo.aielodemalferit.es\/wp-content\/uploads\/2015\/10\/edad-media-aielo-llibre-repartiment-05.jpg 432w, https:\/\/turismo.aielodemalferit.es\/wp-content\/uploads\/2015\/10\/edad-media-aielo-llibre-repartiment-05-300x226.jpg 300w\" sizes=\"(max-width: 432px) 100vw, 432px\" \/><\/p>\n<\/div>\n<div class=\"one_half last \">\nEn el \u201cLlibre del Repartiment\u201d de Valencia se recogen las donaciones hechas por el rey en 1249 de tierras pertenecientes a la alquer\u00eda de Aielo a los se\u00f1ores: Ram\u00f3n de Gallach, Pero Vaquero, Arnaldo Vaquero, Berenguer de Gallach, Mart\u00edn de Arcipreste y Gil Hardero, junto a otras donaciones colectivas. De este modo, las alquer\u00edas de Aielo y Cairent se convirtieron en uno de los \u201cse\u00f1or\u00edos alfonsinos\u201d dependientes del centro administrativo de X\u00e0tiva.<\/p>\n<p>El primer se\u00f1or de Aielo del que tenemos registro hist\u00f3rico fue Fort Descoll, vecino de X\u00e0tiva. Durante su \u00e9poca se sucedieron la Guerra de la Uni\u00f3n (1347-1348) y la Peste Negra (1348) que dejaron arrasado la Vall d&#8217;Albaida.<\/p>\n<p>En 1372 Pere Catal\u00e0, se\u00f1or de Agrillent, compr\u00f3 la alquer\u00eda de Aielo, covirti\u00e9ndose en el segundo se\u00f1or feudal del que tenemos constancia documental.<\/p>\n<p>En 1373 viv\u00edan en el pueblo 9 familias de colonos musulmanes, 4 de ellas \u00abpobres de solemnidad\u00bb y exentas de pagar impuestos.<br \/>\nLos terceros se\u00f1ores de Aielo fueron los jud\u00edos conversos Manuel Salvador padre y Manuel Salvador hijo, que no tardaron en vender la alquer\u00eda a la familia de los Garrig\u00f3s, vecinos de X\u00e0tiva, quienes conservaron Aielo durante m\u00e1s de 20 a\u00f1os.\n<\/p><\/div>\n","protected":false},"excerpt":{"rendered":"","protected":false},"author":1,"featured_media":652,"parent":0,"menu_order":0,"comment_status":"closed","ping_status":"closed","template":"page_f.php","meta":[],"_links":{"self":[{"href":"https:\/\/turismo.aielodemalferit.es\/es\/wp-json\/wp\/v2\/pages\/651"}],"collection":[{"href":"https:\/\/turismo.aielodemalferit.es\/es\/wp-json\/wp\/v2\/pages"}],"about":[{"href":"https:\/\/turismo.aielodemalferit.es\/es\/wp-json\/wp\/v2\/types\/page"}],"author":[{"embeddable":true,"href":"https:\/\/turismo.aielodemalferit.es\/es\/wp-json\/wp\/v2\/users\/1"}],"replies":[{"embeddable":true,"href":"https:\/\/turismo.aielodemalferit.es\/es\/wp-json\/wp\/v2\/comments?post=651"}],"version-history":[{"count":6,"href":"https:\/\/turismo.aielodemalferit.es\/es\/wp-json\/wp\/v2\/pages\/651\/revisions"}],"predecessor-version":[{"id":838,"href":"https:\/\/turismo.aielodemalferit.es\/es\/wp-json\/wp\/v2\/pages\/651\/revisions\/838"}],"wp:featuredmedia":[{"embeddable":true,"href":"https:\/\/turismo.aielodemalferit.es\/es\/wp-json\/wp\/v2\/media\/652"}],"wp:attachment":[{"href":"https:\/\/turismo.aielodemalferit.es\/es\/wp-json\/wp\/v2\/media?parent=651"}],"curies":[{"name":"wp","href":"https:\/\/api.w.org\/{rel}","templated":true}]}}