{"id":622,"date":"2015-10-29T15:46:19","date_gmt":"2015-10-29T15:46:19","guid":{"rendered":"http:\/\/turismo.aielodemalferit.es\/?page_id=622"},"modified":"2015-10-30T08:14:27","modified_gmt":"2015-10-30T08:14:27","slug":"edad-contemporanea-s-xix","status":"publish","type":"page","link":"https:\/\/turismo.aielodemalferit.es\/es\/edad-contemporanea-s-xix\/","title":{"rendered":"Edad Contempor\u00e1nea S. XIX"},"content":{"rendered":"<h2>GUERRA DE LA INDEPENDENCIA<\/h2>\n<div class=\"one_half \">\n<p>La invasi\u00f3n napole\u00f3nica de Espa\u00f1a en 1808 dar\u00eda lugar a la que se llam\u00f3 Guerra del Franc\u00e9s o Guerra de la Independencia. Desde el primer momento en la Vall d\u2019Albaida se organizan guerrillas para hacer frente al invasor que lleg\u00f3, al mando del mariscal Suchet, en 1811. Los franceses se establecieron en los puntos que consideraron m\u00e1s estrat\u00e9gicos, descartando Aielo porque quedaba fuera de las rutas principales.<\/p><\/div>\n<div class=\"one_half last \"><img decoding=\"async\" loading=\"lazy\" class=\"aligncenter wp-image-629 size-full\" src=\"https:\/\/turismo.aielodemalferit.es\/wp-content\/uploads\/2015\/10\/edad-contemporanea-1-02-suchet-aielo-02.jpg\" alt=\"mariscal Suchet\" width=\"432\" height=\"326\" srcset=\"https:\/\/turismo.aielodemalferit.es\/wp-content\/uploads\/2015\/10\/edad-contemporanea-1-02-suchet-aielo-02.jpg 432w, https:\/\/turismo.aielodemalferit.es\/wp-content\/uploads\/2015\/10\/edad-contemporanea-1-02-suchet-aielo-02-300x226.jpg 300w\" sizes=\"(max-width: 432px) 100vw, 432px\" \/><\/div>\n<hr class=\"clearmargin\"\/>\n<div class=\"one_half \"><img decoding=\"async\" loading=\"lazy\" class=\"aligncenter wp-image-637 size-full\" src=\"https:\/\/turismo.aielodemalferit.es\/wp-content\/uploads\/2015\/10\/edad-contemporanea-1-03-guerrilleros-aielo.jpg\" alt=\"GUERRA DE LA INDEPENDENCIA \" width=\"432\" height=\"326\" srcset=\"https:\/\/turismo.aielodemalferit.es\/wp-content\/uploads\/2015\/10\/edad-contemporanea-1-03-guerrilleros-aielo.jpg 432w, https:\/\/turismo.aielodemalferit.es\/wp-content\/uploads\/2015\/10\/edad-contemporanea-1-03-guerrilleros-aielo-300x226.jpg 300w\" sizes=\"(max-width: 432px) 100vw, 432px\" \/><\/div>\n<div class=\"one_half last \">No obstante la localidad tuvo que entregar a los franceses alimentos y dinero, lo que dej\u00f3 al pueblo exhausto. Muchos aielenses se alistaron en las guerrillas y combatieron contra los franceses en distintos frentes.<\/p>\n<p>Francisco Armengol Border\u00eda, destaca entre \u00e9stos, se alist\u00f3 como soldado en 1808 y acab\u00f3 siendo un relevante esp\u00eda y guerrillero.<\/p>\n<p>En abril de 1812 se produjo en las calles de Aielo un cruento combate entre las tropas francesas y 300 guerrilleros capitaneados por Manuel Aparici. Los guerrilleros fueron masacrados.<\/p><\/div>\n<p><hr class=\"clear\"\/><hr class=\"dotted\"\/><\/p>\n<h2>LA PEPA: CONSTITUCI\u00d3N DE 1812<\/h2>\n<div class=\"one_half \">\n<p>En el \u00e1mbito de las ideas, Espa\u00f1a reaccion\u00f3 a la invasi\u00f3n de Napole\u00f3n con un florecimiento del pensamiento liberal que culminar\u00eda con la convocatoria a las Cortes de C\u00e1diz y la redacci\u00f3n de la Constituci\u00f3n de 1812, \u201cla Pepa\u201d.<\/p>\n<p>La ocupaci\u00f3n del trono por Fernando VII acab\u00f3 con todas las aspiraciones liberales que fueron sustituidas por el absolutismo mon\u00e1rquico.<\/p>\n<p>En este nuevo ambiente pol\u00edtico el marqu\u00e9s recuper\u00f3 todos sus privilegios.<\/p><\/div>\n<div class=\"one_half last \"><img decoding=\"async\" loading=\"lazy\" class=\"aligncenter wp-image-628 size-full\" src=\"https:\/\/turismo.aielodemalferit.es\/wp-content\/uploads\/2015\/10\/edad-contemporanea-1-04-cortes-cadiz-aielo-04.jpg\" alt=\"LA PEPA: CONSTITUCI\u00d3N DE 1812\" width=\"432\" height=\"326\" srcset=\"https:\/\/turismo.aielodemalferit.es\/wp-content\/uploads\/2015\/10\/edad-contemporanea-1-04-cortes-cadiz-aielo-04.jpg 432w, https:\/\/turismo.aielodemalferit.es\/wp-content\/uploads\/2015\/10\/edad-contemporanea-1-04-cortes-cadiz-aielo-04-300x226.jpg 300w\" sizes=\"(max-width: 432px) 100vw, 432px\" \/><\/div>\n<hr class=\"clearmargin\"\/>\n<div class=\"one_half \"><img decoding=\"async\" loading=\"lazy\" class=\"aligncenter wp-image-634 size-full\" src=\"https:\/\/turismo.aielodemalferit.es\/wp-content\/uploads\/2015\/10\/edad-contemporanea-1-05-municipio-aielo.jpg\" alt=\"LA PEPA: CONSTITUCI\u00d3N DE 1812\" width=\"432\" height=\"326\" srcset=\"https:\/\/turismo.aielodemalferit.es\/wp-content\/uploads\/2015\/10\/edad-contemporanea-1-05-municipio-aielo.jpg 432w, https:\/\/turismo.aielodemalferit.es\/wp-content\/uploads\/2015\/10\/edad-contemporanea-1-05-municipio-aielo-300x226.jpg 300w\" sizes=\"(max-width: 432px) 100vw, 432px\" \/><\/div>\n<div class=\"one_half last \">El 18 de enero de 1818 seis vecinos de Aielo fundan la primera banda de m\u00fasica del pueblo que se lucir\u00eda de forma especial en los actos festivos de 1820, tras el triunfo del pronunciamiento de Riego, la restauraci\u00f3n de la Constituci\u00f3n de 1812, y el inicio del Trienio Liberal.<\/p>\n<p>La subida al trono de la reina ni\u00f1a, Isabel II, tutelada por su madre Mar\u00eda Cristina, inicia un periodo de importantes reformas entre las que destaca una nueva organizaci\u00f3n territorial \u2013 por la desaparici\u00f3n de los se\u00f1or\u00edos \u2013 en municipios y provincias.<br \/>\n1820. Muere, a los 81 a\u00f1os de edad, el marqu\u00e9s Salvador Roca. Le sucedi\u00f3 como VI marquesa Ignacia-Rosa.<\/p>\n<p>Aielo de Malferit pasa a pertenecer a la provincia de Alicante, y tres a\u00f1os despu\u00e9s a la de Valencia.<\/p><\/div>\n<p><hr class=\"clear\"\/><hr class=\"dotted\"\/><\/p>\n<h2>PRIMERA GUERRA CARLISTA<\/h2>\n<div class=\"one_half \">\n<p>1833 marca el inicio de uno de los episodios m\u00e1s violentos de la historia de Espa\u00f1a: el hermano de Fernando VII, Carlos de Borb\u00f3n, no acepta la coronaci\u00f3n de Isabel II, lo que provoca el inicio de la primera Guerra Carlista (1833-1839). Seis a\u00f1os de cruentas luchas con episodios puntuales en la comarca en general y Aielo en particular.<\/p>\n<p>En 1834 Pascual Mercader y Roca se convertir\u00eda en el VII y \u00faltimo se\u00f1or\u00a0 de Malferit.<\/p>\n<p>Se inicia un periodo, hasta 1837, en que la regente Mar\u00eda Cristina firma un decreto por el que son disueltos definitivamente los se\u00f1or\u00edos territoriales, entre ellos la baron\u00eda de Aielo y Cairent. No obstante, los marqueses mantuvieron el pleito abierto durante a\u00f1os hasta que en 1858 una sentencia judicial zanj\u00f3 definitivamente este asunto.<\/p>\n<\/div>\n<div class=\"one_half last \"><img decoding=\"async\" loading=\"lazy\" class=\"aligncenter wp-image-636 size-full\" src=\"https:\/\/turismo.aielodemalferit.es\/wp-content\/uploads\/2015\/10\/edad-contemporanea-1-06-guerra-carlista-aielo.jpg\" alt=\"PRIMERA GUERRA CARLISTA\" width=\"432\" height=\"326\" srcset=\"https:\/\/turismo.aielodemalferit.es\/wp-content\/uploads\/2015\/10\/edad-contemporanea-1-06-guerra-carlista-aielo.jpg 432w, https:\/\/turismo.aielodemalferit.es\/wp-content\/uploads\/2015\/10\/edad-contemporanea-1-06-guerra-carlista-aielo-300x226.jpg 300w\" sizes=\"(max-width: 432px) 100vw, 432px\" \/><\/div>\n<p><hr class=\"clear\"\/><hr class=\"dotted\"\/><\/p>\n<h2>EPIDEMIA DE C\u00d3LERA<\/h2>\n<div class=\"one_half \">\n<p>En 1834 se produjo una epidemia de c\u00f3lera que dio origen a las fiestas consagradas al Sant\u00edsimo Cristo de la Pobreza bajo el rectorado de Juan-Bautista Bataller Pl\u00e0 que dej\u00f3 escrito: \u201cContinuamos los referidos ejercicios hasta que desapareci\u00f3 de nuestro Reino aquella plaga, y cuando tanta orfandad, tanto llanto y desastres caus\u00f3 en nuestra Espa\u00f1a aquella desoladora calamidad, Ayelo de Malferit pudo gloriarse haber sido preservado de raro castigo; pues de 19 casos que hubo de c\u00f3lera, murieron solamente 9 not\u00e1ndose que ni hubo otras enfermedades, ni m\u00e1s finados en los cuatro meses de aquella calamidad, y aun puede a\u00f1adirse, que desde mitad de Junio hasta mitad de Agosto, no se abri\u00f3 el Cementerio siquiera para un parvulillo. Este es el favor de que esta Villa se cree deudora a su Soberano Bienhechor el Smo. Cristo de la Pobreza, sin un sinn\u00famero que diferentes veces ha logrado lo mismo\u201d.<\/p>\n<\/div>\n<div class=\"one_half last \"><img decoding=\"async\" loading=\"lazy\" class=\"aligncenter wp-image-635 size-full\" src=\"https:\/\/turismo.aielodemalferit.es\/wp-content\/uploads\/2015\/10\/edad-contemporanea-1-07-colera-aielo.jpg\" alt=\"EPIDEMIA DE C\u00d3LERA\" width=\"432\" height=\"326\" srcset=\"https:\/\/turismo.aielodemalferit.es\/wp-content\/uploads\/2015\/10\/edad-contemporanea-1-07-colera-aielo.jpg 432w, https:\/\/turismo.aielodemalferit.es\/wp-content\/uploads\/2015\/10\/edad-contemporanea-1-07-colera-aielo-300x226.jpg 300w\" sizes=\"(max-width: 432px) 100vw, 432px\" \/><\/div>\n<p><hr class=\"clear\"\/><hr class=\"dotted\"\/><\/p>\n<div class=\"one_half \"><img decoding=\"async\" loading=\"lazy\" class=\"aligncenter wp-image-632 size-full\" src=\"https:\/\/turismo.aielodemalferit.es\/wp-content\/uploads\/2015\/10\/edad-contemporanea-1-08-reliquia-aielo.jpg\" alt=\"EPIDEMIA DE C\u00d3LERA\" width=\"432\" height=\"326\" srcset=\"https:\/\/turismo.aielodemalferit.es\/wp-content\/uploads\/2015\/10\/edad-contemporanea-1-08-reliquia-aielo.jpg 432w, https:\/\/turismo.aielodemalferit.es\/wp-content\/uploads\/2015\/10\/edad-contemporanea-1-08-reliquia-aielo-300x226.jpg 300w\" sizes=\"(max-width: 432px) 100vw, 432px\" \/><\/div>\n<div class=\"one_half last \">\n<h4>1837<\/h4>\n<p>Inauguraci\u00f3n del Hospital Ben\u00e9fico o asilo de pobres y enfermos, bajo el patrocinio del matrimonio Bautista Calabuig Vicent y su mujer Rita Castell\u00f3 Alonso.<\/p>\n<h4>1840<\/h4>\n<p>Llegan de Roma a Aielo las reliquias de San Engracio M\u00e1rtir.<\/p>\n<h4>1846-1849<\/h4>\n<p>Segunda Guerra Carlista que solo deja un episodio en Aielo, cercado por las tropas gubernamentales en 1849 para \u201creconocimiento de todas las casas sospechosas [&#8230;] y deteniendo a varios individuos sospechosos por sus antecedentes [&#8230;]\u201d.<\/p>\n<h4>1854<\/h4>\n<p>Epidemia de c\u00f3lera siega la vida de 46 vecinos<\/p>\n<\/div>\n<hr class=\"clearmargin\"\/>\n<div class=\"one_half \">\n<h4>1855<\/h4>\n<p>Nombramiento del primer m\u00e9dico municipal de Aielo,\u00a0 Mariano Ferrer Juan pagado por el ayuntamiento y los vecinos pudientes, a cambio de asumir la obligaci\u00f3n de atender gratuitamente a los denominados pobres de solemnidad.<\/p>\n<h4>1866-1874<\/h4>\n<p>La fuerte crisis econ\u00f3mica y su consiguiente malestar social lleva a la reina Isabel II al exilio y da paso al Sexenio Democr\u00e1tico (1868-1874). En este periodo se constituye en Aielo uno de los primeros comit\u00e9s republicanos de la Vall d\u2019Albaida.<\/p>\n<h4>1872-1876<\/h4>\n<p>Tercera Guerra Carlista durante la cual los carlistas entraron en Aielo y secuestraron a numerosas mujeres que solo liberaron tras cobrar un sustancioso rescate.<\/p>\n<\/div>\n<div class=\"one_half last \"><img decoding=\"async\" loading=\"lazy\" class=\"aligncenter wp-image-633 size-full\" src=\"https:\/\/turismo.aielodemalferit.es\/wp-content\/uploads\/2015\/10\/edad-contemporanea-1-09-sexenio-aielo.jpg\" alt=\"EPIDEMIA DE C\u00d3LERA\" width=\"432\" height=\"326\" srcset=\"https:\/\/turismo.aielodemalferit.es\/wp-content\/uploads\/2015\/10\/edad-contemporanea-1-09-sexenio-aielo.jpg 432w, https:\/\/turismo.aielodemalferit.es\/wp-content\/uploads\/2015\/10\/edad-contemporanea-1-09-sexenio-aielo-300x226.jpg 300w\" sizes=\"(max-width: 432px) 100vw, 432px\" \/><\/div>\n<hr class=\"clearmargin\"\/>\n<div class=\"one_half \"><img decoding=\"async\" loading=\"lazy\" class=\"aligncenter wp-image-627 size-full\" src=\"https:\/\/turismo.aielodemalferit.es\/wp-content\/uploads\/2015\/10\/edad-contemporanea-1-10-beneficencia-aielo.jpg\" alt=\"EPIDEMIA DE C\u00d3LERA\" width=\"432\" height=\"326\" srcset=\"https:\/\/turismo.aielodemalferit.es\/wp-content\/uploads\/2015\/10\/edad-contemporanea-1-10-beneficencia-aielo.jpg 432w, https:\/\/turismo.aielodemalferit.es\/wp-content\/uploads\/2015\/10\/edad-contemporanea-1-10-beneficencia-aielo-300x226.jpg 300w\" sizes=\"(max-width: 432px) 100vw, 432px\" \/><\/div>\n<div class=\"one_half last \">\n<h4>1876<\/h4>\n<p>Rehabilitaci\u00f3n de una casa municipal en la plaza del Palacio, unida a la casa capitular para aulas de ambos sexos y habitaci\u00f3n de los profesores, el matrimonio Bord\u00e1s-Giron\u00e9s.<\/p>\n<h4>1882<\/h4>\n<p>Mejora de los servicios del hospital gracias a la herencia de las hermanas Mar\u00eda y Rufina Sanz Belda. En 1888 se instalaron en el hospital unas monjas franciscanas constituidas en comunidad mon\u00e1stica \u2013 Terciarias de San Francisco de As\u00eds \u2013 para atender a los enfermos y abrir un parvulario. Posteriormente, otras donaciones privadas les permitieron comprar un solar y edificar el nuevo Hospital de la Beneficencia cuyas obras finalizar\u00edan en 1913.<\/p>\n<\/div>\n<hr class=\"clearmargin\"\/>\n<div class=\"one_half \">\n<h4>1885<\/h4>\n<p>Otra epidemia de c\u00f3lera provoca la muerte de 57 aielenses.<\/p>\n<h4>1891<\/h4>\n<p>Inauguraci\u00f3n de la Casa de los Pobres (en la actual calle de San Vicente) para atender a pobres y transe\u00fantes y separarlos de los enfermos atendidos en el hospital.<\/p>\n<h4>1892<\/h4>\n<p>Son maestros Leonardo Carreres y Mar\u00eda Teresa Arab\u00ed. Esta \u00faltima se hace cargo de la escuela de costura para ni\u00f1as que regentar\u00eda durante 48 a\u00f1os.\u00a0 Leonardo Carreres ejerci\u00f3 como maestro durante 42 a\u00f1os. Lleg\u00f3 a ser alcalde y fue una de las personas que m\u00e1s contribuy\u00f3 a mejorar la educaci\u00f3n en Aielo. Como homenaje y reconocimiento a la labor social y educativa de ambos maestros, el Ayuntamiento dedic\u00f3 sus nombres a sendas calles.<\/p><\/div>\n<div class=\"one_half last \"><img decoding=\"async\" loading=\"lazy\" class=\"aligncenter wp-image-631 size-full\" src=\"https:\/\/turismo.aielodemalferit.es\/wp-content\/uploads\/2015\/10\/edad-contemporanea-1-11-maestros-aielo.jpg\" alt=\"EPIDEMIA DE C\u00d3LERA\" width=\"432\" height=\"326\" srcset=\"https:\/\/turismo.aielodemalferit.es\/wp-content\/uploads\/2015\/10\/edad-contemporanea-1-11-maestros-aielo.jpg 432w, https:\/\/turismo.aielodemalferit.es\/wp-content\/uploads\/2015\/10\/edad-contemporanea-1-11-maestros-aielo-300x226.jpg 300w\" sizes=\"(max-width: 432px) 100vw, 432px\" \/><\/div>\n<hr class=\"clearmargin\"\/>\n<div class=\"one_half \"><a href=\"https:\/\/turismo.aielodemalferit.es\/wp-content\/uploads\/2015\/10\/edad-contemporanea-1-12-guerra-cuba-aielo.jpg\"><img decoding=\"async\" loading=\"lazy\" class=\"aligncenter size-full wp-image-630\" src=\"https:\/\/turismo.aielodemalferit.es\/wp-content\/uploads\/2015\/10\/edad-contemporanea-1-12-guerra-cuba-aielo.jpg\" alt=\"EPIDEMIA DE C\u00d3LERA\" width=\"432\" height=\"326\" srcset=\"https:\/\/turismo.aielodemalferit.es\/wp-content\/uploads\/2015\/10\/edad-contemporanea-1-12-guerra-cuba-aielo.jpg 432w, https:\/\/turismo.aielodemalferit.es\/wp-content\/uploads\/2015\/10\/edad-contemporanea-1-12-guerra-cuba-aielo-300x226.jpg 300w\" sizes=\"(max-width: 432px) 100vw, 432px\" \/><\/a><\/div>\n<div class=\"one_half last \">\n<h4>1896-1898<\/h4>\n<p>Varios j\u00f3venes de Aielo son movilizados para partir a la Guerra de Cuba. Vicent Juan Soler, uno de los que lograron regresar, fue condecorado con la Cruz de Plata al M\u00e9rito Militar con distintivo rojo por su heroica participaci\u00f3n en la batalla de Santa Rosa.<\/p>\n<\/div>\n","protected":false},"excerpt":{"rendered":"<p>GUERRA DE LA INDEPENDENCIA LA PEPA: CONSTITUCI\u00d3N DE 1812 PRIMERA GUERRA CARLISTA EPIDEMIA DE C\u00d3LERA<\/p>\n","protected":false},"author":1,"featured_media":623,"parent":0,"menu_order":0,"comment_status":"closed","ping_status":"closed","template":"page_f.php","meta":[],"_links":{"self":[{"href":"https:\/\/turismo.aielodemalferit.es\/es\/wp-json\/wp\/v2\/pages\/622"}],"collection":[{"href":"https:\/\/turismo.aielodemalferit.es\/es\/wp-json\/wp\/v2\/pages"}],"about":[{"href":"https:\/\/turismo.aielodemalferit.es\/es\/wp-json\/wp\/v2\/types\/page"}],"author":[{"embeddable":true,"href":"https:\/\/turismo.aielodemalferit.es\/es\/wp-json\/wp\/v2\/users\/1"}],"replies":[{"embeddable":true,"href":"https:\/\/turismo.aielodemalferit.es\/es\/wp-json\/wp\/v2\/comments?post=622"}],"version-history":[{"count":24,"href":"https:\/\/turismo.aielodemalferit.es\/es\/wp-json\/wp\/v2\/pages\/622\/revisions"}],"predecessor-version":[{"id":849,"href":"https:\/\/turismo.aielodemalferit.es\/es\/wp-json\/wp\/v2\/pages\/622\/revisions\/849"}],"wp:featuredmedia":[{"embeddable":true,"href":"https:\/\/turismo.aielodemalferit.es\/es\/wp-json\/wp\/v2\/media\/623"}],"wp:attachment":[{"href":"https:\/\/turismo.aielodemalferit.es\/es\/wp-json\/wp\/v2\/media?parent=622"}],"curies":[{"name":"wp","href":"https:\/\/api.w.org\/{rel}","templated":true}]}}