{"id":541,"date":"2015-10-28T16:16:55","date_gmt":"2015-10-28T16:16:55","guid":{"rendered":"http:\/\/turismo.aielodemalferit.es\/?page_id=541"},"modified":"2015-10-30T08:15:24","modified_gmt":"2015-10-30T08:15:24","slug":"prehistoria-y-edad-antigua","status":"publish","type":"page","link":"https:\/\/turismo.aielodemalferit.es\/es\/prehistoria-y-edad-antigua\/","title":{"rendered":"Prehistoria y Edad Antigua"},"content":{"rendered":"<h2>Los restos arqueol\u00f3gicos m\u00e1s antiguos encontrados en el t\u00e9rmino municipal de Aielo son cer\u00e1micas de la Edad de Bronce en la Serra Grossa.<\/h2>\n<hr class=\"dotted\"\/>\n<div class=\"one_third\"><img decoding=\"async\" loading=\"lazy\" class=\"aligncenter wp-image-542 size-full\" src=\"https:\/\/turismo.aielodemalferit.es\/wp-content\/uploads\/2015\/10\/prehistoria-aielo-01.jpg\" alt=\"Prehistoria y Edad Antigua\" width=\"432\" height=\"326\" srcset=\"https:\/\/turismo.aielodemalferit.es\/wp-content\/uploads\/2015\/10\/prehistoria-aielo-01.jpg 432w, https:\/\/turismo.aielodemalferit.es\/wp-content\/uploads\/2015\/10\/prehistoria-aielo-01-300x226.jpg 300w\" sizes=\"(max-width: 432px) 100vw, 432px\" \/><\/p>\n<p>&nbsp;<\/p>\n<p>El arque\u00f3logo Josep Beneyto encontr\u00f3 pruebas de asentamientos humanos durante este periodo en el Alt de la Cova de Canet, el Tossal del Llobero y el Moll\u00f3 de les Mentires, este \u00faltimo en la Serra de l\u2019Ombria.<\/p><\/div>\n<div class=\"one_third\"><img decoding=\"async\" loading=\"lazy\" class=\"aligncenter wp-image-544 size-full\" src=\"https:\/\/turismo.aielodemalferit.es\/wp-content\/uploads\/2015\/10\/prehistoria-aielo-02.jpg\" alt=\"Prehistoria y Edad Antigua\" width=\"432\" height=\"326\" srcset=\"https:\/\/turismo.aielodemalferit.es\/wp-content\/uploads\/2015\/10\/prehistoria-aielo-02.jpg 432w, https:\/\/turismo.aielodemalferit.es\/wp-content\/uploads\/2015\/10\/prehistoria-aielo-02-300x226.jpg 300w\" sizes=\"(max-width: 432px) 100vw, 432px\" \/><\/p>\n<p>&nbsp;<\/p>\n<p>El c\u00e9lebre ge\u00f3logo y paleont\u00f3logo Juan Vilanova y Piera (1821-1893) realiz\u00f3 en el Moll\u00f3 de les Mentires, en 1867, lo que est\u00e1 considerado como el primer estudio cient\u00edfico de un yacimiento arqueol\u00f3gico en Espa\u00f1a.<\/p><\/div>\n<div class=\"one_third last\">\n<p><img decoding=\"async\" loading=\"lazy\" class=\"aligncenter wp-image-543 size-full\" src=\"https:\/\/turismo.aielodemalferit.es\/wp-content\/uploads\/2015\/10\/prehistoria-aielo-03.jpg\" alt=\"Prehistoria y Edad Antigua\" width=\"432\" height=\"326\" srcset=\"https:\/\/turismo.aielodemalferit.es\/wp-content\/uploads\/2015\/10\/prehistoria-aielo-03.jpg 432w, https:\/\/turismo.aielodemalferit.es\/wp-content\/uploads\/2015\/10\/prehistoria-aielo-03-300x226.jpg 300w\" sizes=\"(max-width: 432px) 100vw, 432px\" \/><\/p>\n<p><strong>A.D.C<\/strong><br \/>\nCon el transcurso de los siglos y los movimientos migratorios, \u00cdBEROS Y ROMANOS pasaron por las tierras de Aielo dejando constancia en los restos arqueol\u00f3gicos, de unos y otros, hallados a lo largo del tiempo, como en la partida de Bonavista y Cairent.<\/p>\n<\/div>\n","protected":false},"excerpt":{"rendered":"<p>Los restos arqueol\u00f3gicos m\u00e1s antiguos encontrados en el t\u00e9rmino municipal de Aielo son cer\u00e1micas de la Edad de Bronce en la Serra Grossa.<\/p>\n","protected":false},"author":1,"featured_media":549,"parent":0,"menu_order":0,"comment_status":"closed","ping_status":"closed","template":"page_f.php","meta":[],"_links":{"self":[{"href":"https:\/\/turismo.aielodemalferit.es\/es\/wp-json\/wp\/v2\/pages\/541"}],"collection":[{"href":"https:\/\/turismo.aielodemalferit.es\/es\/wp-json\/wp\/v2\/pages"}],"about":[{"href":"https:\/\/turismo.aielodemalferit.es\/es\/wp-json\/wp\/v2\/types\/page"}],"author":[{"embeddable":true,"href":"https:\/\/turismo.aielodemalferit.es\/es\/wp-json\/wp\/v2\/users\/1"}],"replies":[{"embeddable":true,"href":"https:\/\/turismo.aielodemalferit.es\/es\/wp-json\/wp\/v2\/comments?post=541"}],"version-history":[{"count":13,"href":"https:\/\/turismo.aielodemalferit.es\/es\/wp-json\/wp\/v2\/pages\/541\/revisions"}],"predecessor-version":[{"id":850,"href":"https:\/\/turismo.aielodemalferit.es\/es\/wp-json\/wp\/v2\/pages\/541\/revisions\/850"}],"wp:featuredmedia":[{"embeddable":true,"href":"https:\/\/turismo.aielodemalferit.es\/es\/wp-json\/wp\/v2\/media\/549"}],"wp:attachment":[{"href":"https:\/\/turismo.aielodemalferit.es\/es\/wp-json\/wp\/v2\/media?parent=541"}],"curies":[{"name":"wp","href":"https:\/\/api.w.org\/{rel}","templated":true}]}}