{"id":2617,"date":"2022-09-05T11:42:13","date_gmt":"2022-09-05T11:42:13","guid":{"rendered":"https:\/\/turismo.aielodemalferit.es\/inici\/"},"modified":"2026-02-05T15:43:42","modified_gmt":"2026-02-05T15:43:42","slug":"inicio","status":"publish","type":"page","link":"https:\/\/turismo.aielodemalferit.es\/es\/","title":{"rendered":"AIELO DE MALFERIT"},"content":{"rendered":"<p style=\"margin: 0; padding:0; \">[wpgmza id=\u00bb33&#8243;]<\/p>\n<div class=\"titulo-home\" style=\"margin-top:20px;\">\n<h2 class=\"has-text-align-center ppb_title\">LUGARES DE INTER\u00c9S<\/h2>\n<p class=\"has-text-align-center page_caption_desc\"><em>HAZ CLIC SOBRE LAS IM\u00c1GENES PARA SABER M\u00c1S<\/em><\/p>\n<\/div>\n<div\n    class=\"portfolio_filter_wrapper three_cols fullwidth shortcode gallery section content clearfix visible isotope\"><\/p>\n<div class=\"element portfolio3filter_wrapper isotope-item\"\n        style=\"position: absolute; left: 0px; top: 0px; transform: translate3d(0px, 0px, 0px);\"><\/p>\n<div class=\"one_third gallery3 filterable gallery_type animated1 fadeIn\"><a\n                href=\"https:\/\/turismo.aielodemalferit.es\/es\/tours\/palacio-castillo-marqueses-malferit\/\"> <img\n                    src=\"https:\/\/turismo.aielodemalferit.es\/wp-content\/uploads\/2015\/10\/palau-marqueses-aielo-de-malferit-turistico1-560x460.jpg\"\n                    alt=\"Palau-Castell dels Malferit\" \/> <\/a><\/p>\n<div class=\"thumb_content fullwidth \">\n<div class=\"thumb_title\">\n<h3>Palacio-Castillo de los Malferit <br \/><span>Siglos XV &#8211; XVIII<\/span><\/h3>\n<\/p><\/div>\n<div class=\"thumb_meta\"> <\/div>\n<\/p><\/div>\n<\/p><\/div>\n<\/p><\/div>\n<div class=\"element portfolio3filter_wrapper isotope-item\"\n        style=\"position: absolute; left: 0px; top: 0px; transform: translate3d(936px, 0px, 0px);\"><\/p>\n<div class=\"one_third gallery3 filterable gallery_type animated3 fadeIn\"><a\n                href=\"https:\/\/turismo.aielodemalferit.es\/es\/tours\/iglesia-parroquial\/\"> <img\n                    src=\"https:\/\/turismo.aielodemalferit.es\/wp-content\/uploads\/2015\/10\/iglesia-aielo-de-malferit-turistico-560x460.jpg\"\n                    alt=\"Iglesia parroquial de San Pedro Ap\u00f3stol\" \/> <\/a><\/p>\n<div class=\"thumb_content fullwidth \">\n<div class=\"thumb_title\">\n<h3>Iglesia parroquial de San Pedro Ap\u00f3stol<br \/><span>1732 &#8211; 1744<\/span><\/h3>\n<\/p><\/div>\n<div class=\"thumb_meta\"> <\/div>\n<\/p><\/div>\n<\/p><\/div>\n<\/p><\/div>\n<div class=\"element portfolio3filter_wrapper isotope-item\"\n        style=\"position: absolute; left: 0px; top: 0px; transform: translate3d(1404px, 0px, 0px);\"><\/p>\n<div class=\"one_third gallery3 filterable gallery_type animated4 fadeIn\"><a\n                href=\"https:\/\/turismo.aielodemalferit.es\/es\/tours\/hospital-beneficencia\/\"> <img\n                    src=\"https:\/\/turismo.aielodemalferit.es\/wp-content\/uploads\/2015\/10\/hospital-beneficencia-aielo-de-malferit-galeria-01-560x460.jpg\"\n                    alt=\"Hospital de la Beneficiencia\" \/> <\/a><\/p>\n<div class=\"thumb_content fullwidth \">\n<div class=\"thumb_title\">\n<h3>Hospital de la Beneficiencia<br \/><span>1890-1913<\/span><\/h3>\n<\/p><\/div>\n<div class=\"thumb_meta\"> <\/div>\n<\/p><\/div>\n<\/p><\/div>\n<\/p><\/div>\n<div class=\"element portfolio3filter_wrapper isotope-item\"\n        style=\"position: absolute; left: 0px; top: 0px; transform: translate3d(0px, 384px, 0px);\"><\/p>\n<div class=\"one_third gallery3 filterable gallery_type animated5 fadeIn\"><a\n                href=\"https:\/\/turismo.aielodemalferit.es\/es\/tours\/fabrica-licores\/\"> <img\n                    src=\"https:\/\/turismo.aielodemalferit.es\/wp-content\/uploads\/2015\/10\/fabrica-licores-aielo-de-malferit-turistico-560x460.jpg\"\n                    alt=\"F\u00e1brica de licores\" \/> <\/a><\/p>\n<div class=\"thumb_content fullwidth \">\n<div class=\"thumb_title\">\n<h3>F\u00e1brica de licores \u201cJ. J. Momp\u00f3\u201d<br \/><span>1880 &#8211; 1913<\/span><\/h3>\n<\/p><\/div>\n<div class=\"thumb_meta\"> <\/div>\n<\/p><\/div>\n<\/p><\/div>\n<\/p><\/div>\n<div class=\"element portfolio3filter_wrapper isotope-item\"\n        style=\"position: absolute; left: 0px; top: 0px; transform: translate3d(468px, 384px, 0px);\"><\/p>\n<div class=\"one_third gallery3 filterable gallery_type animated6 fadeIn\"><a\n                href=\"https:\/\/turismo.aielodemalferit.es\/es\/tours\/hidroelectrica-ayelense\/\"> <img\n                    src=\"https:\/\/turismo.aielodemalferit.es\/wp-content\/uploads\/2015\/10\/hidroelectrica-aielo-de-malferit-turistico-560x460.jpg\"\n                    alt=\"Hidroel\u00e9ctrica Ayelense\" \/> <\/a><\/p>\n<div class=\"thumb_content fullwidth \">\n<div class=\"thumb_title\">\n<h3>Hidroel\u00e9ctrica Ayelense<br \/><span>1895<\/span><\/h3>\n<\/p><\/div>\n<div class=\"thumb_meta\"> <\/div>\n<\/p><\/div>\n<\/p><\/div>\n<\/p><\/div>\n<div class=\"element portfolio3filter_wrapper isotope-item\"\n        style=\"position: absolute; left: 0px; top: 0px; transform: translate3d(936px, 384px, 0px);\"><\/p>\n<div class=\"one_third gallery3 filterable gallery_type animated7 fadeIn\"><a\n                href=\"https:\/\/turismo.aielodemalferit.es\/es\/tours\/ermita-calvario\/\"> <img\n                    src=\"https:\/\/turismo.aielodemalferit.es\/wp-content\/uploads\/2015\/10\/ermita-calvario-aielo-de-malferit-turistico-560x460.jpg\"\n                    alt=\"Ermita del Calvario\" \/> <\/a><\/p>\n<div class=\"thumb_content fullwidth \">\n<div class=\"thumb_title\">\n<h3>Ermita del Calvario <br \/><span>Siglo XVIII<\/span><\/h3>\n<\/p><\/div>\n<div class=\"thumb_meta\"> <\/div>\n<\/p><\/div>\n<\/p><\/div>\n<\/p><\/div>\n<div class=\"element portfolio3filter_wrapper isotope-item\"\n        style=\"position: absolute; left: 0px; top: 0px; transform: translate3d(1404px, 384px, 0px);\"><\/p>\n<div class=\"one_third gallery3 filterable gallery_type animated8 fadeIn\"><a\n                href=\"https:\/\/turismo.aielodemalferit.es\/es\/tours\/portal-carmen-barrio-fondo\/\"> <img\n                    src=\"https:\/\/turismo.aielodemalferit.es\/wp-content\/uploads\/2015\/10\/portal-carmen-barri-fondo-aielo-de-malferit-turistico-560x460.jpg\"\n                    alt=\"Portal del Carmen\" \/> <\/a><\/p>\n<div class=\"thumb_content fullwidth \">\n<div class=\"thumb_title\">\n<h3>Portal del Carmen<br \/>i Barrio del Fondo<\/h3>\n<\/p><\/div>\n<div class=\"thumb_meta\"> <\/div>\n<\/p><\/div>\n<\/p><\/div>\n<\/p><\/div>\n<div class=\"element portfolio3filter_wrapper isotope-item\"\n        style=\"position: absolute; left: 0px; top: 0px; transform: translate3d(0px, 767px, 0px);\"><\/p>\n<div class=\"one_third gallery3 filterable gallery_type animated9 fadeIn\"><a\n                href=\"https:\/\/turismo.aielodemalferit.es\/es\/tours\/paseo-eixample\/\"> <img\n                    src=\"https:\/\/turismo.aielodemalferit.es\/wp-content\/uploads\/2015\/10\/paseo-eixample-aielo-de-malferit-turistico1-560x460.jpg\"\n                    alt=\"Paseo del Eixample\" \/> <\/a><\/p>\n<div class=\"thumb_content fullwidth \">\n<div class=\"thumb_title\">\n<h3>Paseo del Eixample<\/h3>\n<\/p><\/div>\n<div class=\"thumb_meta\"> <\/div>\n<\/p><\/div>\n<\/p><\/div>\n<\/p><\/div>\n<div class=\"element portfolio3filter_wrapper isotope-item\"\n        style=\"position: absolute; left: 0px; top: 0px; transform: translate3d(468px, 767px, 0px);\"><\/p>\n<div class=\"one_third gallery3 filterable gallery_type animated10 fadeIn\"><a\n                href=\"https:\/\/turismo.aielodemalferit.es\/es\/tours\/escuelas-viejas\/\"> <img\n                    src=\"https:\/\/turismo.aielodemalferit.es\/wp-content\/uploads\/2015\/10\/escuelas-viejas-aielo-de-malferit-turistico-560x460.jpg\"\n                    alt=\"Escuelas Viejas\" \/> <\/a><\/p>\n<div class=\"thumb_content fullwidth \">\n<div class=\"thumb_title\">\n<h3>Escuelas Viejas <br \/><span>1925-1930<\/span><\/h3>\n<\/p><\/div>\n<div class=\"thumb_meta\"> <\/div>\n<\/p><\/div>\n<\/p><\/div>\n<\/p><\/div>\n<div class=\"element portfolio3filter_wrapper isotope-item\"\n        style=\"position: absolute; left: 0px; top: 0px; transform: translate3d(936px, 767px, 0px);\"><\/p>\n<div class=\"one_third gallery3 filterable gallery_type animated11 fadeIn\"><a\n                href=\"https:\/\/turismo.aielodemalferit.es\/es\/tours\/puente-arcada\/\"> <img\n                    src=\"https:\/\/turismo.aielodemalferit.es\/wp-content\/uploads\/2015\/10\/puente-arcada-aielo-de-malferit-turistico-560x460.jpg\"\n                    alt=\"Puente de la Arcada\" \/> <\/a><\/p>\n<div class=\"thumb_content fullwidth \">\n<div class=\"thumb_title\">\n<h3>Puente de la Arcada<br \/><span>1806-1807<\/span><\/h3>\n<\/p><\/div>\n<div class=\"thumb_meta\"> <\/div>\n<\/p><\/div>\n<\/p><\/div>\n<\/p><\/div>\n<div class=\"element portfolio3filter_wrapper isotope-item\"\n        style=\"position: absolute; left: 0px; top: 0px; transform: translate3d(1404px, 767px, 0px);\"><\/p>\n<div class=\"one_third gallery3 filterable gallery_type animated12 fadeIn\"><a\n                href=\"https:\/\/turismo.aielodemalferit.es\/es\/tours\/puente-alla-baix\/\"> <img\n                    src=\"https:\/\/turismo.aielodemalferit.es\/wp-content\/uploads\/2015\/10\/puente-alla-baix-aielo-de-malferit-turistico2-560x460.jpg\"\n                    alt=\"Puente de All\u00e0 Baix\" \/> <\/a><\/p>\n<div class=\"thumb_content fullwidth \">\n<div class=\"thumb_title\">\n<h3>Puente de All\u00e0 Baix <br \/><span>Siglo XVI<\/span><\/h3>\n<\/p><\/div>\n<div class=\"thumb_meta\"> <\/div>\n<\/p><\/div>\n<\/p><\/div>\n<\/p><\/div>\n<\/div>\n<div class=\"one withsmallpadding withbg parallax\" style=\"background-color: #000000;\"\n    data-image=\"https:\/\/turismo.aielodemalferit.es\/wp-content\/uploads\/2015\/10\/museos-aielo-de-malferit.jpg\"\n    data-width=\"\" data-height=\"\"><\/p>\n<div class=\"page_content_wrapper\" style=\"text-align: center;\">\n<h2 class=\"ppb_title\">VISITA LOS MUSEOS DE AIELO DE MALFERIT<\/h2>\n<div style=\"height: 20px;\"> <\/div>\n<p><\/p>\n<div class=\"service_content_wrapper \">\n<div class=\"one_third \">\n<div class=\"service_wrapper\">\n<div class=\"service_icon\">\n<div class=\"nino\"><img\n                                src=\"https:\/\/turismo.aielodemalferit.es\/wp-content\/uploads\/2015\/10\/icono-museo-historia.png\"\n                                alt=\"Museo Historia Local\" \/><\/div>\n<\/p><\/div>\n<div class=\"service_title\">\n<h3>Museo<br \/>de Historia Local<\/h3>\n<div class=\"service_content\"><a\n                                href=\"https:\/\/turismo.aielodemalferit.es\/es\/tours\/museo-historia-local\/\">saber m\u00e1s<\/a><\/div>\n<\/p><\/div>\n<\/p><\/div>\n<\/p><\/div>\n<div class=\"one_third \">\n<div class=\"service_wrapper\">\n<div class=\"service_icon\">\n<div class=\"nino\"><img\n                                src=\"https:\/\/turismo.aielodemalferit.es\/wp-content\/uploads\/2015\/10\/icono-museo-elvira.png\"\n                                alt=\"Museo Elvira Aparicio\" \/><\/div>\n<\/p><\/div>\n<div class=\"service_title\">\n<h3>Elvira Aparicio. Exposici\u00f3n permanente de cer\u00e1mica<\/h3>\n<div class=\"service_content\"><a\n                                href=\"https:\/\/turismo.aielodemalferit.es\/es\/tours\/coleccion-ceramica-elvira-aparicio\/\">saber m\u00e1s<\/a><\/div>\n<\/p><\/div>\n<\/p><\/div>\n<\/p><\/div>\n<p>            <br class=\"clear\" \/>\n        <\/div>\n<\/p><\/div>\n<\/div>\n<div class=\"one withsmallpadding \" style=\"background-color: #000000;\">\n<div class=\"page_content_wrapper fullwidth\" style=\"text-align: center;margin-top:20px;\">\n<h2 class=\"ppb_title\" style=\"color: #fff;\">AIELONEROS C\u00c9LEBRES<\/h2>\n<div id=\"blog_grid_wrapper\" class=\"sidebar_content full_width ppb_blog_posts isotope\"\n            style=\"text-align: left; position: relative; overflow: hidden; height: 1011.47px;\"><\/p>\n<div id=\"post-1131\" class=\"post type-post hentry status-publish isotope-item\"\n                style=\"position: absolute; left: 0px; top: 0px; transform: translate3d(0px, 0px, 0px);\"><\/p>\n<div class=\"post_wrapper grid_layout\"\n                    style=\"background-image: url('https:\/\/turismo.aielodemalferit.es\/wp-content\/uploads\/2015\/10\/jaime-malferit-aielense-celebre-480x480.jpg');\"><\/p>\n<div class=\"parallax_overlay_header\"> <\/div>\n<div class=\"grid_wrapper\">\n<div class=\"post_header grid\">\n<h6><a href=\"https:\/\/turismo.aielodemalferit.es\/es\/jaime-de-malferit\/\"\n                                title=\"JAIME DE MALFERIT\">JAIME DE MALFERIT<br \/><span>(X\u00e0tiva ca.1400 \u2013 ca.1465)<\/span><\/a><\/h6>\n<\/p><\/div>\n<\/p><\/div>\n<\/p><\/div>\n<\/p><\/div>\n<div id=\"post-1143\" class=\"post type-post hentry status-publish isotope-item\"\n                style=\"position: absolute; left: 0px; top: 0px; transform: translate3d(372px, 0px, 0px);\"><\/p>\n<div class=\"post_wrapper grid_layout\"\n                    style=\"background-image: url('https:\/\/turismo.aielodemalferit.es\/wp-content\/uploads\/2015\/10\/jacinto-rovira-aielense-celebre-480x480.jpg');\"><\/p>\n<div class=\"parallax_overlay_header\"> <\/div>\n<div class=\"grid_wrapper\">\n<div class=\"post_header grid\">\n<h6><a href=\"https:\/\/turismo.aielodemalferit.es\/es\/jacinto-rovira-juan\/\" \n                                title=\"JACINTO ROVIRA JUAN\">JACINTO ROVIRA JUAN <br \/><span>(Aielo de Malferit 1684-1718)<\/span><\/a><\/h6>\n<\/p><\/div>\n<\/p><\/div>\n<\/p><\/div>\n<\/p><\/div>\n<div id=\"post-1149\" class=\"post type-post hentry status-publish isotope-item\"\n                style=\"position: absolute; left: 0px; top: 0px; transform: translate3d(743px, 0px, 0px);\"><\/p>\n<div class=\"post_wrapper grid_layout\"\n                    style=\"background-image: url('https:\/\/turismo.aielodemalferit.es\/wp-content\/uploads\/2015\/10\/dean-ortiz-aielense-celebre-480x480.jpg');\"><\/p>\n<div class=\"parallax_overlay_header\"> <\/div>\n<div class=\"grid_wrapper\">\n<div class=\"post_header grid\">\n<h6><a href=\"https:\/\/turismo.aielodemalferit.es\/es\/dean-ortiz\/\"\n                                 title=\"EL DEG\u00c0 ORT\u00cdZ\">EL DEG\u00c0 ORT\u00cdZ<br \/><span>(Aielo de Malferit 1739 \u2013 Val\u00e8ncia 1822)<\/span><\/a><\/h6>\n<\/p><\/div>\n<\/p><\/div>\n<\/p><\/div>\n<\/p><\/div>\n<div id=\"post-1156\" class=\"post type-post hentry status-publish isotope-item\"\n                style=\"position: absolute; left: 0px; top: 0px; transform: translate3d(1115px, 0px, 0px);\"><\/p>\n<div class=\"post_wrapper grid_layout\"\n                    style=\"background-image: url('https:\/\/turismo.aielodemalferit.es\/wp-content\/uploads\/2015\/10\/pedro-aparici-aielense-celebre-480x480.jpg');\"><\/p>\n<div class=\"parallax_overlay_header\"> <\/div>\n<div class=\"grid_wrapper\">\n<div class=\"post_header grid\">\n<h6><a href=\"https:\/\/turismo.aielodemalferit.es\/es\/pedro-aparici-ortiz\/\"\n                                title=\"PEDRO APARICI ORT\u00cdZ\">PEDRO APARICI ORT\u00cdZ<br \/><span>(Aielo de Malferit 1762- Val\u00e8ncia 1829)<\/span><\/a><\/h6>\n<\/p><\/div>\n<\/p><\/div>\n<\/p><\/div>\n<\/p><\/div>\n<div id=\"post-1162\" class=\"post type-post hentry status-publish isotope-item\"\n                style=\"position: absolute; left: 0px; top: 0px; transform: translate3d(1486px, 0px, 0px);\"><\/p>\n<div class=\"post_wrapper grid_layout\"\n                    style=\"background-image: url('https:\/\/turismo.aielodemalferit.es\/wp-content\/uploads\/2015\/10\/miguel-ferrandiz-aielense-celebre-480x480.jpg');\"><\/p>\n<div class=\"parallax_overlay_header\"> <\/div>\n<div class=\"grid_wrapper\">\n<div class=\"post_header grid\">\n<h6><a href=\"https:\/\/turismo.aielodemalferit.es\/es\/miguel-ferrandiz-batalleraielo-de-malferit-1877-ontinyent-1962\/\"\n                                title=\"MIGUEL FERR\u00c1NDIZ BATALLER\">MIGUEL FERR\u00c1NDIZ BATALLER<br \/><span>(Aielo de Malferit 1877 &#8211; Ontinyent 1962)<\/span><\/a><\/h6>\n<\/p><\/div>\n<\/p><\/div>\n<\/p><\/div>\n<\/p><\/div>\n<div id=\"post-1168\" class=\"post type-post hentry status-publish isotope-item\"\n                style=\"position: absolute; left: 0px; top: 0px; transform: translate3d(0px, 337px, 0px);\"><\/p>\n<div class=\"post_wrapper grid_layout\"\n                    style=\"background-image: url('https:\/\/turismo.aielodemalferit.es\/wp-content\/uploads\/2015\/10\/leonardo-carreres-aielense-celebre-480x480.jpg');\"><\/p>\n<div class=\"parallax_overlay_header\"> <\/div>\n<div class=\"grid_wrapper\">\n<div class=\"post_header grid\">\n<h6><a href=\"https:\/\/turismo.aielodemalferit.es\/es\/leonardo-carreres-linana\/\"\n                                title=\"LEONARDO CARRERES LI\u00d1ANA\">LEONARDO CARRERES LI\u00d1ANA<br \/><span>(Mogente 1881 \u2013 Val\u00e8ncia 1971)<\/span><\/a><\/h6>\n<\/p><\/div>\n<\/p><\/div>\n<\/p><\/div>\n<\/p><\/div>\n<div id=\"post-1174\" class=\"post type-post hentry status-publish isotope-item\"\n                style=\"position: absolute; left: 0px; top: 0px; transform: translate3d(372px, 337px, 0px);\"><\/p>\n<div class=\"post_wrapper grid_layout\"\n                    style=\"background-image: url('https:\/\/turismo.aielodemalferit.es\/wp-content\/uploads\/2015\/10\/hilario-martinez-aielense-celebre-480x480.jpg');\"><\/p>\n<div class=\"parallax_overlay_header\"> <\/div>\n<div class=\"grid_wrapper\">\n<div class=\"post_header grid\">\n<h6><a  href=\"https:\/\/turismo.aielodemalferit.es\/es\/hilario-martinez\/\"\n                                title=\"HILARIO MART\u00cdNEZ\">HILARIO MART\u00cdNEZ<br \/><span>(Aielo de Malferit 1905 \u2013 Barcelona 1983)<\/span><\/a><\/h6>\n<\/p><\/div>\n<\/p><\/div>\n<\/p><\/div>\n<\/p><\/div>\n<div id=\"post-1180\" class=\"post type-post hentry status-publish isotope-item\"\n                style=\"position: absolute; left: 0px; top: 0px; transform: translate3d(743px, 337px, 0px);\"><\/p>\n<div class=\"post_wrapper grid_layout\"\n                    style=\"background-image: url('https:\/\/turismo.aielodemalferit.es\/wp-content\/uploads\/2015\/10\/mari-angeles-soler-aielense-celebre-480x480.jpg');\"><\/p>\n<div class=\"parallax_overlay_header\"> <\/div>\n<div class=\"grid_wrapper\">\n<div class=\"post_header grid\">\n<h6><a href=\"https:\/\/turismo.aielodemalferit.es\/es\/maria-angeles-belda-soler\/\"\n                                title=\"M\u00aa \u00c1NGELES BELDA SOLER\">M\u00aa \u00c1NGELES BELDA SOLER<br \/><span>(Aielo de Malferit 1906 \u2013 Val\u00e8ncia 1991)<\/span><\/a><\/h6>\n<\/p><\/div>\n<\/p><\/div>\n<\/p><\/div>\n<\/p><\/div>\n<div id=\"post-1186\" class=\"post type-post hentry status-publish isotope-item\"\n                style=\"position: absolute; left: 0px; top: 0px; transform: translate3d(1115px, 337px, 0px);\"><\/p>\n<div class=\"post_wrapper grid_layout\"\n                    style=\"background-image: url('https:\/\/turismo.aielodemalferit.es\/wp-content\/uploads\/2015\/10\/amalio-juan-aielense-celebre-480x480.jpg');\"><\/p>\n<div class=\"parallax_overlay_header\"> <\/div>\n<div class=\"grid_wrapper\">\n<div class=\"post_header grid\">\n<h6><a href=\"https:\/\/turismo.aielodemalferit.es\/es\/amalio-juan-requena\/\"\n                                title=\"AMALIO JUAN REQUENA\">AMALIO JUAN REQUENA<br \/><span>(Aielo de Malferit 1905 \u2013 1991)<\/span><\/a><\/h6>\n<\/p><\/div>\n<\/p><\/div>\n<\/p><\/div>\n<\/p><\/div>\n<div id=\"post-1197\" class=\"post type-post hentry status-publish isotope-item\"\n                style=\"position: absolute; left: 0px; top: 0px; transform: translate3d(1486px, 337px, 0px);\"><\/p>\n<div class=\"post_wrapper grid_layout\"\n                    style=\"background-image: url('https:\/\/turismo.aielodemalferit.es\/wp-content\/uploads\/2015\/10\/rafael-juan-aielense-celebre-480x480.jpg');\"><\/p>\n<div class=\"parallax_overlay_header\"> <\/div>\n<div class=\"grid_wrapper\">\n<div class=\"post_header grid\">\n<h6><a  href=\"https:\/\/turismo.aielodemalferit.es\/es\/rafael-juan-vidalaielo-de-malferit-1882-ontinyent-1933\/\"\n                                title=\"RAFAEL JUAN VIDAL\">RAFAEL JUAN VIDAL<br \/><span>(Aielo de Malferit 1882 \u2013 Ontinyent 1933)<\/span><\/a><\/h6>\n<\/p><\/div>\n<\/p><\/div>\n<\/p><\/div>\n<\/p><\/div>\n<div id=\"post-1204\" class=\"post type-post hentry status-publish isotope-item\"\n                style=\"position: absolute; left: 0px; top: 0px; transform: translate3d(0px, 674px, 0px);\"><\/p>\n<div class=\"post_wrapper grid_layout\"\n                    style=\"background-image: url('https:\/\/turismo.aielodemalferit.es\/wp-content\/uploads\/2015\/10\/bautista-aparici-aielense-celebre-480x480.jpg');\"><\/p>\n<div class=\"parallax_overlay_header\"> <\/div>\n<div class=\"grid_wrapper\">\n<div class=\"post_header grid\">\n<h6><a href=\"https:\/\/turismo.aielodemalferit.es\/es\/bautista-aparici-belda\/\"\n                                title=\"BAUTISTA APARICI BELDA\">BAUTISTA APARICI BELDA<br \/><span>(Aielo de Malferit 1857-1942)<\/span><\/a><\/h6>\n<\/p><\/div>\n<\/p><\/div>\n<\/p><\/div>\n<\/p><\/div>\n<div id=\"post-1210\" class=\"post type-post hentry status-publish isotope-item\"\n                style=\"position: absolute; left: 0px; top: 0px; transform: translate3d(372px, 674px, 0px);\"><\/p>\n<div class=\"post_wrapper grid_layout\"\n                    style=\"background-image: url('https:\/\/turismo.aielodemalferit.es\/wp-content\/uploads\/2015\/10\/nino-bravo-aielense-celebre-480x480.jpg');\"><\/p>\n<div class=\"parallax_overlay_header\"> <\/div>\n<div class=\"grid_wrapper\">\n<div class=\"post_header grid\">\n<h6><a href=\"https:\/\/turismo.aielodemalferit.es\/es\/luis-manuel-ferri-llopis-nino-bravo\/\"\n                                title=\"NINO BRAVO\">NINO BRAVO<br \/><span>(Aielo de Malferit 1944 \u2013 Villarrubio 1973)<\/span><\/a><\/h6>\n<\/p><\/div>\n<\/p><\/div>\n<\/p><\/div>\n<\/p><\/div>\n<\/p><\/div>\n<\/p><\/div>\n<\/div>\n","protected":false},"excerpt":{"rendered":"<p>[wpgmza id=\u00bb33&#8243;] LUGARES DE INTER\u00c9S HAZ CLIC SOBRE LAS IM\u00c1GENES PARA SABER M\u00c1S Palacio-Castillo de los Malferit Siglos XV &#8211; XVIII Iglesia parroquial de San Pedro Ap\u00f3stol1732 &#8211; 1744 Hospital de la Beneficiencia1890-1913 F\u00e1brica de licores \u201cJ. J. Momp\u00f3\u201d1880 &#8211; 1913 Hidroel\u00e9ctrica Ayelense1895 Ermita del Calvario [&hellip;]<\/p>\n","protected":false},"author":1,"featured_media":2015,"parent":0,"menu_order":0,"comment_status":"closed","ping_status":"closed","template":"homepage.php","meta":[],"_links":{"self":[{"href":"https:\/\/turismo.aielodemalferit.es\/es\/wp-json\/wp\/v2\/pages\/2617"}],"collection":[{"href":"https:\/\/turismo.aielodemalferit.es\/es\/wp-json\/wp\/v2\/pages"}],"about":[{"href":"https:\/\/turismo.aielodemalferit.es\/es\/wp-json\/wp\/v2\/types\/page"}],"author":[{"embeddable":true,"href":"https:\/\/turismo.aielodemalferit.es\/es\/wp-json\/wp\/v2\/users\/1"}],"replies":[{"embeddable":true,"href":"https:\/\/turismo.aielodemalferit.es\/es\/wp-json\/wp\/v2\/comments?post=2617"}],"version-history":[{"count":12,"href":"https:\/\/turismo.aielodemalferit.es\/es\/wp-json\/wp\/v2\/pages\/2617\/revisions"}],"predecessor-version":[{"id":2702,"href":"https:\/\/turismo.aielodemalferit.es\/es\/wp-json\/wp\/v2\/pages\/2617\/revisions\/2702"}],"wp:featuredmedia":[{"embeddable":true,"href":"https:\/\/turismo.aielodemalferit.es\/es\/wp-json\/wp\/v2\/media\/2015"}],"wp:attachment":[{"href":"https:\/\/turismo.aielodemalferit.es\/es\/wp-json\/wp\/v2\/media?parent=2617"}],"curies":[{"name":"wp","href":"https:\/\/api.w.org\/{rel}","templated":true}]}}