{"id":2465,"date":"2022-09-02T07:59:01","date_gmt":"2022-09-02T07:59:01","guid":{"rendered":"https:\/\/turismo.aielodemalferit.es\/politica-de-privacitat\/"},"modified":"2022-09-02T12:25:05","modified_gmt":"2022-09-02T12:25:05","slug":"politica-de-privacidad","status":"publish","type":"page","link":"https:\/\/turismo.aielodemalferit.es\/es\/politica-de-privacidad\/","title":{"rendered":"Politica de privacidad"},"content":{"rendered":"\n<p><em>En compliment del Reglament (UE) 2016\/679 del Parlament Europeu i del Consell de 27 d\u2019abril de 2016 (d\u2019ara en avant *RGPD), AIELO DE MALFERIT posa de manifest la present Pol\u00edtica respecte al tractament i protecci\u00f3 de dades personals.<\/em><\/p>\n\n\n\n<h2 class=\"wp-block-heading\">1.- Responsable del tractament<\/h2>\n\n\n\n<p>AIELO DE MALFERIT, amb domicili en la Pla\u00e7a Palau, 1. Aielo de Malferit (46812) \u2013 Val\u00e8ncia i l\u2019adre\u00e7a web turismo.aielodemalferit.es , a trav\u00e9s del correu electr\u00f2nic <a href=\"mailto:touristinfo_aielo@gva.es\">touristinfo_aielo@gva.es<\/a><\/p>\n\n\n\n<p>Tel\u00e8fon de contacte: (+34) 962 363 010<\/p>\n\n\n\n<h2 class=\"wp-block-heading\">2.-Com obtenim les seues dades personals?<\/h2>\n\n\n\n<p>En les webs de titularitat AIELO DE MALFERIT recollim les seues dades personals principalment quan:<\/p>\n\n\n\n<ol><li>L\u2019usuari els facilita volunt\u00e0riament per a sol\u00b7licitar informaci\u00f3 sobre els nostres productes i serveis (i) contactant amb nosaltres a trav\u00e9s de <a href=\"https:\/\/turismo.aielodemalferit.es\/es\/\">www.turismo.aielodemalferit.es<\/a>, del nostre tel\u00e8fon, o b\u00e9 (ii) registrant-se en els formularis que pot trobar en la\/s compta\/s que haja creat en les diferents xarxes socials.<\/li><li>Ens els proporciona en realitzar la contractaci\u00f3 dels nostres serveis.<\/li><li>Es descarrega continguts gratu\u00efts oferits per AIELO DE MALFERIT en el lloc web i\/o participa en alguna acci\u00f3\/esdeveniment publicitari o promocional organitzat\/coordinat\/patrocinat per AIELO DE MALFERIT, inclosos aquells gestionats a trav\u00e9s d\u2019un site espec\u00edfic com <a href=\"https:\/\/turismo.aielodemalferit.es\/es\/\">www.turismo.aielodemalferit.es<\/a><\/li><\/ol>\n\n\n\n<p>L\u2019usuari garanteix que les dades facilitades per qualsevol d\u2019aquestes vies s\u00f3n vertaders, exactes, complets i actualitzats, sent responsable de qualsevol mal o perjudici, directe o indirecte, que poguera ocasionar-se a conseq\u00fc\u00e8ncia de l\u2019incompliment de tal obligaci\u00f3.<\/p>\n\n\n\n<h2 class=\"wp-block-heading\">3.-Finalitat<\/h2>\n\n\n\n<p>Les dades personals de l\u2019usuari del nostre lloc web es tractaran per a les seg\u00fcents finalitats:<\/p>\n\n\n\n<ol><li>Formalitzen una relaci\u00f3 contractual amb AIELO DE MALFERIT mitjan\u00e7ant la contractaci\u00f3 dels seus productes i serveis en qualsevol dels seus llocs web.<\/li><li>Atendre les sol\u00b7licituds d\u2019informaci\u00f3 i\/o consultes efectuades per l\u2019usuari. Les dades tractades amb aquesta finalitat es conservaran fins a haver donat resposta a la sol\u00b7licitud d\u2019informaci\u00f3 i\/o consulta.<\/li><li>Mantindre informat a l\u2019usuari, fins i tot per mitjans electr\u00f2nics, sobre els novetats, productes i serveis de la AIELO DE MALFERIT i serveis dependents.<\/li><li>Desc\u00e0rrega dels continguts gratu\u00efts oferits per la AIELO DE MALFERIT en el lloc web, aix\u00ed com possibilitar la participaci\u00f3 de l\u2019usuari en les activitats proposades en aquest. En aquest cas, AIELO DE MALFERIT tamb\u00e9 utilitzar\u00e0 les dades de l\u2019usuari per a mantindre-li informat, fins i tot per mitjans electr\u00f2nics, sobre els novetats, productes i serveis de la AIELO DE MALFERIT i sites dependents.<\/li><\/ol>\n\n\n\n<p>L\u2019usuari sap i accepta que la desc\u00e0rrega de continguts gratu\u00efts oferits en el lloc web i\/o participaci\u00f3 de l\u2019usuari en activitats proposades en aquest, estan obligat\u00f2riament condicionades a la plena acceptaci\u00f3 inicial de la finalitat abans indicada. En cas de no acceptar tal condici\u00f3, l\u2019usuari ha d\u2019abstindre\u2019s de descarregar els continguts gratu\u00efts oferits en el lloc web i\/o participar en les activitats en aquest.<\/p>\n\n\n\n<h2 class=\"wp-block-heading\">4.-Legitimaci\u00f3<\/h2>\n\n\n\n<p>La base legal de cadascun dels tractaments exposats \u00e9s la seg\u00fcent:<\/p>\n\n\n\n<ol><li>\u201cExecuci\u00f3 d\u2019un contracte\u201d: aquesta \u00e9s la base jur\u00eddica que ens habilita a realitzar els seg\u00fcents tractaments de les seues dades de car\u00e0cter personal: <ul><li>Donar curs i gestionar consultes que l\u2019usuari ens puga realitzar per qualsevol mig (el nostre lloc web, via telef\u00f2nica, via xarxes socials, etc.) com ara: sol\u00b7licitud de la subscripci\u00f3 a una Newsletter o desc\u00e0rrega de contingut gratu\u00eft oferit per la AIELO DE MALFERIT, inscripci\u00f3 i\/o participaci\u00f3 activitats, esdeveniment publicitari\/promocional organitzat AIELO DE MALFERIT.<\/li><li>Formalitzar contracte de prestaci\u00f3 de serveis. <\/li><\/ul><\/li><li>\u201cEmplene d\u2019una obligaci\u00f3 legal\u201d: Aquesta \u00e9s la base jur\u00eddica que ens habilita a realitzar els seg\u00fcents tractaments de les seues dades personals: <ul><li>Atendre els requeriments d\u2019Administracions P\u00fabliques, \u00d2rgans Judicials i Forces de Seguretat de l\u2019Estat.<\/li><li>Compliment d\u2019obligacions legals (tribut\u00e0ries, mercantils, blanqueig de capitals, protecci\u00f3 de dades personals, etc.) <\/li><\/ul><\/li><li>\u201cConsentiment de l\u2019interessat\u201d: aquesta \u00e9s la base jur\u00eddica que ens habilita a realitzar els seg\u00fcents tractaments de les seues dades de car\u00e0cter personal, sense que en cap cas la seua revocaci\u00f3 condicione la gesti\u00f3 de les seues sol\u00b7licituds ni la relaci\u00f3 comercial que ens uneix: <ul><li>Realitzar, per via postal, telef\u00f2nica o electr\u00f2nica, comunicacions informatives, comercials i promocionals relatius als productes i serveis oferits per AIELO DE MALFERIT.<\/li><li>Gestionar la seua inscripci\u00f3 i\/o participaci\u00f3 en alguna acci\u00f3\/esdeveniment publicitari o promocional organitzat\/coordinat\/patrocinat per AIELO DE MALFERIT.<\/li><li>Elaborar perfils comercials sobre la base de la informaci\u00f3 facilitada per l\u2019usuari el que permetria poder oferir-li productes i serveis d\u2019acord amb les seues necessitats\/interesses, aix\u00ed com enviar-li comunicacions personalitzades. <\/li><\/ul><\/li><li>\u201cInter\u00e9s leg\u00edtim\u201d: aquesta \u00e9s la base jur\u00eddica que ens habilita a atendre els requeriments d\u2019informaci\u00f3 a trav\u00e9s de la web.<\/li><\/ol>\n\n\n\n<h2 class=\"wp-block-heading\">5.-Destinataris<\/h2>\n\n\n\n<p>Les dades podran comunicar-se als seg\u00fcents destinataris tercers: Administracions P\u00fabliques per al compliment d\u2019obligacions legals i entitats banc\u00e0ries per a la gesti\u00f3 de cobraments i pagaments. Tamb\u00e9 podran comunicar-se a les seg\u00fcents categories d\u2019encarregats: Prove\u00efdors de comunicacions electr\u00f2niques, ofim\u00e0tica, hosting, housing, manteniment inform\u00e0tic, gestoria, comptabilitat, auditoria, assessoria i representaci\u00f3 legal. Aquests encarregats poden estar situats als Estats Units i adherits a Privacy Shield \u2013 Decisi\u00f3 (UE) 2016\/1250 de la Comissi\u00f3, de 12 de juliol de 2016.<\/p>\n\n\n\n<h2 class=\"wp-block-heading\">6.- Quant temps conservarem les seues dades?<\/h2>\n\n\n\n<p>Les seues dades personals seran conservats per AIELO DE MALFERIT i els seus dominis dependents com <a href=\"https:\/\/turismo.aielodemalferit.es\/es\/\">www.turismo.aielodemalferit.es<\/a> durant el temps necessari per a complir la finalitat per a la qual es van recollir.<\/p>\n\n\n\n<p>Si les seues dades s\u2019utilitzen per a diverses finalitats que ens obliguen a conservar-los durant diferents per\u00edodes de temps, aplicarem el termini de conservaci\u00f3 m\u00e9s llarg. En aqueix cas limitarem l\u2019acc\u00e9s a les seues dades nom\u00e9s per a la finalitat per a la qual s\u00f3n conservats.<\/p>\n\n\n\n<ul><li>En el cas d\u2019utilitzaci\u00f3 de les seues dades personals per a aquelles finalitats la base legitimadora de les quals siga el seu consentiment, mantindrem les seues dades actives fins que aquest siga revocat, o vost\u00e9 exercite els seus drets de supressi\u00f3 o oposici\u00f3 al tractament, o en un termini anterior si considerem que han deixat de ser necessaris per a desenvolupar accions comercials, b\u00e9 perqu\u00e8 no siguen adequats, pertinents o estiguen *desactualizados.<\/li><li>En el cas d\u2019utilitzaci\u00f3 de les seues dades personals per a finalitats la base legitimadora de les quals siga l\u2019execuci\u00f3 d\u2019un contracte, mantindrem les seues dades actives mentre dure la relaci\u00f3 contractual i fins a un m\u00e0xim de 10 anys una vegada finalitzada aquesta.<\/li><li>En el cas d\u2019utilitzaci\u00f3 de les seues dades personals per a finalitats la base legitimadora de les quals siga l\u2019emplene d\u2019una obligaci\u00f3 legal, mantindrem les seues dades durant els terminis exigits per la normativa espec\u00edfica que resulte d\u2019aplicaci\u00f3 (fiscal, mercantil, blanqueig de capitals, protecci\u00f3 de dades personals, etc.).<\/li><li>En el cas d\u2019utilitzaci\u00f3 de les seues dades personals per a finalitats la base legitimadora de les quals siga l\u2019inter\u00e9s leg\u00edtim, mantindrem les seues dades actives mentre mantinguem el nostre inter\u00e9s leg\u00edtim.<\/li><\/ul>\n\n\n\n<h2 class=\"wp-block-heading\">7.- Drets<\/h2>\n\n\n\n<p>L\u2019usuari pot exercir davant AIELO DE MALFERIT els seg\u00fcents drets:<\/p>\n\n\n\n<ol><li>Dret d\u2019acc\u00e9s a les seues dades personals per a saber quins estan sent objecte de tractament i les operacions de tractament dutes a terme amb ells.<\/li><li>Dret de rectificaci\u00f3 de qualsevol dada personal inexacta.<\/li><li>Dret de supressi\u00f3 de les seues dades personals, quan aix\u00f2 siga possible.<\/li><li>Dret a sol\u00b7licitar la limitaci\u00f3 del tractament de les seues dades personals quan l\u2019exactitud, la legalitat o la necessitat del tractament de les dades resulte dubtosa, i en aquest cas, podrem conservar-los per a l\u2019exercici o la defensa de reclamacions.<\/li><li>Dret a la portabilitat de les seues dades personals, quan la base legal que ens habilite per al seu tractament de les indicades en l\u2019apartat 4 inclosa la relaci\u00f3 contractual o el consentiment.<\/li><li>Dret d\u2019oposici\u00f3 al tractament de les seues dades personals, quan la base legal que ens habilite per al seu tractament de les indicades en l\u2019apartat 4 incl\u00f2s l\u2019inter\u00e9s leg\u00edtim. A aquest efecte, deixarem de tractar les seues dades llevat que tinguem un inter\u00e9s leg\u00edtim imperi\u00f3s o per a la formulaci\u00f3, l\u2019exercici o la defensa de reclamacions.<\/li><li>Dret a revocar el seu consentiment en qualsevol moment.<\/li><\/ol>\n\n\n\n<p>D\u2019igual manera, en els tractaments de les dades de l\u2019usuari la legitimaci\u00f3 del qual es base en el consentiment donat per l\u2019usuari, aquest t\u00e9 el dret a retirar aquest consentiment en qualsevol moment, sense que aix\u00f2 afecte la licitud del tractament basat en el consentiment previ a la seua retirada.<\/p>\n\n\n\n<p>Per a l\u2019exercici de tals drets l\u2019usuari pot enviar la seua sol\u00b7licitud a la Pla\u00e7a Palau, 1 en Aielo de Malferit (46812), Valencia o a l\u2019adre\u00e7a de correu electr\u00f2nic <a href=\"mailto:touristinfo_aielo@gva.es\">touristinfo_aielo@gva.es<\/a><\/p>\n\n\n\n<p>En tot cas, l\u2019usuari t\u00e9 dret a presentar una reclamaci\u00f3 davant la corresponent autoritat de control si ho estima oport\u00fa.<\/p>\n\n\n\n<p>\u00daltima Modificaci\u00f3 d\u2019aquesta Pol\u00edtica de Privacitat: 2 de Setembre de 2022.<\/p>\n","protected":false},"excerpt":{"rendered":"<p>En compliment del Reglament (UE) 2016\/679 del Parlament Europeu i del Consell de 27 d\u2019abril de 2016 (d\u2019ara en avant *RGPD), AIELO DE MALFERIT posa de manifest la present Pol\u00edtica respecte al tractament i protecci\u00f3 de dades personals. 1.- Responsable del tractament AIELO DE MALFERIT, amb [&hellip;]<\/p>\n","protected":false},"author":1,"featured_media":1505,"parent":0,"menu_order":0,"comment_status":"closed","ping_status":"closed","template":"page_f.php","meta":[],"_links":{"self":[{"href":"https:\/\/turismo.aielodemalferit.es\/es\/wp-json\/wp\/v2\/pages\/2465"}],"collection":[{"href":"https:\/\/turismo.aielodemalferit.es\/es\/wp-json\/wp\/v2\/pages"}],"about":[{"href":"https:\/\/turismo.aielodemalferit.es\/es\/wp-json\/wp\/v2\/types\/page"}],"author":[{"embeddable":true,"href":"https:\/\/turismo.aielodemalferit.es\/es\/wp-json\/wp\/v2\/users\/1"}],"replies":[{"embeddable":true,"href":"https:\/\/turismo.aielodemalferit.es\/es\/wp-json\/wp\/v2\/comments?post=2465"}],"version-history":[{"count":1,"href":"https:\/\/turismo.aielodemalferit.es\/es\/wp-json\/wp\/v2\/pages\/2465\/revisions"}],"predecessor-version":[{"id":2466,"href":"https:\/\/turismo.aielodemalferit.es\/es\/wp-json\/wp\/v2\/pages\/2465\/revisions\/2466"}],"wp:featuredmedia":[{"embeddable":true,"href":"https:\/\/turismo.aielodemalferit.es\/es\/wp-json\/wp\/v2\/media\/1505"}],"wp:attachment":[{"href":"https:\/\/turismo.aielodemalferit.es\/es\/wp-json\/wp\/v2\/media?parent=2465"}],"curies":[{"name":"wp","href":"https:\/\/api.w.org\/{rel}","templated":true}]}}