{"id":2453,"date":"2022-09-02T08:50:53","date_gmt":"2022-09-02T08:50:53","guid":{"rendered":"https:\/\/turismo.aielodemalferit.es\/avis-legal\/"},"modified":"2022-09-02T12:25:37","modified_gmt":"2022-09-02T12:25:37","slug":"aviso-legal","status":"publish","type":"page","link":"https:\/\/turismo.aielodemalferit.es\/es\/aviso-legal\/","title":{"rendered":"Aviso legal"},"content":{"rendered":"\n<p>Esta p\u00e1gina web es propiedad de <strong>AIELO DE MALFERIT<\/strong>. El hecho de acceder a esta p\u00e1gina implica el conocimiento y aceptaci\u00f3n de la pol\u00edtica de privacidad. En cumplimiento del art\u00edculo 10 de la Ley 34\/2002, de 11 de julio, de Servicios de la Sociedad de la Informaci\u00f3n y Comercio Electr\u00f3nico (LSSI) se exponen los datos identificativos.<\/p>\n\n\n\n<h2 class=\"wp-block-heading\">Datos del propietario de la web<\/h2>\n\n\n\n<p><strong> Identidad:<\/strong> <strong>AIELO DE MALFERIT<\/strong><br> <strong>CIF:<\/strong> P 4604200 H <br> <strong>Domicilio:<\/strong> Plaza Palau, 1 en Aielo de Malferit (46812), Valencia  <br> <strong>Tel\u00e9fono:<\/strong> +34 962 363 010<br> <strong>Correo electr\u00f3nic:<\/strong> <a href=\"mailto:touristinfo_aielo@gva.es\">touristinfo_aielo@gva.es<\/a><\/p>\n\n\n\n<p>AIELO DE MALFERIT es titular del siguiente nombre de dominio: <strong>turismo.aielodemalferit.es<\/strong> y responsable de los ficheros generados con los datos de car\u00e1cter personal suministrados por los usuarios a trav\u00e9s de este sitio web.<\/p>\n\n\n\n<h2 class=\"wp-block-heading\">Tratamiento de los datos de car\u00e1cter personal<\/h2>\n\n\n\n<p>AIELO DE MALFERIT se compromete a mantener todos los datos que nos facilitan nuestros usuarios en la m\u00e1xima confidencialidad y a no suministrarlos a terceras partes, de acuerdo con los principios de protecci\u00f3n de datos de car\u00e1cter personal del Reglamento (UE) 2016\/679 del Parlamento Europeo y del Consejo de 27 de abril de 2016.<\/p>\n\n\n\n<p>Seg\u00fan lo dispuesto en dicha ley, y con objeto de garantizar la protecci\u00f3n y privacidad de sus datos personales, AIELO DE MALFERIT garantiza la confidencialidad y seguridad de sus datos, que no ser\u00e1n cedidos a terceras personas.<\/p>\n\n\n\n<p>M\u00e1s informaci\u00f3n sobre el tratamiento de los datos de car\u00e1cter personal en nuestra p\u00e1gina de <a href=\"https:\/\/turismo.aielodemalferit.es\/es\/politica-de-privacidad\/\"><u>Pol\u00edtica de Privacidad.<\/u><\/a><\/p>\n\n\n\n<p>M\u00e1s informaci\u00f3n sobre el\u00a0 uso de cookies\u00a0en nuestra p\u00e1gina de <a href=\"https:\/\/turismo.aielodemalferit.es\/es\/politica-de-cookies\/\"><u>Pol\u00edtica de Cookies.<\/u><\/a><\/p>\n\n\n\n<h2 class=\"wp-block-heading\">Propiedad Intelectual e Industrial<\/h2>\n\n\n\n<p>El nombre de dominio www.turismo.aielodemalferit.es es propiedad de AIELO DE MALFERIT. El sitio web, en su totalidad, incluyendo su dise\u00f1o, estructura, distribuci\u00f3n, textos, contenidos, logotipos, botones, im\u00e1genes, dibujos, c\u00f3digo fuente, planos, instrucciones, as\u00ed como todos los derechos de propiedad intelectual e industrial y cualquier otro signo distintivo, pertenecen a AIELO DE MALFERIT, o, en su caso, a las personas o empresas que figuran como autores o titulares de los derechos y que han autorizado a su uso a AIELO DE MALFERIT. El usuario reconoce y acepta que el contenido, datos y toda la informaci\u00f3n pertenecen a AIELO DE MALFERIT o a un tercero que ha autorizado a la empresa a su uso.<\/p>\n\n\n\n<p>Queda prohibida la reproducci\u00f3n o explotaci\u00f3n total o parcial, por cualquier medio, de los contenidos de esta web para usos diferentes de la leg\u00edtima informaci\u00f3n o contrataci\u00f3n por los usuarios de los servicios ofrecidos. En tal sentido, usted no puede copiar, reproducir, recompilar, descompilar, desmontar, distribuir, publicar, mostrar, ejecutar, modificar, volcar, realizar trabajos derivados, transmitir o explotar partes del servicio, exceptuando el volcado del material del servicio y\/o hacer copia para su uso personal no lucrativo, siempre y cuando usted reconozca todos los derechos de autor y Propiedad Industrial. La modificaci\u00f3n del contenido de los servicios representa una violaci\u00f3n a los leg\u00edtimos derechos de terceros o de AIELO DE MALFERIT.<\/p>\n\n\n\n<h2 class=\"wp-block-heading\">Responsabilidades<\/h2>\n\n\n\n<p>AIELO DE MALFERIT declina cualquier responsabilidad respecto a la informaci\u00f3n de esta web procedente de fuentes ajenas o terceros.<\/p>\n\n\n\n<p>AIELO DE MALFERIT no se responsabiliza del mal uso que se realice de los contenidos de su p\u00e1gina web, siendo responsabilidad exclusiva de la persona que accede a ellos o los utiliza. Tampoco asume responsabilidad alguna por la informaci\u00f3n contenida en las p\u00e1ginas web de terceros a las que se pueda acceder a trav\u00e9s de enlaces desde su portal. La presencia de estos enlaces tiene una finalidad informativa, y no constituyen en ning\u00fan caso una invitaci\u00f3n a la contrataci\u00f3n de productos o servicios que se puedan ofrecer en la p\u00e1gina web de destino. AIELO DE MALFERIT no responde ni se hace cargo de ning\u00fan tipo de responsabilidad por los da\u00f1os y perjuicios que puedan relacionarse con el funcionamiento, disponibilidad y continuidad de los sitios enlazados.<\/p>\n\n\n\n<p>Asimismo, tampoco nos hacemos responsables de los posibles errores de seguridad que se pudieran producir por el hecho de utilizar versiones de navegadores no actualizadas, o de las consecuencias que se pudieran derivar del mal funcionamiento del navegador, ya sea por configuraci\u00f3n inadecuada, presencia de virus inform\u00e1ticos o cualquier otra causa ajena a nuestra empresa.<\/p>\n\n\n\n<p>AIELO DE MALFERIT colaborar\u00e1 en lo que haga falta con las autoridades judiciales, si se diera el caso, para frenar los actos ilegales o contrarios a la buena fe contra AIELO DE MALFERIT o cualquier tercero, para identificar a los usuarios que act\u00faen de forma contraria a la norma legal y a esta Pol\u00edtica de Privacidad y Condiciones de Uso.<\/p>\n\n\n\n<h2 class=\"wp-block-heading\">Legislaci\u00f3n y jurisdicci\u00f3n aplicable<\/h2>\n\n\n\n<p>Estas Condiciones Generales se rigen por la ley espa\u00f1ola. Las partes se someten, a su elecci\u00f3n, para la resoluci\u00f3n de los conflictos y con renuncia a cualquier otro fuero, a los juzgados y tribunales del domicilio del usuario.<\/p>\n","protected":false},"excerpt":{"rendered":"<p>Esta p\u00e1gina web es propiedad de AIELO DE MALFERIT. El hecho de acceder a esta p\u00e1gina implica el conocimiento y aceptaci\u00f3n de la pol\u00edtica de privacidad. En cumplimiento del art\u00edculo 10 de la Ley 34\/2002, de 11 de julio, de Servicios de la Sociedad de la [&hellip;]<\/p>\n","protected":false},"author":1,"featured_media":1505,"parent":0,"menu_order":0,"comment_status":"closed","ping_status":"closed","template":"page_f.php","meta":[],"_links":{"self":[{"href":"https:\/\/turismo.aielodemalferit.es\/es\/wp-json\/wp\/v2\/pages\/2453"}],"collection":[{"href":"https:\/\/turismo.aielodemalferit.es\/es\/wp-json\/wp\/v2\/pages"}],"about":[{"href":"https:\/\/turismo.aielodemalferit.es\/es\/wp-json\/wp\/v2\/types\/page"}],"author":[{"embeddable":true,"href":"https:\/\/turismo.aielodemalferit.es\/es\/wp-json\/wp\/v2\/users\/1"}],"replies":[{"embeddable":true,"href":"https:\/\/turismo.aielodemalferit.es\/es\/wp-json\/wp\/v2\/comments?post=2453"}],"version-history":[{"count":7,"href":"https:\/\/turismo.aielodemalferit.es\/es\/wp-json\/wp\/v2\/pages\/2453\/revisions"}],"predecessor-version":[{"id":2467,"href":"https:\/\/turismo.aielodemalferit.es\/es\/wp-json\/wp\/v2\/pages\/2453\/revisions\/2467"}],"wp:featuredmedia":[{"embeddable":true,"href":"https:\/\/turismo.aielodemalferit.es\/es\/wp-json\/wp\/v2\/media\/1505"}],"wp:attachment":[{"href":"https:\/\/turismo.aielodemalferit.es\/es\/wp-json\/wp\/v2\/media?parent=2453"}],"curies":[{"name":"wp","href":"https:\/\/api.w.org\/{rel}","templated":true}]}}