{"id":2125,"date":"2022-07-26T11:11:06","date_gmt":"2022-07-26T11:11:06","guid":{"rendered":"https:\/\/turismo.aielodemalferit.es\/?page_id=2125"},"modified":"2022-09-01T11:19:06","modified_gmt":"2022-09-01T11:19:06","slug":"itinerario-3-reviu","status":"publish","type":"page","link":"https:\/\/turismo.aielodemalferit.es\/es\/itinerario-3-reviu\/","title":{"rendered":"ITINERARIO III. REVIU <span>Proyecto de Creaci\u00f3n\/Dinamizaci\u00f3n Art\u00edstica del barrio del Fondo<\/span>"},"content":{"rendered":"<p>[wpgmza id=\u00bb27&#8243;]<\/p>\n<div id=\"page_content_wrapper\">\n<div class=\"inner\">\n<div class=\"inner_wrapper\">\n<div class=\"sidebar_content full_width\">\n<h2><span class=\"\">ITINERARIO III. ReViu.<br \/>\nProyecto de Creaci\u00f3n\/Dinamizaci\u00f3n Art\u00edstica del barrio del Fondo.<\/span><\/h2>\n<p><em>El Fondo es la parte m\u00e1s antigua de Aielo de Malferit, la que est\u00e1 m\u00e1s cerca del r\u00edo y conserva el entramado de calles irregulares y estrechas de la \u00e9poca morisca. Las encaladas casas del pasado, de poca altura y reducidas dimensiones, junto a los corrales, se edificaron siguiendo el desnivel del terreno por lo que, son evitablemente calles empinadas. Las casas que miraban a r\u00edo formaban el cercado defensivo y muralla con una puerta de entrada, el arco o portal del Carmen.<\/em><\/p>\n<p><em>En tiempos de los moriscos y posteriores, cuando en 1609 fueron expulsados y el pueblo fue repoblado por los viejos cristianos, el Fondo era el n\u00facleo m\u00e1s importante del pueblo, centro de vida social y comercial. Poco a poco a lo largo de los siglos la localidad fue creciendo con nuevas calles, nuevas edificaciones\u2026y el barrio del Fondo dej\u00f3 de tener la actividad y la vida de los or\u00edgenes.<\/em><\/p>\n<p><em>Actualmente hay pocos vecinos, y los que hay, luchan por mantener vivas unas calles que tiene el honor de tener a la Virgen del Carmen cerca. Las casas ya no son blancas como las del pasado, ahora hay variedad crom\u00e1tica y desgraciadamente muchas est\u00e1n vac\u00edas y abandonadas. Y ver tanta casa a punto de caer, da pesadumbre.<\/em><\/p>\n<p><em>En 2022, que Aielo ostenta la capitalidad cultural valenciana, inicia un proyecto que tiene como finalidad embellecer algunos rincones del barrio decor\u00e1ndolo con arte perenne, o al menos duradero. Es una manera de animar a que los propios aieloners bajen al Fondo a pasear y que los forasteros que nos visitan lo conozcan. Y como una cosa conlleva la otra, si continuamente tiene visitas todos procuraremos mantenerlo limpio y bonito con los jardines verdes y floridos.<\/em><\/p>\n<p><em>El proyecto ReViu, creaci\u00f3n\/dinamizaci\u00f3n art\u00edstica del barrio del Fondo, ha creado la ruta TURISART, turismo y arte, con el \u00e1nimo de continuidad: cada a\u00f1o ir\u00e1n haci\u00e9ndose nuevas manifestaciones decorativas perennes, unos a\u00f1os ser\u00e1n en unos rincones y calles y otros a\u00f1os se har\u00e1n en otros.<\/em><\/p>\n<p><em>*La ruta fue inaugurada el d\u00eda 11-6-2022 en una actividad llamada PALABRAS Y COLOR EN EL BARRIO DEL FONDO EN TIEMPO DE CARLOS SALVADOR, en la que miembros de RENADIU, escritores y escritoras de la Vall d\u2019Albaida, que pusieron las \u201cpalabras\u201d, junto a los y las artistas locales que pusieron el \u201ccolor\u201d, siguieron el itinerario haciendo paradas, explicando la obra creada unos y leyendo textos propios otros.<\/em><\/p>\n<p><em>La autora del cartel es Amparo Sanz. Con la intenci\u00f3n de captar la curiosidad de la gente para que visite el barrio, Amparo, en primer lugar, ha querido utilizar la foto del Portal del Carmen como s\u00edmbolo del Fondo, que es el protagonista de la actividad. Tambi\u00e9n da visibilidad a los participantes en la inauguraci\u00f3n poniendo el nombre de cada uno. El color que unifica el cartel, ha sido escogido con la intenci\u00f3n de mostrar el deseo de un barrio vivo y en funcionamiento, porque las tonalidades c\u00e1lidas rojizas son como las de un coraz\u00f3n latiendo, son colores que te acogen, como siempre se ha hecho entre el vecindario de un barrio de pueblo.<\/em><\/p>\n<p><img decoding=\"async\" loading=\"lazy\" class=\"aligncenter size-full wp-image-2281\" src=\"https:\/\/turismo.aielodemalferit.es\/wp-content\/uploads\/2022\/08\/collage.jpg\" alt=\"Proyecto ReViu\" width=\"962\" height=\"384\" srcset=\"https:\/\/turismo.aielodemalferit.es\/wp-content\/uploads\/2022\/08\/collage.jpg 962w, https:\/\/turismo.aielodemalferit.es\/wp-content\/uploads\/2022\/08\/collage-300x120.jpg 300w, https:\/\/turismo.aielodemalferit.es\/wp-content\/uploads\/2022\/08\/collage-768x307.jpg 768w, https:\/\/turismo.aielodemalferit.es\/wp-content\/uploads\/2022\/08\/collage-960x383.jpg 960w, https:\/\/turismo.aielodemalferit.es\/wp-content\/uploads\/2022\/08\/collage-440x176.jpg 440w\" sizes=\"(max-width: 962px) 100vw, 962px\" \/><\/p>\n<p><strong>Coordinaci\u00f3n del proyecto y textos: <\/strong>Maril\u00f3 Sanz Mora<br \/>\n<span class=\"\"><strong>Dise\u00f1o del cartel:<\/strong> Amparo Sanz Vicent.<\/span><\/p>\n<\/div>\n<\/div>\n<\/div>\n<\/div>\n","protected":false},"excerpt":{"rendered":"<p>[wpgmza id=\u00bb27&#8243;] ITINERARIO III. ReViu. Proyecto de Creaci\u00f3n\/Dinamizaci\u00f3n Art\u00edstica del barrio del Fondo. El Fondo es la parte m\u00e1s antigua de Aielo de Malferit, la que est\u00e1 m\u00e1s cerca del r\u00edo y conserva el entramado de calles irregulares y estrechas de la \u00e9poca morisca. Las encaladas [&hellip;]<\/p>\n","protected":false},"author":1,"featured_media":41,"parent":0,"menu_order":0,"comment_status":"closed","ping_status":"closed","template":"tour-grid-fullwidth-Galeria.php","meta":[],"_links":{"self":[{"href":"https:\/\/turismo.aielodemalferit.es\/es\/wp-json\/wp\/v2\/pages\/2125"}],"collection":[{"href":"https:\/\/turismo.aielodemalferit.es\/es\/wp-json\/wp\/v2\/pages"}],"about":[{"href":"https:\/\/turismo.aielodemalferit.es\/es\/wp-json\/wp\/v2\/types\/page"}],"author":[{"embeddable":true,"href":"https:\/\/turismo.aielodemalferit.es\/es\/wp-json\/wp\/v2\/users\/1"}],"replies":[{"embeddable":true,"href":"https:\/\/turismo.aielodemalferit.es\/es\/wp-json\/wp\/v2\/comments?post=2125"}],"version-history":[{"count":9,"href":"https:\/\/turismo.aielodemalferit.es\/es\/wp-json\/wp\/v2\/pages\/2125\/revisions"}],"predecessor-version":[{"id":2378,"href":"https:\/\/turismo.aielodemalferit.es\/es\/wp-json\/wp\/v2\/pages\/2125\/revisions\/2378"}],"wp:featuredmedia":[{"embeddable":true,"href":"https:\/\/turismo.aielodemalferit.es\/es\/wp-json\/wp\/v2\/media\/41"}],"wp:attachment":[{"href":"https:\/\/turismo.aielodemalferit.es\/es\/wp-json\/wp\/v2\/media?parent=2125"}],"curies":[{"name":"wp","href":"https:\/\/api.w.org\/{rel}","templated":true}]}}