{"id":1068,"date":"2015-10-29T18:10:43","date_gmt":"2015-10-29T18:10:43","guid":{"rendered":"http:\/\/turismo.aielodemalferit.es\/en\/marquesado-de-malferit\/"},"modified":"2016-10-28T09:08:25","modified_gmt":"2016-10-28T09:08:25","slug":"marquisate-of-malferit","status":"publish","type":"page","link":"https:\/\/turismo.aielodemalferit.es\/en\/marquisate-of-malferit\/","title":{"rendered":"The Marquisate of Malferit"},"content":{"rendered":"<div class=\"one_third\">\n<p>After his services to the Crown, King Alfonso III of Valencia (V of Aragon) gave to Jaime de Malferit the total barony on the dominion of Aielo and all his vassals in 1435.<\/p>\n<p>However, places of Aielo and Cairent belonged to the family Malferit \u201cFor so long that the memory of men is not against it\u201d (Archive of the Kingdom of Valencia. Royal S. G. Section 496, pages. 369-70). <\/p><\/div>\n<div class=\"one_third\"><img decoding=\"async\" loading=\"lazy\" class=\"aligncenter wp-image-770 size-full\" src=\"https:\/\/turismo.aielodemalferit.es\/wp-content\/uploads\/2015\/10\/marquesado-malferit-01-pueblo.jpg\" alt=\"El Marquesado de Malferit\" width=\"326\" height=\"432\" srcset=\"https:\/\/turismo.aielodemalferit.es\/wp-content\/uploads\/2015\/10\/marquesado-malferit-01-pueblo.jpg 326w, https:\/\/turismo.aielodemalferit.es\/wp-content\/uploads\/2015\/10\/marquesado-malferit-01-pueblo-226x300.jpg 226w\" sizes=\"(max-width: 326px) 100vw, 326px\" \/><\/div>\n<div class=\"one_third last\">\n<p>What seems to indicate that such Lordship of Malferit on the PLACE of Aielo, with its attributes of PURE AND MIXED EMPIRE, was very old and that the privilege of Alfonso V the Magnanimous, was nothing more than a confirmation of a pre-existing right.<\/p>\n<p>This seems to also indicate the phrase contained in that Privilege (1445), which reads: &#8220;In your place of Ayelo\u201d<\/p><\/div>\n<hr class=\"clearmargin\"\/>\n<div class=\"one_third\">\n<p>The construction of this castle-palace marks the beginning of a relationship of centuries of family Malferit with the village that was reflected in its name: Aielo de Malferit.<\/p>\n<p>The initiative of this family, its Renaissance ideas, and to the contribution of a new urban concept, is due to the consolidation as a &#8220;village&#8221; of what, until almost its arrival, was a simple\u00a0\u201calquer\u00eda\u201d (&#8220;hamlet&#8221;).<\/p>\n<\/div>\n<div class=\"one_third\"><img decoding=\"async\" loading=\"lazy\" class=\"aligncenter wp-image-774 size-full\" src=\"https:\/\/turismo.aielodemalferit.es\/wp-content\/uploads\/2015\/10\/marquesado-malferit-02-palacio.jpg\" alt=\"El Marquesado de Malferit\" width=\"326\" height=\"432\" srcset=\"https:\/\/turismo.aielodemalferit.es\/wp-content\/uploads\/2015\/10\/marquesado-malferit-02-palacio.jpg 326w, https:\/\/turismo.aielodemalferit.es\/wp-content\/uploads\/2015\/10\/marquesado-malferit-02-palacio-226x300.jpg 226w\" sizes=\"(max-width: 326px) 100vw, 326px\" \/><\/div>\n<div class=\"one_third last\">\n<p>Under their lordship the agricultural revolution occurred which would greatly change Aielo as a result of the improvement and expansion of the irrigation system with ditches and mills.<\/p>\n<p>They also participated in the creation of new industries, heritage conservation and renewal of that existing.<\/p>\n<\/div>\n<p><hr class=\"clear\"\/><hr class=\"dotted\"\/><\/p>\n<div class=\"one_third\">\n<p>On December 9, 1690, Carlos II named Jacinto Roca and Ferrer Marquess of Malferit, married to Fausta de Malferit, who held the dominions of Aielo and Cairent.<\/p>\n<p>Marquisate created and granted &#8220;For the repeated services in peace and war provided by both families had their luster and splendor from the conquest of that kingdom&#8221;<\/p>\n<p>On July 7, 1802 Carlos IV granted the dignity of &#8220;Great of Spain&#8221; to Salvador Roca Pertusa Malferit y Mil\u00e1n de Arag\u00f3n to to incorporate it in annexed and inseparable way to the Marquisate of Malferit.<\/p><\/div>\n<div class=\"one_third\"><img decoding=\"async\" loading=\"lazy\" class=\"aligncenter wp-image-771 size-full\" src=\"https:\/\/turismo.aielodemalferit.es\/wp-content\/uploads\/2015\/10\/marquesado-malferit-03-joaquin-roca-pertusa.jpg\" alt=\"El Marquesado de Malferit\" width=\"326\" height=\"432\" srcset=\"https:\/\/turismo.aielodemalferit.es\/wp-content\/uploads\/2015\/10\/marquesado-malferit-03-joaquin-roca-pertusa.jpg 326w, https:\/\/turismo.aielodemalferit.es\/wp-content\/uploads\/2015\/10\/marquesado-malferit-03-joaquin-roca-pertusa-226x300.jpg 226w\" sizes=\"(max-width: 326px) 100vw, 326px\" \/><\/div>\n<div class=\"one_third last\">\n<p><span style=\"color: #800000;\"><em>Joaqu\u00edn Roca-Pertusa, eldest son of Salvador Roca Pertusa Malferit y Mil\u00e1n of\u00a0Arag\u00f3n and\u00a0Rafaela de Castellv\u00ed and\u00a0Ferrer de Pr\u00f3xita, Count de Bu\u00f1ol<br \/>\nOrigin: Funds of the House of Malferit<\/em><\/span><\/p>\n<\/div>\n<p><hr class=\"clear\"\/><hr class=\"dotted\"\/><\/p>\n<h2>What does it mean being &#8220;Great of Spain&#8221;?<\/h2>\n<div class=\"two_third\">\n<p>\u201cGreat of Spain\u201d is the highest dignity of the Spanish nobility in the aristocratic hierarchy, immediately after the that of infant iwhich is reserved for the sons and daughters of the kings of Spain.<\/p>\n<p>Its origin lies in the ancient monarchies Visigoth, but it will be during the reign of Charles I of Spain (1500-1558) when it is regulated and established as the &#8220;Grandes de Castilla&#8221;. The reason is simply to equate the important and ancient Spainish titles with the German princes who came accompanying the Emperor Carlos I of Spain and V of Germany. The dignity of Great of Spain is comparable to that of Prince in the rest of Europe and to the Lord in England.<\/p>\n<p>From 1812 the name would change for that which remains today of &#8220;Great of Spain&#8221;. The title is awarded by the King or Queen in recognition of great achievements and services to Spain.<\/p>\n<p>The &#8220;Great of Spain&#8221; enjoyed privileges that, over the years, have fallen into disuse: remaining covered before the king, sitting in his presence, going to war with at least the category of heads, having free entry into the palace up to the portrait gallery&#8230;<\/p>\n<p>&nbsp;<\/p>\n<\/div>\n<div class=\"one_third last\">\n<p><img decoding=\"async\" loading=\"lazy\" class=\"aligncenter wp-image-772 size-full\" src=\"https:\/\/turismo.aielodemalferit.es\/wp-content\/uploads\/2015\/10\/marquesado-malferit-05-llave-palacio.jpg\" alt=\"El Marquesado de Malferit\" width=\"326\" height=\"432\" srcset=\"https:\/\/turismo.aielodemalferit.es\/wp-content\/uploads\/2015\/10\/marquesado-malferit-05-llave-palacio.jpg 326w, https:\/\/turismo.aielodemalferit.es\/wp-content\/uploads\/2015\/10\/marquesado-malferit-05-llave-palacio-226x300.jpg 226w\" sizes=\"(max-width: 326px) 100vw, 326px\" \/><\/div>\n<p><hr class=\"clear\"\/><hr class=\"dotted\"\/><\/p>\n<h2>CHRONOLOGY<\/h2>\n<div class=\"one_third\">\n<h4>1690-1710<\/h4>\n<p>I Marchioness of Malferit Fausta de Malferit and\u00a0Olzina + Jacinto Roca and\u00a0Ferrer<\/p>\n<h4>1710-1723<\/h4>\n<p>II Marquess of Malferit Ceferino Roca and Malferit + Mariana Ortiz and Cebri\u00e1n<br \/>\nWithout succession<\/p>\n<\/div>\n<div class=\"one_third\">\n<h4>1723-1742<\/h4>\n<p>III Marquess of Malferit Francisco Roca and Malferit + Isabel Llansol and\u00a0Cavanilles<\/p>\n<h4>1742-1760<\/h4>\n<p>IV Marquess of Malferit Carlos Roca and\u00a0Malferit + Mariana Pertusa and\u00a0Mil\u00e1n de Arag\u00f3n<\/p>\n<\/div>\n<div class=\"one_third last\">\n<h4>1760-1820<\/h4>\n<p>V Marquess of Malferit Salvador Roca Pertusa Malferit and\u00a0Mil\u00e1n de Arag\u00f3n + Rafaela de Castellv\u00ed and\u00a0Ferrer de Pr\u00f3xita<\/p>\n<h4>1820-1834<\/h4>\n<p>VI Marchioness of Malferit Mar\u00eda Ignacia Roca and\u00a0Castellv\u00ed + Jos\u00e9 Mercader and\u00a0Onofrio (XIV Baron of Cheste al Campo and X of Montichelvo)<\/p>\n<\/div>\n<hr class=\"clearmargin\"\/>\n<div class=\"one_third\">\n<p><img decoding=\"async\" loading=\"lazy\" class=\"aligncenter wp-image-775 size-full\" src=\"https:\/\/turismo.aielodemalferit.es\/wp-content\/uploads\/2015\/10\/marquesado-malferit-06-escudo.jpg\" alt=\"El Marquesado de Malferit\" width=\"326\" height=\"432\" srcset=\"https:\/\/turismo.aielodemalferit.es\/wp-content\/uploads\/2015\/10\/marquesado-malferit-06-escudo.jpg 326w, https:\/\/turismo.aielodemalferit.es\/wp-content\/uploads\/2015\/10\/marquesado-malferit-06-escudo-226x300.jpg 226w\" sizes=\"(max-width: 326px) 100vw, 326px\" \/><\/p>\n<p><span style=\"color: #800000;\"><em>On the coat of arms of Carlos Roca and\u00a0Malferit the crown and the ermine cloak around it. Both are symbols of exclusive use of Kings and Great of Spain. Also in the top left part is one of the coats of arms of the surname Malferit, represented by a gentleman on green background, bearing the coat of arms of the House of Malferit.<\/em><\/span><\/p>\n<\/div>\n<div class=\"one_third\">\n<p><img decoding=\"async\" loading=\"lazy\" class=\"aligncenter wp-image-769 size-full\" src=\"https:\/\/turismo.aielodemalferit.es\/wp-content\/uploads\/2015\/10\/marquesado-malferit-07-carlos-roca.jpg\" alt=\"El Marquesado de Malferit\" width=\"326\" height=\"432\" srcset=\"https:\/\/turismo.aielodemalferit.es\/wp-content\/uploads\/2015\/10\/marquesado-malferit-07-carlos-roca.jpg 326w, https:\/\/turismo.aielodemalferit.es\/wp-content\/uploads\/2015\/10\/marquesado-malferit-07-carlos-roca-226x300.jpg 226w\" sizes=\"(max-width: 326px) 100vw, 326px\" \/><\/p>\n<p><span style=\"color: #800000;\"><em>Portrait of Carlos Roca and\u00a0Malferit, IV Marquess of Malferit<\/em><\/span><br \/>\n<span style=\"color: #800000;\"><em>Origin: Funds of the House of Malferit<\/em><\/span><\/p>\n<\/div>\n<div class=\"one_third last\">\n<p><img decoding=\"async\" loading=\"lazy\" class=\"aligncenter wp-image-768 size-full\" src=\"https:\/\/turismo.aielodemalferit.es\/wp-content\/uploads\/2015\/10\/marquesado-malferit-08-maria-ignacia-roca.jpg\" alt=\"El Marquesado de Malferit\" width=\"326\" height=\"432\" srcset=\"https:\/\/turismo.aielodemalferit.es\/wp-content\/uploads\/2015\/10\/marquesado-malferit-08-maria-ignacia-roca.jpg 326w, https:\/\/turismo.aielodemalferit.es\/wp-content\/uploads\/2015\/10\/marquesado-malferit-08-maria-ignacia-roca-226x300.jpg 226w\" sizes=\"(max-width: 326px) 100vw, 326px\" \/><\/p>\n<p><span style=\"color: #800000;\"><em>Mar\u00eda Ignacia Roca and\u00a0Castellv\u00ed, VI Marchioness of Malferit<\/em><\/span><br \/>\n<span style=\"color: #800000;\"><em>Origin: Funds of the House of Malferit<\/em><\/span><\/p>\n<\/div>\n<p><hr class=\"clear\"\/><hr class=\"dotted\"\/><\/p>\n<div class=\"one_third\">\n<h4>1834-1867<\/h4>\n<p>VII Marquess of Malferit Pascual Mercader and\u00a0Roca + Dolores Tudela and\u00a0Gallinas (VII Marquess of Malferit, Great of Spain, XII Count de Bu\u00f1ol, XV Baron of Cheste al Campo, XI Baron of Montichelvo, Baron of Alc\u00e1cer and\u00a0Cayrent and\u00a0of Siete Aguas. Lord of Aielo de Malferit, Alborache, Alcolecha, Arrubal, Benigallim, Beniaf\u00e9, Benifer, Granja de Pozalet, Herragudo, Y\u00e1tova, Macastre, Miquirent, Rafalet, Sartaguda, Santa Olalla and Urrea).\n<\/p><\/div>\n<div class=\"one_third\">\n<h4>1868-1934<\/h4>\n<p>VIII Marquess of Malferit Antonio Mercader and\u00a0Tudela + Mar\u00eda Dolores Vallier and\u00a0Garc\u00eda-Aless\u00f3n\n<\/p><\/div>\n<div class=\"one_third last\">\n<h4>1934-1966<\/h4>\n<p>IX Marquess of Malferit Pascual Mercader and\u00a0Vallier + Mar\u00eda Luisa S\u00e1nchez-Domenech and\u00a0Baux<\/p>\n<\/div>\n<hr class=\"clearmargin\"\/>\n<div class=\"one_third\">\n<p><img decoding=\"async\" loading=\"lazy\" class=\"aligncenter wp-image-767 size-full\" src=\"https:\/\/turismo.aielodemalferit.es\/wp-content\/uploads\/2015\/10\/marquesado-malferit-09-pascual-mercader.jpg\" alt=\"El Marquesado de Malferit\" width=\"326\" height=\"432\" srcset=\"https:\/\/turismo.aielodemalferit.es\/wp-content\/uploads\/2015\/10\/marquesado-malferit-09-pascual-mercader.jpg 326w, https:\/\/turismo.aielodemalferit.es\/wp-content\/uploads\/2015\/10\/marquesado-malferit-09-pascual-mercader-226x300.jpg 226w\" sizes=\"(max-width: 326px) 100vw, 326px\" \/><\/p>\n<p><span style=\"color: #800000;\"><em>Pascual Mercader and\u00a0Roca,\u00a0VII Marquess of Malferit<\/em><\/span><br \/>\n<span style=\"color: #800000;\"><em>Origin: Funds of the House of Malferit<\/em><\/span><\/p>\n<\/div>\n<div class=\"one_third\">\n<p><img decoding=\"async\" loading=\"lazy\" class=\"aligncenter wp-image-766 size-full\" src=\"https:\/\/turismo.aielodemalferit.es\/wp-content\/uploads\/2015\/10\/marquesado-malferit-10-antonio-mercader.jpg\" alt=\"El Marquesado de Malferit\" width=\"326\" height=\"432\" srcset=\"https:\/\/turismo.aielodemalferit.es\/wp-content\/uploads\/2015\/10\/marquesado-malferit-10-antonio-mercader.jpg 326w, https:\/\/turismo.aielodemalferit.es\/wp-content\/uploads\/2015\/10\/marquesado-malferit-10-antonio-mercader-226x300.jpg 226w\" sizes=\"(max-width: 326px) 100vw, 326px\" \/><\/p>\n<p><span style=\"color: #800000;\"><em>Antonio Mercader and\u00a0Tudela, VIII Marquess of Malferit<\/em><\/span><br \/>\n<span style=\"color: #800000;\"><em>Origin: Funds of the House of Malferit<\/em><\/span><\/p>\n<\/div>\n<div class=\"one_third last\">\n<p><img decoding=\"async\" loading=\"lazy\" class=\"aligncenter wp-image-765 size-full\" src=\"https:\/\/turismo.aielodemalferit.es\/wp-content\/uploads\/2015\/10\/marquesado-malferit-11-pascual-mercader-valier.jpg\" alt=\"El Marquesado de Malferit\" width=\"326\" height=\"432\" srcset=\"https:\/\/turismo.aielodemalferit.es\/wp-content\/uploads\/2015\/10\/marquesado-malferit-11-pascual-mercader-valier.jpg 326w, https:\/\/turismo.aielodemalferit.es\/wp-content\/uploads\/2015\/10\/marquesado-malferit-11-pascual-mercader-valier-226x300.jpg 226w\" sizes=\"(max-width: 326px) 100vw, 326px\" \/><\/p>\n<p><span style=\"color: #800000;\"><em>Pascual Mercader and\u00a0Vallier, IX Marquess of Malferit, Great of Spain, Marquess of la Vega de Valencia and Marquess of Mercader, in the uniform of Cavalry Captain.<br \/>\nOrigin: Funds of the House of Malferit<\/em><\/span><\/p>\n<\/div>\n<p><hr class=\"clear\"\/><hr class=\"dotted\"\/><\/p>\n<div class=\"one_third\">\n<h4>1966-1997<\/h4>\n<p>X Marchioness of Malferit Mar\u00eda Luisa Mercader and\u00a0S\u00e1nchez-Domenech + Rafael Garrigues and\u00a0Tr\u00e9nor<\/p><\/div>\n<div class=\"one_third\">\n<h4>1998-2013<\/h4>\n<p>XI Marquess of Malferit Rafael Garrigues and\u00a0Mercader<\/p><\/div>\n<div class=\"one_third last\">\n<h4>2014-today<\/h4>\n<p>XII Marchioness of Malferit Marta Garrigues and\u00a0Mercader + Severiano Goig Escudero<\/p>\n<\/div>\n<hr class=\"clearmargin\"\/>\n<div class=\"one_third\">\n<p><img decoding=\"async\" loading=\"lazy\" class=\"aligncenter wp-image-764 size-full\" src=\"https:\/\/turismo.aielodemalferit.es\/wp-content\/uploads\/2015\/10\/marquesado-malferit-12-maria-luisa-mercader.jpg\" alt=\"El Marquesado de Malferit\" width=\"326\" height=\"432\" srcset=\"https:\/\/turismo.aielodemalferit.es\/wp-content\/uploads\/2015\/10\/marquesado-malferit-12-maria-luisa-mercader.jpg 326w, https:\/\/turismo.aielodemalferit.es\/wp-content\/uploads\/2015\/10\/marquesado-malferit-12-maria-luisa-mercader-226x300.jpg 226w\" sizes=\"(max-width: 326px) 100vw, 326px\" \/><\/p>\n<p><span style=\"color: #800000;\"><em>Portrait of Mar\u00eda Luisa Mercader and S\u00e1nchez-Domenech, X Marchioness of Malferit, Great of Spain, VI Marchioness of la Vega de Valencia, illustrating the front cover of the magazine SEMANA from March 1951<\/em><\/span><br \/>\n<span style=\"color: #800000;\"><em>Origin: Funds of the House of Malferit<\/em><\/span><\/p>\n<\/div>\n<div class=\"one_third\">\n<p><img decoding=\"async\" loading=\"lazy\" class=\"aligncenter wp-image-763 size-full\" src=\"https:\/\/turismo.aielodemalferit.es\/wp-content\/uploads\/2015\/10\/marquesado-malferit-13-rafael-garrigues.jpg\" alt=\"El Marquesado de Malferit\" width=\"326\" height=\"432\" srcset=\"https:\/\/turismo.aielodemalferit.es\/wp-content\/uploads\/2015\/10\/marquesado-malferit-13-rafael-garrigues.jpg 326w, https:\/\/turismo.aielodemalferit.es\/wp-content\/uploads\/2015\/10\/marquesado-malferit-13-rafael-garrigues-226x300.jpg 226w\" sizes=\"(max-width: 326px) 100vw, 326px\" \/><\/p>\n<p><em><span style=\"color: #800000;\">Rafael Garrigues and Mercader Tr\u00e9nor and S\u00e1nchez-Domenech, XI Marquess of Malferit, Great of Spain, VII Marquess of la Vega de Valencia, XIX Baron of Cheste al Campo and XV Baron of Montichelvo.<\/span><\/em><br \/>\n<em><span style=\"color: #800000;\">Origin: Funds of the House of Malferit<\/span><\/em><\/p>\n<\/div>\n<div class=\"one_third last\">\n<p><img decoding=\"async\" loading=\"lazy\" class=\"aligncenter wp-image-797 size-full\" src=\"https:\/\/turismo.aielodemalferit.es\/wp-content\/uploads\/2015\/10\/marquesado-malferit-14-marta-garrigues.jpg\" alt=\"marquesado-malferit-14-marta-garrigues\" width=\"326\" height=\"432\" srcset=\"https:\/\/turismo.aielodemalferit.es\/wp-content\/uploads\/2015\/10\/marquesado-malferit-14-marta-garrigues.jpg 326w, https:\/\/turismo.aielodemalferit.es\/wp-content\/uploads\/2015\/10\/marquesado-malferit-14-marta-garrigues-226x300.jpg 226w\" sizes=\"(max-width: 326px) 100vw, 326px\" \/><\/p>\n<p><span style=\"color: #800000;\"><em>Portrait of Marta Garrigues and Mercader Tr\u00e9nor and S\u00e1nchez-Domenech, XII Marchioness of Malferit, Great of Spain, VIII Marchioness of la Vega de Valencia, done by Luis Massoni in 1984<\/em><\/span><br \/>\n<span style=\"color: #800000;\"><em>Origin: Funds of the House of Malferit<\/em><\/span><\/p>\n<\/div>\n","protected":false},"excerpt":{"rendered":"<p>What does it mean being &#8220;Great of Spain&#8221;? CHRONOLOGY<\/p>\n","protected":false},"author":1,"featured_media":759,"parent":0,"menu_order":0,"comment_status":"closed","ping_status":"closed","template":"page_f.php","meta":[],"_links":{"self":[{"href":"https:\/\/turismo.aielodemalferit.es\/en\/wp-json\/wp\/v2\/pages\/1068"}],"collection":[{"href":"https:\/\/turismo.aielodemalferit.es\/en\/wp-json\/wp\/v2\/pages"}],"about":[{"href":"https:\/\/turismo.aielodemalferit.es\/en\/wp-json\/wp\/v2\/types\/page"}],"author":[{"embeddable":true,"href":"https:\/\/turismo.aielodemalferit.es\/en\/wp-json\/wp\/v2\/users\/1"}],"replies":[{"embeddable":true,"href":"https:\/\/turismo.aielodemalferit.es\/en\/wp-json\/wp\/v2\/comments?post=1068"}],"version-history":[{"count":9,"href":"https:\/\/turismo.aielodemalferit.es\/en\/wp-json\/wp\/v2\/pages\/1068\/revisions"}],"predecessor-version":[{"id":1485,"href":"https:\/\/turismo.aielodemalferit.es\/en\/wp-json\/wp\/v2\/pages\/1068\/revisions\/1485"}],"wp:featuredmedia":[{"embeddable":true,"href":"https:\/\/turismo.aielodemalferit.es\/en\/wp-json\/wp\/v2\/media\/759"}],"wp:attachment":[{"href":"https:\/\/turismo.aielodemalferit.es\/en\/wp-json\/wp\/v2\/media?parent=1068"}],"curies":[{"name":"wp","href":"https:\/\/api.w.org\/{rel}","templated":true}]}}